{"id":13,"date":"2019-06-20T17:08:09","date_gmt":"2019-06-20T15:08:09","guid":{"rendered":"http:\/\/www.pringueycessac-charlotte.com\/site\/?page_id=13"},"modified":"2025-04-28T20:17:05","modified_gmt":"2025-04-28T18:17:05","slug":"contact","status":"publish","type":"page","link":"http:\/\/www.pringueycessac-charlotte.com\/site\/contact\/","title":{"rendered":"Contact"},"content":{"rendered":"\n<p><\/p>\n\n\n\n<p><\/p>\n\n\n\n<p><strong>Charlotte Pringuey Cessac<\/strong><br><a aria-label=\"cpringueycessac@gmail.com (s\u2019ouvre dans un nouvel onglet)\" href=\"cpringueycessac@gmail.com\\&quot;\" target=\"_blank\" rel=\"noreferrer noopener\">cpringueycessac@gmail.com<\/a><br>Tel. +33 (0) 6 79 94 54 38<br><\/p>\n\n\n\n<p><strong>\u00a9 Charlotte Pringuey Cessac. Tous droits r\u00e9serv\u00e9s. <\/strong><br><\/p>\n\n\n\n<hr class=\"wp-block-separator\"\/>\n\n\n\n<p><strong>Liens<\/strong><\/p>\n\n\n\n<div class=\"wp-container-1 wp-block-group\"><div class=\"wp-block-group__inner-container\">\n<p>\u2022 <a aria-label=\" (s\u2019ouvre dans un nouvel onglet)\" href=\"https:\/\/eva-vautier.com\/art\/charlotte-pringuey-cessac\/\" target=\"_blank\" rel=\"noreferrer noopener\">Galerie EVA Vautier<\/a><br>\u2022 <a aria-label=\" (s\u2019ouvre dans un nouvel onglet)\" href=\"http:\/\/www.simonesimon.com\" target=\"_blank\" rel=\"noreferrer noopener\">Simone Simon<\/a><br>\u2022 <a aria-label=\" (s\u2019ouvre dans un nouvel onglet)\" href=\"http:\/\/ventdesforets.com\/oeuvre\/charlotte-pringuey-cessac\" target=\"_blank\" rel=\"noreferrer noopener\">Vent des For\u00eats<\/a><br>\u2022 <a href=\"https:\/\/fracsud.org\/Projet-nomade-le-jeu-de-cartes-de-voyage-Artiste-invitee-Charlotte-Pringuey\" target=\"_blank\" rel=\"noreferrer noopener\">Frac Sud<\/a><br>\u2022 <a href=\"https:\/\/bienvenuelahaut.fr\/index.php\/2023\/01\/26\/charlotte-pringuey-cessac-du-bout-des-doigts\/\" target=\"_blank\" rel=\"noreferrer noopener\">Queyras, Du bout des doigts<\/a><br> \u2022 <a href=\"https:\/\/ciac.ville-carros.fr\/index.php\/expositions\/exposition-actuelle\">CIAC<\/a><\/p>\n<\/div><\/div>\n","protected":false},"excerpt":{"rendered":"<p>Charlotte Pringuey Cessaccpringueycessac@gmail.comTel. +33 (0) 6 79 94 54 38&#8230;<\/p>\n","protected":false},"author":1,"featured_media":0,"parent":0,"menu_order":0,"comment_status":"closed","ping_status":"closed","template":"","meta":{"ngg_post_thumbnail":0},"yoast_head":"<!-- This site is optimized with the Yoast SEO plugin v18.8 - https:\/\/yoast.com\/wordpress\/plugins\/seo\/ -->\n<title>Contact - Charlotte PRINGUEY CESSAC<\/title>\n<meta name=\"description\" content=\"Pour contacter l&#039;artiste Charlotte Pringuey Cessac par mail, t\u00e9l\u00e9phone. Liens externes vers galerie, lieux, r\u00e9sidences d&#039;artistes...\" \/>\n<meta name=\"robots\" content=\"index, follow, max-snippet:-1, max-image-preview:large, max-video-preview:-1\" \/>\n<link rel=\"canonical\" href=\"http:\/\/www.pringueycessac-charlotte.com\/site\/contact\/\" \/>\n<meta property=\"og:locale\" content=\"fr_FR\" \/>\n<meta property=\"og:type\" content=\"article\" \/>\n<meta property=\"og:title\" content=\"Contact - Charlotte PRINGUEY CESSAC\" \/>\n<meta property=\"og:description\" content=\"Pour contacter l&#039;artiste Charlotte Pringuey Cessac par mail, t\u00e9l\u00e9phone. Liens externes vers galerie, lieux, r\u00e9sidences d&#039;artistes...\" \/>\n<meta property=\"og:url\" content=\"http:\/\/www.pringueycessac-charlotte.com\/site\/contact\/\" \/>\n<meta property=\"og:site_name\" content=\"Charlotte PRINGUEY CESSAC\" \/>\n<meta property=\"article:modified_time\" content=\"2025-04-28T18:17:05+00:00\" \/>\n<meta name=\"twitter:card\" content=\"summary_large_image\" \/>\n<meta name=\"twitter:label1\" content=\"Dur\u00e9e de lecture estim\u00e9e\" \/>\n\t<meta name=\"twitter:data1\" content=\"1 minute\" \/>\n<script type=\"application\/ld+json\" class=\"yoast-schema-graph\">{\"@context\":\"https:\/\/schema.org\",\"@graph\":[{\"@type\":[\"Person\",\"Organization\"],\"@id\":\"http:\/\/www.pringueycessac-charlotte.com\/site\/#\/schema\/person\/80712bc6db2643df3376809312d54ef6\",\"name\":\"Charlotte Pringuey-Cessac\",\"image\":{\"@type\":\"ImageObject\",\"inLanguage\":\"fr-FR\",\"@id\":\"http:\/\/www.pringueycessac-charlotte.com\/site\/#\/schema\/person\/image\/\",\"url\":\"http:\/\/0.gravatar.com\/avatar\/f9425e6f5e44c33da515b06f92bf6ac3?s=96&d=mm&r=g\",\"contentUrl\":\"http:\/\/0.gravatar.com\/avatar\/f9425e6f5e44c33da515b06f92bf6ac3?s=96&d=mm&r=g\",\"caption\":\"Charlotte Pringuey-Cessac\"},\"logo\":{\"@id\":\"http:\/\/www.pringueycessac-charlotte.com\/site\/#\/schema\/person\/image\/\"}},{\"@type\":\"WebSite\",\"@id\":\"http:\/\/www.pringueycessac-charlotte.com\/site\/#website\",\"url\":\"http:\/\/www.pringueycessac-charlotte.com\/site\/\",\"name\":\"Charlotte PRINGUEY-CESSAC\",\"description\":\"\",\"publisher\":{\"@id\":\"http:\/\/www.pringueycessac-charlotte.com\/site\/#\/schema\/person\/80712bc6db2643df3376809312d54ef6\"},\"potentialAction\":[{\"@type\":\"SearchAction\",\"target\":{\"@type\":\"EntryPoint\",\"urlTemplate\":\"http:\/\/www.pringueycessac-charlotte.com\/site\/?s={search_term_string}\"},\"query-input\":\"required name=search_term_string\"}],\"inLanguage\":\"fr-FR\"},{\"@type\":\"WebPage\",\"@id\":\"http:\/\/www.pringueycessac-charlotte.com\/site\/contact\/#webpage\",\"url\":\"http:\/\/www.pringueycessac-charlotte.com\/site\/contact\/\",\"name\":\"Contact - Charlotte PRINGUEY CESSAC\",\"isPartOf\":{\"@id\":\"http:\/\/www.pringueycessac-charlotte.com\/site\/#website\"},\"datePublished\":\"2019-06-20T15:08:09+00:00\",\"dateModified\":\"2025-04-28T18:17:05+00:00\",\"description\":\"Pour contacter l'artiste Charlotte Pringuey Cessac par mail, t\u00e9l\u00e9phone. Liens externes vers galerie, lieux, r\u00e9sidences d'artistes...\",\"breadcrumb\":{\"@id\":\"http:\/\/www.pringueycessac-charlotte.com\/site\/contact\/#breadcrumb\"},\"inLanguage\":\"fr-FR\",\"potentialAction\":[{\"@type\":\"ReadAction\",\"target\":[\"http:\/\/www.pringueycessac-charlotte.com\/site\/contact\/\"]}]},{\"@type\":\"BreadcrumbList\",\"@id\":\"http:\/\/www.pringueycessac-charlotte.com\/site\/contact\/#breadcrumb\",\"itemListElement\":[{\"@type\":\"ListItem\",\"position\":1,\"name\":\"Accueil\",\"item\":\"http:\/\/www.pringueycessac-charlotte.com\/site\/\"},{\"@type\":\"ListItem\",\"position\":2,\"name\":\"Contact\"}]}]}<\/script>\n<!-- \/ Yoast SEO plugin. -->","yoast_head_json":{"title":"Contact - Charlotte PRINGUEY CESSAC","description":"Pour contacter l'artiste Charlotte Pringuey Cessac par mail, t\u00e9l\u00e9phone. Liens externes vers galerie, lieux, r\u00e9sidences d'artistes...","robots":{"index":"index","follow":"follow","max-snippet":"max-snippet:-1","max-image-preview":"max-image-preview:large","max-video-preview":"max-video-preview:-1"},"canonical":"http:\/\/www.pringueycessac-charlotte.com\/site\/contact\/","og_locale":"fr_FR","og_type":"article","og_title":"Contact - Charlotte PRINGUEY CESSAC","og_description":"Pour contacter l'artiste Charlotte Pringuey Cessac par mail, t\u00e9l\u00e9phone. Liens externes vers galerie, lieux, r\u00e9sidences d'artistes...","og_url":"http:\/\/www.pringueycessac-charlotte.com\/site\/contact\/","og_site_name":"Charlotte PRINGUEY CESSAC","article_modified_time":"2025-04-28T18:17:05+00:00","twitter_card":"summary_large_image","twitter_misc":{"Dur\u00e9e de lecture estim\u00e9e":"1 minute"},"schema":{"@context":"https:\/\/schema.org","@graph":[{"@type":["Person","Organization"],"@id":"http:\/\/www.pringueycessac-charlotte.com\/site\/#\/schema\/person\/80712bc6db2643df3376809312d54ef6","name":"Charlotte Pringuey-Cessac","image":{"@type":"ImageObject","inLanguage":"fr-FR","@id":"http:\/\/www.pringueycessac-charlotte.com\/site\/#\/schema\/person\/image\/","url":"http:\/\/0.gravatar.com\/avatar\/f9425e6f5e44c33da515b06f92bf6ac3?s=96&d=mm&r=g","contentUrl":"http:\/\/0.gravatar.com\/avatar\/f9425e6f5e44c33da515b06f92bf6ac3?s=96&d=mm&r=g","caption":"Charlotte Pringuey-Cessac"},"logo":{"@id":"http:\/\/www.pringueycessac-charlotte.com\/site\/#\/schema\/person\/image\/"}},{"@type":"WebSite","@id":"http:\/\/www.pringueycessac-charlotte.com\/site\/#website","url":"http:\/\/www.pringueycessac-charlotte.com\/site\/","name":"Charlotte PRINGUEY-CESSAC","description":"","publisher":{"@id":"http:\/\/www.pringueycessac-charlotte.com\/site\/#\/schema\/person\/80712bc6db2643df3376809312d54ef6"},"potentialAction":[{"@type":"SearchAction","target":{"@type":"EntryPoint","urlTemplate":"http:\/\/www.pringueycessac-charlotte.com\/site\/?s={search_term_string}"},"query-input":"required name=search_term_string"}],"inLanguage":"fr-FR"},{"@type":"WebPage","@id":"http:\/\/www.pringueycessac-charlotte.com\/site\/contact\/#webpage","url":"http:\/\/www.pringueycessac-charlotte.com\/site\/contact\/","name":"Contact - Charlotte PRINGUEY CESSAC","isPartOf":{"@id":"http:\/\/www.pringueycessac-charlotte.com\/site\/#website"},"datePublished":"2019-06-20T15:08:09+00:00","dateModified":"2025-04-28T18:17:05+00:00","description":"Pour contacter l'artiste Charlotte Pringuey Cessac par mail, t\u00e9l\u00e9phone. Liens externes vers galerie, lieux, r\u00e9sidences d'artistes...","breadcrumb":{"@id":"http:\/\/www.pringueycessac-charlotte.com\/site\/contact\/#breadcrumb"},"inLanguage":"fr-FR","potentialAction":[{"@type":"ReadAction","target":["http:\/\/www.pringueycessac-charlotte.com\/site\/contact\/"]}]},{"@type":"BreadcrumbList","@id":"http:\/\/www.pringueycessac-charlotte.com\/site\/contact\/#breadcrumb","itemListElement":[{"@type":"ListItem","position":1,"name":"Accueil","item":"http:\/\/www.pringueycessac-charlotte.com\/site\/"},{"@type":"ListItem","position":2,"name":"Contact"}]}]}},"_links":{"self":[{"href":"http:\/\/www.pringueycessac-charlotte.com\/site\/wp-json\/wp\/v2\/pages\/13"}],"collection":[{"href":"http:\/\/www.pringueycessac-charlotte.com\/site\/wp-json\/wp\/v2\/pages"}],"about":[{"href":"http:\/\/www.pringueycessac-charlotte.com\/site\/wp-json\/wp\/v2\/types\/page"}],"author":[{"embeddable":true,"href":"http:\/\/www.pringueycessac-charlotte.com\/site\/wp-json\/wp\/v2\/users\/1"}],"replies":[{"embeddable":true,"href":"http:\/\/www.pringueycessac-charlotte.com\/site\/wp-json\/wp\/v2\/comments?post=13"}],"version-history":[{"count":8,"href":"http:\/\/www.pringueycessac-charlotte.com\/site\/wp-json\/wp\/v2\/pages\/13\/revisions"}],"predecessor-version":[{"id":2903,"href":"http:\/\/www.pringueycessac-charlotte.com\/site\/wp-json\/wp\/v2\/pages\/13\/revisions\/2903"}],"wp:attachment":[{"href":"http:\/\/www.pringueycessac-charlotte.com\/site\/wp-json\/wp\/v2\/media?parent=13"}],"curies":[{"name":"wp","href":"https:\/\/api.w.org\/{rel}","templated":true}]}}