{"id":1431,"date":"2019-08-20T17:53:57","date_gmt":"2019-08-20T15:53:57","guid":{"rendered":"http:\/\/www.pringueycessac-charlotte.com\/site\/?page_id=1431"},"modified":"2025-07-08T18:24:06","modified_gmt":"2025-07-08T16:24:06","slug":"2011-kanesuiban","status":"publish","type":"page","link":"http:\/\/www.pringueycessac-charlotte.com\/site\/installation\/2011-kanesuiban\/","title":{"rendered":"2011 Kanesuiban"},"content":{"rendered":"\n<p class=\"has-text-align-right\"><strong><a href=\"http:\/\/www.pringueycessac-charlotte.com\/site\/installation\/\">Retour<\/a><\/strong><\/p>\n\n\n\n<p class=\"has-medium-font-size\">2011 Kanesuiban<\/p>\n\n\n\n\n\n<div class=\"ngg-galleryoverview ngg-slideshow\"\n\t id=\"ngg-slideshow-b3a321587a6369918c9297e4d8a88776-13752294260\"\n     data-gallery-id=\"b3a321587a6369918c9297e4d8a88776\"\n     style=\"max-width: 750px; max-height: 500px;\">\n\n \t<div id=\"ngg-image-0\" class=\"ngg-gallery-slideshow-image\" style=\"height:500px\">\n\n        <a href=\"http:\/\/www.pringueycessac-charlotte.com\/site\/wp-content\/gallery\/kanesuiban\/kanesuibanc.jpg\"\n           title=\"2011 - Kanesuiban 6 Projet\"\n           data-src=\"http:\/\/www.pringueycessac-charlotte.com\/site\/wp-content\/gallery\/kanesuiban\/kanesuibanc.jpg\"\n           data-thumbnail=\"http:\/\/www.pringueycessac-charlotte.com\/site\/wp-content\/gallery\/kanesuiban\/thumbs\/thumbs_kanesuibanc.jpg\"\n           data-image-id=\"305\"\n           data-title=\"2011 - Kanesuiban 6 Projet\"\n           data-description=\"2011 - Kanesuiban 6 Projet\"\n           class=\"ngg-simplelightbox\" rel=\"b3a321587a6369918c9297e4d8a88776\">\n\n            <img data-image-id='305'\n                 title=\"2011 - Kanesuiban 6 Projet\"\n                 alt=\"2011 - Kanesuiban 6 Projet\"\n                 src=\"http:\/\/www.pringueycessac-charlotte.com\/site\/wp-content\/gallery\/kanesuiban\/kanesuibanc.jpg\"\n                 style=\"max-height: 480px;\"\/>\n        <\/a>\n\n        <\/div> \n<div id=\"ngg-image-1\" class=\"ngg-gallery-slideshow-image\" style=\"height:500px\">\n\n        <a href=\"http:\/\/www.pringueycessac-charlotte.com\/site\/wp-content\/gallery\/kanesuiban\/kanesuibannb.jpg\"\n           title=\"2011 - Kanesuiban \u2013 D\u00e9tail\"\n           data-src=\"http:\/\/www.pringueycessac-charlotte.com\/site\/wp-content\/gallery\/kanesuiban\/kanesuibannb.jpg\"\n           data-thumbnail=\"http:\/\/www.pringueycessac-charlotte.com\/site\/wp-content\/gallery\/kanesuiban\/thumbs\/thumbs_kanesuibannb.jpg\"\n           data-image-id=\"303\"\n           data-title=\"2011 - Kanesuiban \u2013 D\u00e9tail\"\n           data-description=\"2011 - Kanesuiban \u2013 D\u00e9tail\"\n           class=\"ngg-simplelightbox\" rel=\"b3a321587a6369918c9297e4d8a88776\">\n\n            <img data-image-id='303'\n                 title=\"2011 - Kanesuiban \u2013 D\u00e9tail\"\n                 alt=\"2011 - Kanesuiban \u2013 D\u00e9tail\"\n                 src=\"http:\/\/www.pringueycessac-charlotte.com\/site\/wp-content\/gallery\/kanesuiban\/kanesuibannb.jpg\"\n                 style=\"max-height: 480px;\"\/>\n        <\/a>\n\n        <\/div> \n<div id=\"ngg-image-2\" class=\"ngg-gallery-slideshow-image\" style=\"height:500px\">\n\n        <a href=\"http:\/\/www.pringueycessac-charlotte.com\/site\/wp-content\/gallery\/kanesuiban\/kanesuiban.jpg\"\n           title=\"2011 - Kanesuiban - Dessin pr\u00e9paratoire \u2013 Mougins\"\n           data-src=\"http:\/\/www.pringueycessac-charlotte.com\/site\/wp-content\/gallery\/kanesuiban\/kanesuiban.jpg\"\n           data-thumbnail=\"http:\/\/www.pringueycessac-charlotte.com\/site\/wp-content\/gallery\/kanesuiban\/thumbs\/thumbs_kanesuiban.jpg\"\n           data-image-id=\"304\"\n           data-title=\"2011 - Kanesuiban - Dessin pr\u00e9paratoire \u2013 Mougins\"\n           data-description=\"2011 - Kanesuiban - Dessin pr\u00e9paratoire \u2013 Mougins\"\n           class=\"ngg-simplelightbox\" rel=\"b3a321587a6369918c9297e4d8a88776\">\n\n            <img data-image-id='304'\n                 title=\"2011 - Kanesuiban - Dessin pr\u00e9paratoire \u2013 Mougins\"\n                 alt=\"2011 - Kanesuiban - Dessin pr\u00e9paratoire \u2013 Mougins\"\n                 src=\"http:\/\/www.pringueycessac-charlotte.com\/site\/wp-content\/gallery\/kanesuiban\/kanesuiban.jpg\"\n                 style=\"max-height: 480px;\"\/>\n        <\/a>\n\n        <\/div> \n<\/div>\n\n\n\n\n\n\n\n<p class=\"has-text-align-center has-small-font-size\"><em>Survoler l\u2019image pour voir la l\u00e9gende<\/em><\/p>\n\n\n\n<p><em>Kanesuiban<\/em><br>2011<\/p>\n\n\n\n<p>Le lavoir de Mougins date de 1894. Dans les ann\u00e9es 70, les habitants du&nbsp;village y lavaient&nbsp;encore leur linge. Restaur\u00e9, il re\u00e7oit un toit en bois, ses ouvertures sont&nbsp;vitr\u00e9es, et son entr\u00e9e&nbsp;principale obstru\u00e9e. Au moment de proposer un projet&nbsp;d\u2019installation dans ce lavoir&nbsp;\u00e9trangement emmur\u00e9, toute mon attention s\u2019est bien&nbsp;\u00e9videmment port\u00e9e sur le bassin.<br><br>En pierres de La Turbie, il \u00e9mane de son architecture quelque chose de familier. N\u00e9 d\u2019une&nbsp;volont\u00e9 de conserver un lien avec la culture et les traditions&nbsp;populaires, le bassin se trouve ici&nbsp;d\u00e9tourn\u00e9 de son aspect fonctionnel pour&nbsp;offrir au regard une interpr\u00e9tation du lieu relative&nbsp;\u00e0 l\u2019imaginaire. Kanesuiban fait r\u00e9f\u00e9rence aux fontaines \u00e0 souhaits, aux arbres \u00e0 voeux et autres&nbsp;inventions ou cr\u00e9atures mythiques.<br><br>D\u2019un d\u00e9sir de concevoir le dessin dans l\u2019espace, ce projet&nbsp;envisage&nbsp; l\u2019architecture&nbsp;du bassin \u00e0 la fois comme surface et volume. Des&nbsp;morceaux&nbsp;de charbon de bois&nbsp;recouvrent enti\u00e8rement la structure du bassin,&nbsp;formant&nbsp;ainsi une \u00abpeau\u00bb, non plus&nbsp;simul\u00e9e mais bien r\u00e9elle. Par le geste du&nbsp;collage&nbsp;et du recouvrement, l\u2019image acquiert une&nbsp;mat\u00e9rialit\u00e9 nouvelle et devient&nbsp;volume.<br><br>&nbsp;Kanesuiban signifie \u00ablavoir dor\u00e9\u00bb en japonais, inspir\u00e9 du y\u00f4ka\u00ef&nbsp;Kanedame (esprit dor\u00e9). Les y\u00f4ka\u00ef sont des cr\u00e9atures fantastiques et myst\u00e9rieuses des traditions populaires japonaises.  <\/p>\n","protected":false},"excerpt":{"rendered":"<p>Retour 2011 Kanesuiban Survoler l\u2019image pour voir la l\u00e9gende Kanesuiban2011&#8230;<\/p>\n","protected":false},"author":1,"featured_media":0,"parent":888,"menu_order":0,"comment_status":"closed","ping_status":"closed","template":"","meta":{"ngg_post_thumbnail":0},"yoast_head":"<!-- This site is optimized with the Yoast SEO plugin v18.8 - https:\/\/yoast.com\/wordpress\/plugins\/seo\/ -->\n<title>2011 Kanesuiban - Charlotte PRINGUEY CESSAC<\/title>\n<meta name=\"description\" content=\"Charlotte Pringuey-Cessac, installation Kanesuiban 2011,...Kanesuiban signifie \u00ablavoir dor\u00e9\u00bb en japonais, inspir\u00e9 du y\u00f4ka\u00ef Kanedame (esprit dor\u00e9)....\" \/>\n<meta name=\"robots\" content=\"index, follow, max-snippet:-1, max-image-preview:large, max-video-preview:-1\" \/>\n<link rel=\"canonical\" href=\"http:\/\/www.pringueycessac-charlotte.com\/site\/installation\/2011-kanesuiban\/\" \/>\n<meta property=\"og:locale\" content=\"fr_FR\" \/>\n<meta property=\"og:type\" content=\"article\" \/>\n<meta property=\"og:title\" content=\"2011 Kanesuiban - Charlotte PRINGUEY CESSAC\" \/>\n<meta property=\"og:description\" content=\"Charlotte Pringuey-Cessac, installation Kanesuiban 2011,...Kanesuiban signifie \u00ablavoir dor\u00e9\u00bb en japonais, inspir\u00e9 du y\u00f4ka\u00ef Kanedame (esprit dor\u00e9)....\" \/>\n<meta property=\"og:url\" content=\"http:\/\/www.pringueycessac-charlotte.com\/site\/installation\/2011-kanesuiban\/\" \/>\n<meta property=\"og:site_name\" content=\"Charlotte PRINGUEY CESSAC\" \/>\n<meta property=\"article:modified_time\" content=\"2025-07-08T16:24:06+00:00\" \/>\n<meta name=\"twitter:card\" content=\"summary_large_image\" \/>\n<meta name=\"twitter:label1\" content=\"Dur\u00e9e de lecture estim\u00e9e\" \/>\n\t<meta name=\"twitter:data1\" content=\"2 minutes\" \/>\n<script type=\"application\/ld+json\" class=\"yoast-schema-graph\">{\"@context\":\"https:\/\/schema.org\",\"@graph\":[{\"@type\":[\"Person\",\"Organization\"],\"@id\":\"http:\/\/www.pringueycessac-charlotte.com\/site\/#\/schema\/person\/80712bc6db2643df3376809312d54ef6\",\"name\":\"Charlotte Pringuey-Cessac\",\"image\":{\"@type\":\"ImageObject\",\"inLanguage\":\"fr-FR\",\"@id\":\"http:\/\/www.pringueycessac-charlotte.com\/site\/#\/schema\/person\/image\/\",\"url\":\"http:\/\/0.gravatar.com\/avatar\/f9425e6f5e44c33da515b06f92bf6ac3?s=96&d=mm&r=g\",\"contentUrl\":\"http:\/\/0.gravatar.com\/avatar\/f9425e6f5e44c33da515b06f92bf6ac3?s=96&d=mm&r=g\",\"caption\":\"Charlotte Pringuey-Cessac\"},\"logo\":{\"@id\":\"http:\/\/www.pringueycessac-charlotte.com\/site\/#\/schema\/person\/image\/\"}},{\"@type\":\"WebSite\",\"@id\":\"http:\/\/www.pringueycessac-charlotte.com\/site\/#website\",\"url\":\"http:\/\/www.pringueycessac-charlotte.com\/site\/\",\"name\":\"Charlotte PRINGUEY-CESSAC\",\"description\":\"\",\"publisher\":{\"@id\":\"http:\/\/www.pringueycessac-charlotte.com\/site\/#\/schema\/person\/80712bc6db2643df3376809312d54ef6\"},\"potentialAction\":[{\"@type\":\"SearchAction\",\"target\":{\"@type\":\"EntryPoint\",\"urlTemplate\":\"http:\/\/www.pringueycessac-charlotte.com\/site\/?s={search_term_string}\"},\"query-input\":\"required name=search_term_string\"}],\"inLanguage\":\"fr-FR\"},{\"@type\":\"WebPage\",\"@id\":\"http:\/\/www.pringueycessac-charlotte.com\/site\/installation\/2011-kanesuiban\/#webpage\",\"url\":\"http:\/\/www.pringueycessac-charlotte.com\/site\/installation\/2011-kanesuiban\/\",\"name\":\"2011 Kanesuiban - Charlotte PRINGUEY CESSAC\",\"isPartOf\":{\"@id\":\"http:\/\/www.pringueycessac-charlotte.com\/site\/#website\"},\"datePublished\":\"2019-08-20T15:53:57+00:00\",\"dateModified\":\"2025-07-08T16:24:06+00:00\",\"description\":\"Charlotte Pringuey-Cessac, installation Kanesuiban 2011,...Kanesuiban signifie \u00ablavoir dor\u00e9\u00bb en japonais, inspir\u00e9 du y\u00f4ka\u00ef Kanedame (esprit dor\u00e9)....\",\"breadcrumb\":{\"@id\":\"http:\/\/www.pringueycessac-charlotte.com\/site\/installation\/2011-kanesuiban\/#breadcrumb\"},\"inLanguage\":\"fr-FR\",\"potentialAction\":[{\"@type\":\"ReadAction\",\"target\":[\"http:\/\/www.pringueycessac-charlotte.com\/site\/installation\/2011-kanesuiban\/\"]}]},{\"@type\":\"BreadcrumbList\",\"@id\":\"http:\/\/www.pringueycessac-charlotte.com\/site\/installation\/2011-kanesuiban\/#breadcrumb\",\"itemListElement\":[{\"@type\":\"ListItem\",\"position\":1,\"name\":\"Accueil\",\"item\":\"http:\/\/www.pringueycessac-charlotte.com\/site\/\"},{\"@type\":\"ListItem\",\"position\":2,\"name\":\"Installation\",\"item\":\"http:\/\/www.pringueycessac-charlotte.com\/site\/installation\/\"},{\"@type\":\"ListItem\",\"position\":3,\"name\":\"2011 Kanesuiban\"}]}]}<\/script>\n<!-- \/ Yoast SEO plugin. -->","yoast_head_json":{"title":"2011 Kanesuiban - Charlotte PRINGUEY CESSAC","description":"Charlotte Pringuey-Cessac, installation Kanesuiban 2011,...Kanesuiban signifie \u00ablavoir dor\u00e9\u00bb en japonais, inspir\u00e9 du y\u00f4ka\u00ef Kanedame (esprit dor\u00e9)....","robots":{"index":"index","follow":"follow","max-snippet":"max-snippet:-1","max-image-preview":"max-image-preview:large","max-video-preview":"max-video-preview:-1"},"canonical":"http:\/\/www.pringueycessac-charlotte.com\/site\/installation\/2011-kanesuiban\/","og_locale":"fr_FR","og_type":"article","og_title":"2011 Kanesuiban - Charlotte PRINGUEY CESSAC","og_description":"Charlotte Pringuey-Cessac, installation Kanesuiban 2011,...Kanesuiban signifie \u00ablavoir dor\u00e9\u00bb en japonais, inspir\u00e9 du y\u00f4ka\u00ef Kanedame (esprit dor\u00e9)....","og_url":"http:\/\/www.pringueycessac-charlotte.com\/site\/installation\/2011-kanesuiban\/","og_site_name":"Charlotte PRINGUEY CESSAC","article_modified_time":"2025-07-08T16:24:06+00:00","twitter_card":"summary_large_image","twitter_misc":{"Dur\u00e9e de lecture estim\u00e9e":"2 minutes"},"schema":{"@context":"https:\/\/schema.org","@graph":[{"@type":["Person","Organization"],"@id":"http:\/\/www.pringueycessac-charlotte.com\/site\/#\/schema\/person\/80712bc6db2643df3376809312d54ef6","name":"Charlotte Pringuey-Cessac","image":{"@type":"ImageObject","inLanguage":"fr-FR","@id":"http:\/\/www.pringueycessac-charlotte.com\/site\/#\/schema\/person\/image\/","url":"http:\/\/0.gravatar.com\/avatar\/f9425e6f5e44c33da515b06f92bf6ac3?s=96&d=mm&r=g","contentUrl":"http:\/\/0.gravatar.com\/avatar\/f9425e6f5e44c33da515b06f92bf6ac3?s=96&d=mm&r=g","caption":"Charlotte Pringuey-Cessac"},"logo":{"@id":"http:\/\/www.pringueycessac-charlotte.com\/site\/#\/schema\/person\/image\/"}},{"@type":"WebSite","@id":"http:\/\/www.pringueycessac-charlotte.com\/site\/#website","url":"http:\/\/www.pringueycessac-charlotte.com\/site\/","name":"Charlotte PRINGUEY-CESSAC","description":"","publisher":{"@id":"http:\/\/www.pringueycessac-charlotte.com\/site\/#\/schema\/person\/80712bc6db2643df3376809312d54ef6"},"potentialAction":[{"@type":"SearchAction","target":{"@type":"EntryPoint","urlTemplate":"http:\/\/www.pringueycessac-charlotte.com\/site\/?s={search_term_string}"},"query-input":"required name=search_term_string"}],"inLanguage":"fr-FR"},{"@type":"WebPage","@id":"http:\/\/www.pringueycessac-charlotte.com\/site\/installation\/2011-kanesuiban\/#webpage","url":"http:\/\/www.pringueycessac-charlotte.com\/site\/installation\/2011-kanesuiban\/","name":"2011 Kanesuiban - Charlotte PRINGUEY CESSAC","isPartOf":{"@id":"http:\/\/www.pringueycessac-charlotte.com\/site\/#website"},"datePublished":"2019-08-20T15:53:57+00:00","dateModified":"2025-07-08T16:24:06+00:00","description":"Charlotte Pringuey-Cessac, installation Kanesuiban 2011,...Kanesuiban signifie \u00ablavoir dor\u00e9\u00bb en japonais, inspir\u00e9 du y\u00f4ka\u00ef Kanedame (esprit dor\u00e9)....","breadcrumb":{"@id":"http:\/\/www.pringueycessac-charlotte.com\/site\/installation\/2011-kanesuiban\/#breadcrumb"},"inLanguage":"fr-FR","potentialAction":[{"@type":"ReadAction","target":["http:\/\/www.pringueycessac-charlotte.com\/site\/installation\/2011-kanesuiban\/"]}]},{"@type":"BreadcrumbList","@id":"http:\/\/www.pringueycessac-charlotte.com\/site\/installation\/2011-kanesuiban\/#breadcrumb","itemListElement":[{"@type":"ListItem","position":1,"name":"Accueil","item":"http:\/\/www.pringueycessac-charlotte.com\/site\/"},{"@type":"ListItem","position":2,"name":"Installation","item":"http:\/\/www.pringueycessac-charlotte.com\/site\/installation\/"},{"@type":"ListItem","position":3,"name":"2011 Kanesuiban"}]}]}},"_links":{"self":[{"href":"http:\/\/www.pringueycessac-charlotte.com\/site\/wp-json\/wp\/v2\/pages\/1431"}],"collection":[{"href":"http:\/\/www.pringueycessac-charlotte.com\/site\/wp-json\/wp\/v2\/pages"}],"about":[{"href":"http:\/\/www.pringueycessac-charlotte.com\/site\/wp-json\/wp\/v2\/types\/page"}],"author":[{"embeddable":true,"href":"http:\/\/www.pringueycessac-charlotte.com\/site\/wp-json\/wp\/v2\/users\/1"}],"replies":[{"embeddable":true,"href":"http:\/\/www.pringueycessac-charlotte.com\/site\/wp-json\/wp\/v2\/comments?post=1431"}],"version-history":[{"count":8,"href":"http:\/\/www.pringueycessac-charlotte.com\/site\/wp-json\/wp\/v2\/pages\/1431\/revisions"}],"predecessor-version":[{"id":3206,"href":"http:\/\/www.pringueycessac-charlotte.com\/site\/wp-json\/wp\/v2\/pages\/1431\/revisions\/3206"}],"up":[{"embeddable":true,"href":"http:\/\/www.pringueycessac-charlotte.com\/site\/wp-json\/wp\/v2\/pages\/888"}],"wp:attachment":[{"href":"http:\/\/www.pringueycessac-charlotte.com\/site\/wp-json\/wp\/v2\/media?parent=1431"}],"curies":[{"name":"wp","href":"https:\/\/api.w.org\/{rel}","templated":true}]}}