{"id":1455,"date":"2019-08-20T18:17:53","date_gmt":"2019-08-20T16:17:53","guid":{"rendered":"http:\/\/www.pringueycessac-charlotte.com\/site\/?page_id=1455"},"modified":"2025-07-08T17:22:14","modified_gmt":"2025-07-08T15:22:14","slug":"2009-cage-a-oiseaux","status":"publish","type":"page","link":"http:\/\/www.pringueycessac-charlotte.com\/site\/sculpture-2\/2009-cage-a-oiseaux\/","title":{"rendered":"2009 Cage \u00e0 oiseaux"},"content":{"rendered":"\n<p class=\"has-text-align-right\"><strong><a href=\"http:\/\/www.pringueycessac-charlotte.com\/site\/sculpture-2\/\">Retour<\/a><\/strong><\/p>\n\n\n\n<p class=\"has-medium-font-size\">2009 &#8211; Cage \u00e0 oiseaux, cage \u00e0 enfants &#8211; Nice<\/p>\n\n\n\n\n\n<div class=\"ngg-galleryoverview ngg-slideshow\"\n\t id=\"ngg-slideshow-cdb45564409aad947535d03c690ee508-12182961900\"\n     data-gallery-id=\"cdb45564409aad947535d03c690ee508\"\n     style=\"max-width: 750px; max-height: 500px;\">\n\n \t<div id=\"ngg-image-0\" class=\"ngg-gallery-slideshow-image\" style=\"height:500px\">\n\n        <a href=\"http:\/\/www.pringueycessac-charlotte.com\/site\/wp-content\/gallery\/cage-oiseaux\/cageoiseaux.jpg\"\n           title=\"2007-2010 - Cage \u00e0 oiseaux, cage \u00e0 enfants - Sculpture en charbon de bois et techniques mixtes \u2013 Nice\"\n           data-src=\"http:\/\/www.pringueycessac-charlotte.com\/site\/wp-content\/gallery\/cage-oiseaux\/cageoiseaux.jpg\"\n           data-thumbnail=\"http:\/\/www.pringueycessac-charlotte.com\/site\/wp-content\/gallery\/cage-oiseaux\/thumbs\/thumbs_cageoiseaux.jpg\"\n           data-image-id=\"285\"\n           data-title=\"2007-2010 - Cage \u00e0 oiseaux, cage \u00e0 enfants - Sculpture en charbon de bois et techniques mixtes \u2013 Nice\"\n           data-description=\"2007-2010 - Cage \u00e0 oiseaux, cage \u00e0 enfants - Sculpture en charbon de bois et techniques mixtes \u2013 Nice\"\n           class=\"ngg-simplelightbox\" rel=\"cdb45564409aad947535d03c690ee508\">\n\n            <img data-image-id='285'\n                 title=\"2007-2010 - Cage \u00e0 oiseaux, cage \u00e0 enfants - Sculpture en charbon de bois et techniques mixtes \u2013 Nice\"\n                 alt=\"2007-2010 - Cage \u00e0 oiseaux, cage \u00e0 enfants - Sculpture en charbon de bois et techniques mixtes \u2013 Nice\"\n                 src=\"http:\/\/www.pringueycessac-charlotte.com\/site\/wp-content\/gallery\/cage-oiseaux\/cageoiseaux.jpg\"\n                 style=\"max-height: 480px;\"\/>\n        <\/a>\n\n        <\/div> \n<div id=\"ngg-image-1\" class=\"ngg-gallery-slideshow-image\" style=\"height:500px\">\n\n        <a href=\"http:\/\/www.pringueycessac-charlotte.com\/site\/wp-content\/gallery\/cage-oiseaux\/dessincageioseaux.jpg\"\n           title=\"Dessin pr\u00e9paratoire de la sculpture Cage \u00e0 oiseaux, cage \u00e0 enfants \u2013 Nice\"\n           data-src=\"http:\/\/www.pringueycessac-charlotte.com\/site\/wp-content\/gallery\/cage-oiseaux\/dessincageioseaux.jpg\"\n           data-thumbnail=\"http:\/\/www.pringueycessac-charlotte.com\/site\/wp-content\/gallery\/cage-oiseaux\/thumbs\/thumbs_dessincageioseaux.jpg\"\n           data-image-id=\"284\"\n           data-title=\"Dessin pr\u00e9paratoire de la sculpture Cage \u00e0 oiseaux, cage \u00e0 enfants \u2013 Nice\"\n           data-description=\"Dessin pr\u00e9paratoire de la sculpture Cage \u00e0 oiseaux, cage \u00e0 enfants \u2013 Nice\"\n           class=\"ngg-simplelightbox\" rel=\"cdb45564409aad947535d03c690ee508\">\n\n            <img data-image-id='284'\n                 title=\"Dessin pr\u00e9paratoire de la sculpture Cage \u00e0 oiseaux, cage \u00e0 enfants \u2013 Nice\"\n                 alt=\"Dessin pr\u00e9paratoire de la sculpture Cage \u00e0 oiseaux, cage \u00e0 enfants \u2013 Nice\"\n                 src=\"http:\/\/www.pringueycessac-charlotte.com\/site\/wp-content\/gallery\/cage-oiseaux\/dessincageioseaux.jpg\"\n                 style=\"max-height: 480px;\"\/>\n        <\/a>\n\n        <\/div> \n<\/div>\n\n\n\n\n\n\n\n<p><em>Cage \u00e0 oiseaux, cage \u00e0 enfants<\/em><br>2007-2010<br>Sculpture en charbon de bois et techniques mixtes \u2013 Nice<\/p>\n","protected":false},"excerpt":{"rendered":"<p>Retour 2009 &#8211; Cage \u00e0 oiseaux, cage \u00e0 enfants &#8211;&#8230;<\/p>\n","protected":false},"author":1,"featured_media":0,"parent":1453,"menu_order":0,"comment_status":"closed","ping_status":"closed","template":"","meta":{"ngg_post_thumbnail":0},"yoast_head":"<!-- This site is optimized with the Yoast SEO plugin v18.8 - https:\/\/yoast.com\/wordpress\/plugins\/seo\/ -->\n<title>2009 Cage \u00e0 oiseaux - Charlotte PRINGUEY CESSAC<\/title>\n<meta name=\"description\" content=\"Charlotte Pringuey-Cessac, sculpture, 007-2010 - Cage \u00e0 oiseaux, cage \u00e0 enfants - Sculpture en charbon de bois et techniques mixtes \u2013 Nice\" \/>\n<meta name=\"robots\" content=\"index, follow, max-snippet:-1, max-image-preview:large, max-video-preview:-1\" \/>\n<link rel=\"canonical\" href=\"http:\/\/www.pringueycessac-charlotte.com\/site\/sculpture-2\/2009-cage-a-oiseaux\/\" \/>\n<meta property=\"og:locale\" content=\"fr_FR\" \/>\n<meta property=\"og:type\" content=\"article\" \/>\n<meta property=\"og:title\" content=\"2009 Cage \u00e0 oiseaux - Charlotte PRINGUEY CESSAC\" \/>\n<meta property=\"og:description\" content=\"Charlotte Pringuey-Cessac, sculpture, 007-2010 - Cage \u00e0 oiseaux, cage \u00e0 enfants - Sculpture en charbon de bois et techniques mixtes \u2013 Nice\" \/>\n<meta property=\"og:url\" content=\"http:\/\/www.pringueycessac-charlotte.com\/site\/sculpture-2\/2009-cage-a-oiseaux\/\" \/>\n<meta property=\"og:site_name\" content=\"Charlotte PRINGUEY CESSAC\" \/>\n<meta property=\"article:modified_time\" content=\"2025-07-08T15:22:14+00:00\" \/>\n<meta name=\"twitter:card\" content=\"summary_large_image\" \/>\n<meta name=\"twitter:label1\" content=\"Dur\u00e9e de lecture estim\u00e9e\" \/>\n\t<meta name=\"twitter:data1\" content=\"1 minute\" \/>\n<script type=\"application\/ld+json\" class=\"yoast-schema-graph\">{\"@context\":\"https:\/\/schema.org\",\"@graph\":[{\"@type\":[\"Person\",\"Organization\"],\"@id\":\"http:\/\/www.pringueycessac-charlotte.com\/site\/#\/schema\/person\/80712bc6db2643df3376809312d54ef6\",\"name\":\"Charlotte Pringuey-Cessac\",\"image\":{\"@type\":\"ImageObject\",\"inLanguage\":\"fr-FR\",\"@id\":\"http:\/\/www.pringueycessac-charlotte.com\/site\/#\/schema\/person\/image\/\",\"url\":\"http:\/\/0.gravatar.com\/avatar\/f9425e6f5e44c33da515b06f92bf6ac3?s=96&d=mm&r=g\",\"contentUrl\":\"http:\/\/0.gravatar.com\/avatar\/f9425e6f5e44c33da515b06f92bf6ac3?s=96&d=mm&r=g\",\"caption\":\"Charlotte Pringuey-Cessac\"},\"logo\":{\"@id\":\"http:\/\/www.pringueycessac-charlotte.com\/site\/#\/schema\/person\/image\/\"}},{\"@type\":\"WebSite\",\"@id\":\"http:\/\/www.pringueycessac-charlotte.com\/site\/#website\",\"url\":\"http:\/\/www.pringueycessac-charlotte.com\/site\/\",\"name\":\"Charlotte PRINGUEY-CESSAC\",\"description\":\"\",\"publisher\":{\"@id\":\"http:\/\/www.pringueycessac-charlotte.com\/site\/#\/schema\/person\/80712bc6db2643df3376809312d54ef6\"},\"potentialAction\":[{\"@type\":\"SearchAction\",\"target\":{\"@type\":\"EntryPoint\",\"urlTemplate\":\"http:\/\/www.pringueycessac-charlotte.com\/site\/?s={search_term_string}\"},\"query-input\":\"required name=search_term_string\"}],\"inLanguage\":\"fr-FR\"},{\"@type\":\"WebPage\",\"@id\":\"http:\/\/www.pringueycessac-charlotte.com\/site\/sculpture-2\/2009-cage-a-oiseaux\/#webpage\",\"url\":\"http:\/\/www.pringueycessac-charlotte.com\/site\/sculpture-2\/2009-cage-a-oiseaux\/\",\"name\":\"2009 Cage \u00e0 oiseaux - Charlotte PRINGUEY CESSAC\",\"isPartOf\":{\"@id\":\"http:\/\/www.pringueycessac-charlotte.com\/site\/#website\"},\"datePublished\":\"2019-08-20T16:17:53+00:00\",\"dateModified\":\"2025-07-08T15:22:14+00:00\",\"description\":\"Charlotte Pringuey-Cessac, sculpture, 007-2010 - Cage \u00e0 oiseaux, cage \u00e0 enfants - Sculpture en charbon de bois et techniques mixtes \u2013 Nice\",\"breadcrumb\":{\"@id\":\"http:\/\/www.pringueycessac-charlotte.com\/site\/sculpture-2\/2009-cage-a-oiseaux\/#breadcrumb\"},\"inLanguage\":\"fr-FR\",\"potentialAction\":[{\"@type\":\"ReadAction\",\"target\":[\"http:\/\/www.pringueycessac-charlotte.com\/site\/sculpture-2\/2009-cage-a-oiseaux\/\"]}]},{\"@type\":\"BreadcrumbList\",\"@id\":\"http:\/\/www.pringueycessac-charlotte.com\/site\/sculpture-2\/2009-cage-a-oiseaux\/#breadcrumb\",\"itemListElement\":[{\"@type\":\"ListItem\",\"position\":1,\"name\":\"Accueil\",\"item\":\"http:\/\/www.pringueycessac-charlotte.com\/site\/\"},{\"@type\":\"ListItem\",\"position\":2,\"name\":\"Sculpture\",\"item\":\"http:\/\/www.pringueycessac-charlotte.com\/site\/sculpture-2\/\"},{\"@type\":\"ListItem\",\"position\":3,\"name\":\"2009 Cage \u00e0 oiseaux\"}]}]}<\/script>\n<!-- \/ Yoast SEO plugin. -->","yoast_head_json":{"title":"2009 Cage \u00e0 oiseaux - Charlotte PRINGUEY CESSAC","description":"Charlotte Pringuey-Cessac, sculpture, 007-2010 - Cage \u00e0 oiseaux, cage \u00e0 enfants - Sculpture en charbon de bois et techniques mixtes \u2013 Nice","robots":{"index":"index","follow":"follow","max-snippet":"max-snippet:-1","max-image-preview":"max-image-preview:large","max-video-preview":"max-video-preview:-1"},"canonical":"http:\/\/www.pringueycessac-charlotte.com\/site\/sculpture-2\/2009-cage-a-oiseaux\/","og_locale":"fr_FR","og_type":"article","og_title":"2009 Cage \u00e0 oiseaux - Charlotte PRINGUEY CESSAC","og_description":"Charlotte Pringuey-Cessac, sculpture, 007-2010 - Cage \u00e0 oiseaux, cage \u00e0 enfants - Sculpture en charbon de bois et techniques mixtes \u2013 Nice","og_url":"http:\/\/www.pringueycessac-charlotte.com\/site\/sculpture-2\/2009-cage-a-oiseaux\/","og_site_name":"Charlotte PRINGUEY CESSAC","article_modified_time":"2025-07-08T15:22:14+00:00","twitter_card":"summary_large_image","twitter_misc":{"Dur\u00e9e de lecture estim\u00e9e":"1 minute"},"schema":{"@context":"https:\/\/schema.org","@graph":[{"@type":["Person","Organization"],"@id":"http:\/\/www.pringueycessac-charlotte.com\/site\/#\/schema\/person\/80712bc6db2643df3376809312d54ef6","name":"Charlotte Pringuey-Cessac","image":{"@type":"ImageObject","inLanguage":"fr-FR","@id":"http:\/\/www.pringueycessac-charlotte.com\/site\/#\/schema\/person\/image\/","url":"http:\/\/0.gravatar.com\/avatar\/f9425e6f5e44c33da515b06f92bf6ac3?s=96&d=mm&r=g","contentUrl":"http:\/\/0.gravatar.com\/avatar\/f9425e6f5e44c33da515b06f92bf6ac3?s=96&d=mm&r=g","caption":"Charlotte Pringuey-Cessac"},"logo":{"@id":"http:\/\/www.pringueycessac-charlotte.com\/site\/#\/schema\/person\/image\/"}},{"@type":"WebSite","@id":"http:\/\/www.pringueycessac-charlotte.com\/site\/#website","url":"http:\/\/www.pringueycessac-charlotte.com\/site\/","name":"Charlotte PRINGUEY-CESSAC","description":"","publisher":{"@id":"http:\/\/www.pringueycessac-charlotte.com\/site\/#\/schema\/person\/80712bc6db2643df3376809312d54ef6"},"potentialAction":[{"@type":"SearchAction","target":{"@type":"EntryPoint","urlTemplate":"http:\/\/www.pringueycessac-charlotte.com\/site\/?s={search_term_string}"},"query-input":"required name=search_term_string"}],"inLanguage":"fr-FR"},{"@type":"WebPage","@id":"http:\/\/www.pringueycessac-charlotte.com\/site\/sculpture-2\/2009-cage-a-oiseaux\/#webpage","url":"http:\/\/www.pringueycessac-charlotte.com\/site\/sculpture-2\/2009-cage-a-oiseaux\/","name":"2009 Cage \u00e0 oiseaux - Charlotte PRINGUEY CESSAC","isPartOf":{"@id":"http:\/\/www.pringueycessac-charlotte.com\/site\/#website"},"datePublished":"2019-08-20T16:17:53+00:00","dateModified":"2025-07-08T15:22:14+00:00","description":"Charlotte Pringuey-Cessac, sculpture, 007-2010 - Cage \u00e0 oiseaux, cage \u00e0 enfants - Sculpture en charbon de bois et techniques mixtes \u2013 Nice","breadcrumb":{"@id":"http:\/\/www.pringueycessac-charlotte.com\/site\/sculpture-2\/2009-cage-a-oiseaux\/#breadcrumb"},"inLanguage":"fr-FR","potentialAction":[{"@type":"ReadAction","target":["http:\/\/www.pringueycessac-charlotte.com\/site\/sculpture-2\/2009-cage-a-oiseaux\/"]}]},{"@type":"BreadcrumbList","@id":"http:\/\/www.pringueycessac-charlotte.com\/site\/sculpture-2\/2009-cage-a-oiseaux\/#breadcrumb","itemListElement":[{"@type":"ListItem","position":1,"name":"Accueil","item":"http:\/\/www.pringueycessac-charlotte.com\/site\/"},{"@type":"ListItem","position":2,"name":"Sculpture","item":"http:\/\/www.pringueycessac-charlotte.com\/site\/sculpture-2\/"},{"@type":"ListItem","position":3,"name":"2009 Cage \u00e0 oiseaux"}]}]}},"_links":{"self":[{"href":"http:\/\/www.pringueycessac-charlotte.com\/site\/wp-json\/wp\/v2\/pages\/1455"}],"collection":[{"href":"http:\/\/www.pringueycessac-charlotte.com\/site\/wp-json\/wp\/v2\/pages"}],"about":[{"href":"http:\/\/www.pringueycessac-charlotte.com\/site\/wp-json\/wp\/v2\/types\/page"}],"author":[{"embeddable":true,"href":"http:\/\/www.pringueycessac-charlotte.com\/site\/wp-json\/wp\/v2\/users\/1"}],"replies":[{"embeddable":true,"href":"http:\/\/www.pringueycessac-charlotte.com\/site\/wp-json\/wp\/v2\/comments?post=1455"}],"version-history":[{"count":7,"href":"http:\/\/www.pringueycessac-charlotte.com\/site\/wp-json\/wp\/v2\/pages\/1455\/revisions"}],"predecessor-version":[{"id":3150,"href":"http:\/\/www.pringueycessac-charlotte.com\/site\/wp-json\/wp\/v2\/pages\/1455\/revisions\/3150"}],"up":[{"embeddable":true,"href":"http:\/\/www.pringueycessac-charlotte.com\/site\/wp-json\/wp\/v2\/pages\/1453"}],"wp:attachment":[{"href":"http:\/\/www.pringueycessac-charlotte.com\/site\/wp-json\/wp\/v2\/media?parent=1455"}],"curies":[{"name":"wp","href":"https:\/\/api.w.org\/{rel}","templated":true}]}}