{"id":1459,"date":"2019-08-20T18:21:23","date_gmt":"2019-08-20T16:21:23","guid":{"rendered":"http:\/\/www.pringueycessac-charlotte.com\/site\/?page_id=1459"},"modified":"2025-07-08T17:24:17","modified_gmt":"2025-07-08T15:24:17","slug":"2010-sphere","status":"publish","type":"page","link":"http:\/\/www.pringueycessac-charlotte.com\/site\/sculpture-2\/2010-sphere\/","title":{"rendered":"2010 Sph\u00e8re"},"content":{"rendered":"\n<p class=\"has-text-align-right\"><strong><a href=\"http:\/\/www.pringueycessac-charlotte.com\/site\/sculpture-2\/\">Retour<\/a><\/strong><\/p>\n\n\n\n<p class=\"has-medium-font-size\">2010 &#8211; Sph\u00e8re &#8211; Paris<\/p>\n\n\n\n<div class=\"wp-block-image\"><figure class=\"aligncenter\"><img loading=\"lazy\" width=\"758\" height=\"700\" src=\"http:\/\/www.pringueycessac-charlotte.com\/site\/wp-content\/uploads\/2019\/08\/sphere.jpg\" alt=\"\" class=\"wp-image-1460\" srcset=\"http:\/\/www.pringueycessac-charlotte.com\/site\/wp-content\/uploads\/2019\/08\/sphere.jpg 758w, http:\/\/www.pringueycessac-charlotte.com\/site\/wp-content\/uploads\/2019\/08\/sphere-300x277.jpg 300w, http:\/\/www.pringueycessac-charlotte.com\/site\/wp-content\/uploads\/2019\/08\/sphere-600x554.jpg 600w\" sizes=\"(max-width: 758px) 100vw, 758px\" \/><\/figure><\/div>\n\n\n\n<p><em>Sph\u00e8re<\/em><br>2010<br>Sculpture en charbon de bois et techniques mixtes<br>30 cm de diam\u00e8tre<br>Paris<\/p>\n","protected":false},"excerpt":{"rendered":"<p>Retour 2010 &#8211; Sph\u00e8re &#8211; Paris Sph\u00e8re2010Sculpture en charbon de&#8230;<\/p>\n","protected":false},"author":1,"featured_media":0,"parent":1453,"menu_order":0,"comment_status":"closed","ping_status":"closed","template":"","meta":{"ngg_post_thumbnail":0},"yoast_head":"<!-- This site is optimized with the Yoast SEO plugin v18.8 - https:\/\/yoast.com\/wordpress\/plugins\/seo\/ -->\n<title>2010 Sph\u00e8re - Charlotte PRINGUEY CESSAC<\/title>\n<meta name=\"description\" content=\"Charlotte Pringuey-Cessac, sculpture, 2010 - Sph\u00e8re - Sculpture en charbon de bois et techniques mixtes, 30 cm de diam\u00e8tre \u2013 Paris\" \/>\n<meta name=\"robots\" content=\"index, follow, max-snippet:-1, max-image-preview:large, max-video-preview:-1\" \/>\n<link rel=\"canonical\" href=\"http:\/\/www.pringueycessac-charlotte.com\/site\/sculpture-2\/2010-sphere\/\" \/>\n<meta property=\"og:locale\" content=\"fr_FR\" \/>\n<meta property=\"og:type\" content=\"article\" \/>\n<meta property=\"og:title\" content=\"2010 Sph\u00e8re - Charlotte PRINGUEY CESSAC\" \/>\n<meta property=\"og:description\" content=\"Charlotte Pringuey-Cessac, sculpture, 2010 - Sph\u00e8re - Sculpture en charbon de bois et techniques mixtes, 30 cm de diam\u00e8tre \u2013 Paris\" \/>\n<meta property=\"og:url\" content=\"http:\/\/www.pringueycessac-charlotte.com\/site\/sculpture-2\/2010-sphere\/\" \/>\n<meta property=\"og:site_name\" content=\"Charlotte PRINGUEY CESSAC\" \/>\n<meta property=\"article:modified_time\" content=\"2025-07-08T15:24:17+00:00\" \/>\n<meta property=\"og:image\" content=\"http:\/\/www.pringueycessac-charlotte.com\/site\/wp-content\/uploads\/2019\/08\/sphere.jpg\" \/>\n<meta name=\"twitter:card\" content=\"summary_large_image\" \/>\n<meta name=\"twitter:label1\" content=\"Dur\u00e9e de lecture estim\u00e9e\" \/>\n\t<meta name=\"twitter:data1\" content=\"1 minute\" \/>\n<script type=\"application\/ld+json\" class=\"yoast-schema-graph\">{\"@context\":\"https:\/\/schema.org\",\"@graph\":[{\"@type\":[\"Person\",\"Organization\"],\"@id\":\"http:\/\/www.pringueycessac-charlotte.com\/site\/#\/schema\/person\/80712bc6db2643df3376809312d54ef6\",\"name\":\"Charlotte Pringuey-Cessac\",\"image\":{\"@type\":\"ImageObject\",\"inLanguage\":\"fr-FR\",\"@id\":\"http:\/\/www.pringueycessac-charlotte.com\/site\/#\/schema\/person\/image\/\",\"url\":\"http:\/\/0.gravatar.com\/avatar\/f9425e6f5e44c33da515b06f92bf6ac3?s=96&d=mm&r=g\",\"contentUrl\":\"http:\/\/0.gravatar.com\/avatar\/f9425e6f5e44c33da515b06f92bf6ac3?s=96&d=mm&r=g\",\"caption\":\"Charlotte Pringuey-Cessac\"},\"logo\":{\"@id\":\"http:\/\/www.pringueycessac-charlotte.com\/site\/#\/schema\/person\/image\/\"}},{\"@type\":\"WebSite\",\"@id\":\"http:\/\/www.pringueycessac-charlotte.com\/site\/#website\",\"url\":\"http:\/\/www.pringueycessac-charlotte.com\/site\/\",\"name\":\"Charlotte PRINGUEY-CESSAC\",\"description\":\"\",\"publisher\":{\"@id\":\"http:\/\/www.pringueycessac-charlotte.com\/site\/#\/schema\/person\/80712bc6db2643df3376809312d54ef6\"},\"potentialAction\":[{\"@type\":\"SearchAction\",\"target\":{\"@type\":\"EntryPoint\",\"urlTemplate\":\"http:\/\/www.pringueycessac-charlotte.com\/site\/?s={search_term_string}\"},\"query-input\":\"required name=search_term_string\"}],\"inLanguage\":\"fr-FR\"},{\"@type\":\"ImageObject\",\"inLanguage\":\"fr-FR\",\"@id\":\"http:\/\/www.pringueycessac-charlotte.com\/site\/sculpture-2\/2010-sphere\/#primaryimage\",\"url\":\"http:\/\/www.pringueycessac-charlotte.com\/site\/wp-content\/uploads\/2019\/08\/sphere.jpg\",\"contentUrl\":\"http:\/\/www.pringueycessac-charlotte.com\/site\/wp-content\/uploads\/2019\/08\/sphere.jpg\",\"width\":758,\"height\":700,\"caption\":\"2010 - Sph\u00e8re - Sculpture en charbon de bois et techniques mixtes, 30 cm de diam\u00e8tre \u2013 Paris\"},{\"@type\":\"WebPage\",\"@id\":\"http:\/\/www.pringueycessac-charlotte.com\/site\/sculpture-2\/2010-sphere\/#webpage\",\"url\":\"http:\/\/www.pringueycessac-charlotte.com\/site\/sculpture-2\/2010-sphere\/\",\"name\":\"2010 Sph\u00e8re - Charlotte PRINGUEY CESSAC\",\"isPartOf\":{\"@id\":\"http:\/\/www.pringueycessac-charlotte.com\/site\/#website\"},\"primaryImageOfPage\":{\"@id\":\"http:\/\/www.pringueycessac-charlotte.com\/site\/sculpture-2\/2010-sphere\/#primaryimage\"},\"datePublished\":\"2019-08-20T16:21:23+00:00\",\"dateModified\":\"2025-07-08T15:24:17+00:00\",\"description\":\"Charlotte Pringuey-Cessac, sculpture, 2010 - Sph\u00e8re - Sculpture en charbon de bois et techniques mixtes, 30 cm de diam\u00e8tre \u2013 Paris\",\"breadcrumb\":{\"@id\":\"http:\/\/www.pringueycessac-charlotte.com\/site\/sculpture-2\/2010-sphere\/#breadcrumb\"},\"inLanguage\":\"fr-FR\",\"potentialAction\":[{\"@type\":\"ReadAction\",\"target\":[\"http:\/\/www.pringueycessac-charlotte.com\/site\/sculpture-2\/2010-sphere\/\"]}]},{\"@type\":\"BreadcrumbList\",\"@id\":\"http:\/\/www.pringueycessac-charlotte.com\/site\/sculpture-2\/2010-sphere\/#breadcrumb\",\"itemListElement\":[{\"@type\":\"ListItem\",\"position\":1,\"name\":\"Accueil\",\"item\":\"http:\/\/www.pringueycessac-charlotte.com\/site\/\"},{\"@type\":\"ListItem\",\"position\":2,\"name\":\"Sculpture\",\"item\":\"http:\/\/www.pringueycessac-charlotte.com\/site\/sculpture-2\/\"},{\"@type\":\"ListItem\",\"position\":3,\"name\":\"2010 Sph\u00e8re\"}]}]}<\/script>\n<!-- \/ Yoast SEO plugin. -->","yoast_head_json":{"title":"2010 Sph\u00e8re - Charlotte PRINGUEY CESSAC","description":"Charlotte Pringuey-Cessac, sculpture, 2010 - Sph\u00e8re - Sculpture en charbon de bois et techniques mixtes, 30 cm de diam\u00e8tre \u2013 Paris","robots":{"index":"index","follow":"follow","max-snippet":"max-snippet:-1","max-image-preview":"max-image-preview:large","max-video-preview":"max-video-preview:-1"},"canonical":"http:\/\/www.pringueycessac-charlotte.com\/site\/sculpture-2\/2010-sphere\/","og_locale":"fr_FR","og_type":"article","og_title":"2010 Sph\u00e8re - Charlotte PRINGUEY CESSAC","og_description":"Charlotte Pringuey-Cessac, sculpture, 2010 - Sph\u00e8re - Sculpture en charbon de bois et techniques mixtes, 30 cm de diam\u00e8tre \u2013 Paris","og_url":"http:\/\/www.pringueycessac-charlotte.com\/site\/sculpture-2\/2010-sphere\/","og_site_name":"Charlotte PRINGUEY CESSAC","article_modified_time":"2025-07-08T15:24:17+00:00","og_image":[{"url":"http:\/\/www.pringueycessac-charlotte.com\/site\/wp-content\/uploads\/2019\/08\/sphere.jpg"}],"twitter_card":"summary_large_image","twitter_misc":{"Dur\u00e9e de lecture estim\u00e9e":"1 minute"},"schema":{"@context":"https:\/\/schema.org","@graph":[{"@type":["Person","Organization"],"@id":"http:\/\/www.pringueycessac-charlotte.com\/site\/#\/schema\/person\/80712bc6db2643df3376809312d54ef6","name":"Charlotte Pringuey-Cessac","image":{"@type":"ImageObject","inLanguage":"fr-FR","@id":"http:\/\/www.pringueycessac-charlotte.com\/site\/#\/schema\/person\/image\/","url":"http:\/\/0.gravatar.com\/avatar\/f9425e6f5e44c33da515b06f92bf6ac3?s=96&d=mm&r=g","contentUrl":"http:\/\/0.gravatar.com\/avatar\/f9425e6f5e44c33da515b06f92bf6ac3?s=96&d=mm&r=g","caption":"Charlotte Pringuey-Cessac"},"logo":{"@id":"http:\/\/www.pringueycessac-charlotte.com\/site\/#\/schema\/person\/image\/"}},{"@type":"WebSite","@id":"http:\/\/www.pringueycessac-charlotte.com\/site\/#website","url":"http:\/\/www.pringueycessac-charlotte.com\/site\/","name":"Charlotte PRINGUEY-CESSAC","description":"","publisher":{"@id":"http:\/\/www.pringueycessac-charlotte.com\/site\/#\/schema\/person\/80712bc6db2643df3376809312d54ef6"},"potentialAction":[{"@type":"SearchAction","target":{"@type":"EntryPoint","urlTemplate":"http:\/\/www.pringueycessac-charlotte.com\/site\/?s={search_term_string}"},"query-input":"required name=search_term_string"}],"inLanguage":"fr-FR"},{"@type":"ImageObject","inLanguage":"fr-FR","@id":"http:\/\/www.pringueycessac-charlotte.com\/site\/sculpture-2\/2010-sphere\/#primaryimage","url":"http:\/\/www.pringueycessac-charlotte.com\/site\/wp-content\/uploads\/2019\/08\/sphere.jpg","contentUrl":"http:\/\/www.pringueycessac-charlotte.com\/site\/wp-content\/uploads\/2019\/08\/sphere.jpg","width":758,"height":700,"caption":"2010 - Sph\u00e8re - Sculpture en charbon de bois et techniques mixtes, 30 cm de diam\u00e8tre \u2013 Paris"},{"@type":"WebPage","@id":"http:\/\/www.pringueycessac-charlotte.com\/site\/sculpture-2\/2010-sphere\/#webpage","url":"http:\/\/www.pringueycessac-charlotte.com\/site\/sculpture-2\/2010-sphere\/","name":"2010 Sph\u00e8re - Charlotte PRINGUEY CESSAC","isPartOf":{"@id":"http:\/\/www.pringueycessac-charlotte.com\/site\/#website"},"primaryImageOfPage":{"@id":"http:\/\/www.pringueycessac-charlotte.com\/site\/sculpture-2\/2010-sphere\/#primaryimage"},"datePublished":"2019-08-20T16:21:23+00:00","dateModified":"2025-07-08T15:24:17+00:00","description":"Charlotte Pringuey-Cessac, sculpture, 2010 - Sph\u00e8re - Sculpture en charbon de bois et techniques mixtes, 30 cm de diam\u00e8tre \u2013 Paris","breadcrumb":{"@id":"http:\/\/www.pringueycessac-charlotte.com\/site\/sculpture-2\/2010-sphere\/#breadcrumb"},"inLanguage":"fr-FR","potentialAction":[{"@type":"ReadAction","target":["http:\/\/www.pringueycessac-charlotte.com\/site\/sculpture-2\/2010-sphere\/"]}]},{"@type":"BreadcrumbList","@id":"http:\/\/www.pringueycessac-charlotte.com\/site\/sculpture-2\/2010-sphere\/#breadcrumb","itemListElement":[{"@type":"ListItem","position":1,"name":"Accueil","item":"http:\/\/www.pringueycessac-charlotte.com\/site\/"},{"@type":"ListItem","position":2,"name":"Sculpture","item":"http:\/\/www.pringueycessac-charlotte.com\/site\/sculpture-2\/"},{"@type":"ListItem","position":3,"name":"2010 Sph\u00e8re"}]}]}},"_links":{"self":[{"href":"http:\/\/www.pringueycessac-charlotte.com\/site\/wp-json\/wp\/v2\/pages\/1459"}],"collection":[{"href":"http:\/\/www.pringueycessac-charlotte.com\/site\/wp-json\/wp\/v2\/pages"}],"about":[{"href":"http:\/\/www.pringueycessac-charlotte.com\/site\/wp-json\/wp\/v2\/types\/page"}],"author":[{"embeddable":true,"href":"http:\/\/www.pringueycessac-charlotte.com\/site\/wp-json\/wp\/v2\/users\/1"}],"replies":[{"embeddable":true,"href":"http:\/\/www.pringueycessac-charlotte.com\/site\/wp-json\/wp\/v2\/comments?post=1459"}],"version-history":[{"count":6,"href":"http:\/\/www.pringueycessac-charlotte.com\/site\/wp-json\/wp\/v2\/pages\/1459\/revisions"}],"predecessor-version":[{"id":3152,"href":"http:\/\/www.pringueycessac-charlotte.com\/site\/wp-json\/wp\/v2\/pages\/1459\/revisions\/3152"}],"up":[{"embeddable":true,"href":"http:\/\/www.pringueycessac-charlotte.com\/site\/wp-json\/wp\/v2\/pages\/1453"}],"wp:attachment":[{"href":"http:\/\/www.pringueycessac-charlotte.com\/site\/wp-json\/wp\/v2\/media?parent=1459"}],"curies":[{"name":"wp","href":"https:\/\/api.w.org\/{rel}","templated":true}]}}