{"id":1478,"date":"2019-08-20T18:40:01","date_gmt":"2019-08-20T16:40:01","guid":{"rendered":"http:\/\/www.pringueycessac-charlotte.com\/site\/?page_id=1478"},"modified":"2025-07-08T17:38:25","modified_gmt":"2025-07-08T15:38:25","slug":"2015-adagio","status":"publish","type":"page","link":"http:\/\/www.pringueycessac-charlotte.com\/site\/sculpture-2\/2015-adagio\/","title":{"rendered":"2015 Adagio"},"content":{"rendered":"\n<p class=\"has-text-align-right\"><strong><a href=\"http:\/\/www.pringueycessac-charlotte.com\/site\/sculpture-2\/\">Retour<\/a><\/strong><\/p>\n\n\n\n<p class=\"has-medium-font-size\">2015 &#8211; Adagio #1 et #2 &#8211; Galerie Martagon &#8211; Malauc\u00e8ne<\/p>\n\n\n\n\n\n<div class=\"ngg-galleryoverview ngg-slideshow\"\n\t id=\"ngg-slideshow-80642a2d1460ee758cf464005b9469d0-11652311640\"\n     data-gallery-id=\"80642a2d1460ee758cf464005b9469d0\"\n     style=\"max-width: 750px; max-height: 500px;\">\n\n \t<div id=\"ngg-image-0\" class=\"ngg-gallery-slideshow-image\" style=\"height:500px\">\n\n        <a href=\"http:\/\/www.pringueycessac-charlotte.com\/site\/wp-content\/gallery\/adagio\/adagio2.jpg\"\n           title=\"2015 - Adagio#2 - Sculpture en ch\u00eane et Charbon de bois, 20x20x10 cm - Galerie Martagon \u2013 Malauc\u00e8ne\"\n           data-src=\"http:\/\/www.pringueycessac-charlotte.com\/site\/wp-content\/gallery\/adagio\/adagio2.jpg\"\n           data-thumbnail=\"http:\/\/www.pringueycessac-charlotte.com\/site\/wp-content\/gallery\/adagio\/thumbs\/thumbs_adagio2.jpg\"\n           data-image-id=\"287\"\n           data-title=\"2015 - Adagio#2 - Sculpture en ch\u00eane et Charbon de bois, 20x20x10 cm - Galerie Martagon \u2013 Malauc\u00e8ne\"\n           data-description=\"2015 - Adagio#2 - Sculpture en ch\u00eane et Charbon de bois, 20x20x10 cm - Galerie Martagon \u2013 Malauc\u00e8ne\"\n           class=\"ngg-simplelightbox\" rel=\"80642a2d1460ee758cf464005b9469d0\">\n\n            <img data-image-id='287'\n                 title=\"2015 - Adagio#2 - Sculpture en ch\u00eane et Charbon de bois, 20x20x10 cm - Galerie Martagon \u2013 Malauc\u00e8ne\"\n                 alt=\"2015 - Adagio#2 - Sculpture en ch\u00eane et Charbon de bois, 20x20x10 cm - Galerie Martagon \u2013 Malauc\u00e8ne\"\n                 src=\"http:\/\/www.pringueycessac-charlotte.com\/site\/wp-content\/gallery\/adagio\/adagio2.jpg\"\n                 style=\"max-height: 480px;\"\/>\n        <\/a>\n\n        <\/div> \n<div id=\"ngg-image-1\" class=\"ngg-gallery-slideshow-image\" style=\"height:500px\">\n\n        <a href=\"http:\/\/www.pringueycessac-charlotte.com\/site\/wp-content\/gallery\/adagio\/adagio1.jpg\"\n           title=\"2015 - Adagio#1 - Sculpture en c\u00e8dre du Liban et Charbon de bois, 20x60x100 cm - Galerie Martagon \u2013 Malauc\u00e8ne\"\n           data-src=\"http:\/\/www.pringueycessac-charlotte.com\/site\/wp-content\/gallery\/adagio\/adagio1.jpg\"\n           data-thumbnail=\"http:\/\/www.pringueycessac-charlotte.com\/site\/wp-content\/gallery\/adagio\/thumbs\/thumbs_adagio1.jpg\"\n           data-image-id=\"286\"\n           data-title=\"2015 - Adagio#1 - Sculpture en c\u00e8dre du Liban et Charbon de bois, 20x60x100 cm - Galerie Martagon \u2013 Malauc\u00e8ne\"\n           data-description=\"2015 - Adagio#1 - Sculpture en c\u00e8dre du Liban et Charbon de bois, 20x60x100 cm - Galerie Martagon \u2013 Malauc\u00e8ne\"\n           class=\"ngg-simplelightbox\" rel=\"80642a2d1460ee758cf464005b9469d0\">\n\n            <img data-image-id='286'\n                 title=\"2015 - Adagio#1 - Sculpture en c\u00e8dre du Liban et Charbon de bois, 20x60x100 cm - Galerie Martagon \u2013 Malauc\u00e8ne\"\n                 alt=\"2015 - Adagio#1 - Sculpture en c\u00e8dre du Liban et Charbon de bois, 20x60x100 cm - Galerie Martagon \u2013 Malauc\u00e8ne\"\n                 src=\"http:\/\/www.pringueycessac-charlotte.com\/site\/wp-content\/gallery\/adagio\/adagio1.jpg\"\n                 style=\"max-height: 480px;\"\/>\n        <\/a>\n\n        <\/div> \n<\/div>\n\n\n\n\n\n\n\n<p class=\"has-text-align-center has-small-font-size\"><em>Survoler l\u2019image pour voir la l\u00e9gende<\/em><\/p>\n\n\n\n<p><em>Adagio#2<\/em><br>2017<br>Sculpture en ch\u00eane et Charbon de bois<br>20x20x10 cm<br>Versailles<\/p>\n\n\n\n<p><em>Adagio#1<\/em><br>2015<br>Sculpture en c\u00e8dre du Liban et Charbon de bois<br>20x60x100 cm<br>Galerie Martagon \u2013 Malauc\u00e8ne<\/p>\n\n\n\n<p>Cette sculpture fait \u00e9cho \u00e0 la structure musicale de l\u2019adagio &#8211; A\/B\/A &#8211; Le c\u0153ur en bois \u00e0 la forme g\u00e9om\u00e9trique tranche avec les deux autres parties, \u00e9corces br\u00fbl\u00e9es aux formes irr\u00e9guli\u00e8res. Cette sculpture renvoie \u00e9galement \u00e0 cette vision du son dont la ligne imaginaire cr\u00e9e des ondes lat\u00e9rales vibratoires. <\/p>\n","protected":false},"excerpt":{"rendered":"<p>Retour 2015 &#8211; Adagio #1 et #2 &#8211; Galerie Martagon&#8230;<\/p>\n","protected":false},"author":1,"featured_media":0,"parent":1453,"menu_order":0,"comment_status":"closed","ping_status":"closed","template":"","meta":{"ngg_post_thumbnail":0},"yoast_head":"<!-- This site is optimized with the Yoast SEO plugin v18.8 - https:\/\/yoast.com\/wordpress\/plugins\/seo\/ -->\n<title>2015 Adagio - Charlotte PRINGUEY CESSAC<\/title>\n<meta name=\"description\" content=\"Charlotte Pringuey-Cessac, sculpture, 2015 - Adagio #1 et #2 - Galerie Martagon - Malauc\u00e8ne Cette sculpture fait \u00e9cho \u00e0 la structure musicale de l\u2019adagio...\" \/>\n<meta name=\"robots\" content=\"index, follow, max-snippet:-1, max-image-preview:large, max-video-preview:-1\" \/>\n<link rel=\"canonical\" href=\"http:\/\/www.pringueycessac-charlotte.com\/site\/sculpture-2\/2015-adagio\/\" \/>\n<meta property=\"og:locale\" content=\"fr_FR\" \/>\n<meta property=\"og:type\" content=\"article\" \/>\n<meta property=\"og:title\" content=\"2015 Adagio - Charlotte PRINGUEY CESSAC\" \/>\n<meta property=\"og:description\" content=\"Charlotte Pringuey-Cessac, sculpture, 2015 - Adagio #1 et #2 - Galerie Martagon - Malauc\u00e8ne Cette sculpture fait \u00e9cho \u00e0 la structure musicale de l\u2019adagio...\" \/>\n<meta property=\"og:url\" content=\"http:\/\/www.pringueycessac-charlotte.com\/site\/sculpture-2\/2015-adagio\/\" \/>\n<meta property=\"og:site_name\" content=\"Charlotte PRINGUEY CESSAC\" \/>\n<meta property=\"article:modified_time\" content=\"2025-07-08T15:38:25+00:00\" \/>\n<meta name=\"twitter:card\" content=\"summary_large_image\" \/>\n<meta name=\"twitter:label1\" content=\"Dur\u00e9e de lecture estim\u00e9e\" \/>\n\t<meta name=\"twitter:data1\" content=\"1 minute\" \/>\n<script type=\"application\/ld+json\" class=\"yoast-schema-graph\">{\"@context\":\"https:\/\/schema.org\",\"@graph\":[{\"@type\":[\"Person\",\"Organization\"],\"@id\":\"http:\/\/www.pringueycessac-charlotte.com\/site\/#\/schema\/person\/80712bc6db2643df3376809312d54ef6\",\"name\":\"Charlotte Pringuey-Cessac\",\"image\":{\"@type\":\"ImageObject\",\"inLanguage\":\"fr-FR\",\"@id\":\"http:\/\/www.pringueycessac-charlotte.com\/site\/#\/schema\/person\/image\/\",\"url\":\"http:\/\/0.gravatar.com\/avatar\/f9425e6f5e44c33da515b06f92bf6ac3?s=96&d=mm&r=g\",\"contentUrl\":\"http:\/\/0.gravatar.com\/avatar\/f9425e6f5e44c33da515b06f92bf6ac3?s=96&d=mm&r=g\",\"caption\":\"Charlotte Pringuey-Cessac\"},\"logo\":{\"@id\":\"http:\/\/www.pringueycessac-charlotte.com\/site\/#\/schema\/person\/image\/\"}},{\"@type\":\"WebSite\",\"@id\":\"http:\/\/www.pringueycessac-charlotte.com\/site\/#website\",\"url\":\"http:\/\/www.pringueycessac-charlotte.com\/site\/\",\"name\":\"Charlotte PRINGUEY-CESSAC\",\"description\":\"\",\"publisher\":{\"@id\":\"http:\/\/www.pringueycessac-charlotte.com\/site\/#\/schema\/person\/80712bc6db2643df3376809312d54ef6\"},\"potentialAction\":[{\"@type\":\"SearchAction\",\"target\":{\"@type\":\"EntryPoint\",\"urlTemplate\":\"http:\/\/www.pringueycessac-charlotte.com\/site\/?s={search_term_string}\"},\"query-input\":\"required name=search_term_string\"}],\"inLanguage\":\"fr-FR\"},{\"@type\":\"WebPage\",\"@id\":\"http:\/\/www.pringueycessac-charlotte.com\/site\/sculpture-2\/2015-adagio\/#webpage\",\"url\":\"http:\/\/www.pringueycessac-charlotte.com\/site\/sculpture-2\/2015-adagio\/\",\"name\":\"2015 Adagio - Charlotte PRINGUEY CESSAC\",\"isPartOf\":{\"@id\":\"http:\/\/www.pringueycessac-charlotte.com\/site\/#website\"},\"datePublished\":\"2019-08-20T16:40:01+00:00\",\"dateModified\":\"2025-07-08T15:38:25+00:00\",\"description\":\"Charlotte Pringuey-Cessac, sculpture, 2015 - Adagio #1 et #2 - Galerie Martagon - Malauc\u00e8ne Cette sculpture fait \u00e9cho \u00e0 la structure musicale de l\u2019adagio...\",\"breadcrumb\":{\"@id\":\"http:\/\/www.pringueycessac-charlotte.com\/site\/sculpture-2\/2015-adagio\/#breadcrumb\"},\"inLanguage\":\"fr-FR\",\"potentialAction\":[{\"@type\":\"ReadAction\",\"target\":[\"http:\/\/www.pringueycessac-charlotte.com\/site\/sculpture-2\/2015-adagio\/\"]}]},{\"@type\":\"BreadcrumbList\",\"@id\":\"http:\/\/www.pringueycessac-charlotte.com\/site\/sculpture-2\/2015-adagio\/#breadcrumb\",\"itemListElement\":[{\"@type\":\"ListItem\",\"position\":1,\"name\":\"Accueil\",\"item\":\"http:\/\/www.pringueycessac-charlotte.com\/site\/\"},{\"@type\":\"ListItem\",\"position\":2,\"name\":\"Sculpture\",\"item\":\"http:\/\/www.pringueycessac-charlotte.com\/site\/sculpture-2\/\"},{\"@type\":\"ListItem\",\"position\":3,\"name\":\"2015 Adagio\"}]}]}<\/script>\n<!-- \/ Yoast SEO plugin. -->","yoast_head_json":{"title":"2015 Adagio - Charlotte PRINGUEY CESSAC","description":"Charlotte Pringuey-Cessac, sculpture, 2015 - Adagio #1 et #2 - Galerie Martagon - Malauc\u00e8ne Cette sculpture fait \u00e9cho \u00e0 la structure musicale de l\u2019adagio...","robots":{"index":"index","follow":"follow","max-snippet":"max-snippet:-1","max-image-preview":"max-image-preview:large","max-video-preview":"max-video-preview:-1"},"canonical":"http:\/\/www.pringueycessac-charlotte.com\/site\/sculpture-2\/2015-adagio\/","og_locale":"fr_FR","og_type":"article","og_title":"2015 Adagio - Charlotte PRINGUEY CESSAC","og_description":"Charlotte Pringuey-Cessac, sculpture, 2015 - Adagio #1 et #2 - Galerie Martagon - Malauc\u00e8ne Cette sculpture fait \u00e9cho \u00e0 la structure musicale de l\u2019adagio...","og_url":"http:\/\/www.pringueycessac-charlotte.com\/site\/sculpture-2\/2015-adagio\/","og_site_name":"Charlotte PRINGUEY CESSAC","article_modified_time":"2025-07-08T15:38:25+00:00","twitter_card":"summary_large_image","twitter_misc":{"Dur\u00e9e de lecture estim\u00e9e":"1 minute"},"schema":{"@context":"https:\/\/schema.org","@graph":[{"@type":["Person","Organization"],"@id":"http:\/\/www.pringueycessac-charlotte.com\/site\/#\/schema\/person\/80712bc6db2643df3376809312d54ef6","name":"Charlotte Pringuey-Cessac","image":{"@type":"ImageObject","inLanguage":"fr-FR","@id":"http:\/\/www.pringueycessac-charlotte.com\/site\/#\/schema\/person\/image\/","url":"http:\/\/0.gravatar.com\/avatar\/f9425e6f5e44c33da515b06f92bf6ac3?s=96&d=mm&r=g","contentUrl":"http:\/\/0.gravatar.com\/avatar\/f9425e6f5e44c33da515b06f92bf6ac3?s=96&d=mm&r=g","caption":"Charlotte Pringuey-Cessac"},"logo":{"@id":"http:\/\/www.pringueycessac-charlotte.com\/site\/#\/schema\/person\/image\/"}},{"@type":"WebSite","@id":"http:\/\/www.pringueycessac-charlotte.com\/site\/#website","url":"http:\/\/www.pringueycessac-charlotte.com\/site\/","name":"Charlotte PRINGUEY-CESSAC","description":"","publisher":{"@id":"http:\/\/www.pringueycessac-charlotte.com\/site\/#\/schema\/person\/80712bc6db2643df3376809312d54ef6"},"potentialAction":[{"@type":"SearchAction","target":{"@type":"EntryPoint","urlTemplate":"http:\/\/www.pringueycessac-charlotte.com\/site\/?s={search_term_string}"},"query-input":"required name=search_term_string"}],"inLanguage":"fr-FR"},{"@type":"WebPage","@id":"http:\/\/www.pringueycessac-charlotte.com\/site\/sculpture-2\/2015-adagio\/#webpage","url":"http:\/\/www.pringueycessac-charlotte.com\/site\/sculpture-2\/2015-adagio\/","name":"2015 Adagio - Charlotte PRINGUEY CESSAC","isPartOf":{"@id":"http:\/\/www.pringueycessac-charlotte.com\/site\/#website"},"datePublished":"2019-08-20T16:40:01+00:00","dateModified":"2025-07-08T15:38:25+00:00","description":"Charlotte Pringuey-Cessac, sculpture, 2015 - Adagio #1 et #2 - Galerie Martagon - Malauc\u00e8ne Cette sculpture fait \u00e9cho \u00e0 la structure musicale de l\u2019adagio...","breadcrumb":{"@id":"http:\/\/www.pringueycessac-charlotte.com\/site\/sculpture-2\/2015-adagio\/#breadcrumb"},"inLanguage":"fr-FR","potentialAction":[{"@type":"ReadAction","target":["http:\/\/www.pringueycessac-charlotte.com\/site\/sculpture-2\/2015-adagio\/"]}]},{"@type":"BreadcrumbList","@id":"http:\/\/www.pringueycessac-charlotte.com\/site\/sculpture-2\/2015-adagio\/#breadcrumb","itemListElement":[{"@type":"ListItem","position":1,"name":"Accueil","item":"http:\/\/www.pringueycessac-charlotte.com\/site\/"},{"@type":"ListItem","position":2,"name":"Sculpture","item":"http:\/\/www.pringueycessac-charlotte.com\/site\/sculpture-2\/"},{"@type":"ListItem","position":3,"name":"2015 Adagio"}]}]}},"_links":{"self":[{"href":"http:\/\/www.pringueycessac-charlotte.com\/site\/wp-json\/wp\/v2\/pages\/1478"}],"collection":[{"href":"http:\/\/www.pringueycessac-charlotte.com\/site\/wp-json\/wp\/v2\/pages"}],"about":[{"href":"http:\/\/www.pringueycessac-charlotte.com\/site\/wp-json\/wp\/v2\/types\/page"}],"author":[{"embeddable":true,"href":"http:\/\/www.pringueycessac-charlotte.com\/site\/wp-json\/wp\/v2\/users\/1"}],"replies":[{"embeddable":true,"href":"http:\/\/www.pringueycessac-charlotte.com\/site\/wp-json\/wp\/v2\/comments?post=1478"}],"version-history":[{"count":7,"href":"http:\/\/www.pringueycessac-charlotte.com\/site\/wp-json\/wp\/v2\/pages\/1478\/revisions"}],"predecessor-version":[{"id":3163,"href":"http:\/\/www.pringueycessac-charlotte.com\/site\/wp-json\/wp\/v2\/pages\/1478\/revisions\/3163"}],"up":[{"embeddable":true,"href":"http:\/\/www.pringueycessac-charlotte.com\/site\/wp-json\/wp\/v2\/pages\/1453"}],"wp:attachment":[{"href":"http:\/\/www.pringueycessac-charlotte.com\/site\/wp-json\/wp\/v2\/media?parent=1478"}],"curies":[{"name":"wp","href":"https:\/\/api.w.org\/{rel}","templated":true}]}}