{"id":1483,"date":"2019-08-20T18:43:54","date_gmt":"2019-08-20T16:43:54","guid":{"rendered":"http:\/\/www.pringueycessac-charlotte.com\/site\/?page_id=1483"},"modified":"2025-07-08T17:41:12","modified_gmt":"2025-07-08T15:41:12","slug":"2016-empreinte","status":"publish","type":"page","link":"http:\/\/www.pringueycessac-charlotte.com\/site\/sculpture-2\/2016-empreinte\/","title":{"rendered":"2016 Empreinte"},"content":{"rendered":"\n<p class=\"has-text-align-right\"><strong><a href=\"http:\/\/www.pringueycessac-charlotte.com\/site\/sculpture-2\/\">Retour<\/a><\/strong><\/p>\n\n\n\n<p class=\"has-medium-font-size\">2016 &#8211; Empreinte &#8211; Galerie Eva Vautier &#8211; Nice<\/p>\n\n\n\n\n\n<div class=\"ngg-galleryoverview ngg-slideshow\"\n\t id=\"ngg-slideshow-e68eed303d7631cf5ffedb89df57c80e-510774690\"\n     data-gallery-id=\"e68eed303d7631cf5ffedb89df57c80e\"\n     style=\"max-width: 750px; max-height: 500px;\">\n\n \t<div id=\"ngg-image-0\" class=\"ngg-gallery-slideshow-image\" style=\"height:500px\">\n\n        <a href=\"http:\/\/www.pringueycessac-charlotte.com\/site\/wp-content\/gallery\/empreinte\/empreinte.jpg\"\n           title=\"2016 - Empreinte - Sculpture en bois de platane et charbon de bois, 84 x 60 x 30 cm - Galerie Eva Vautier - Nice\"\n           data-src=\"http:\/\/www.pringueycessac-charlotte.com\/site\/wp-content\/gallery\/empreinte\/empreinte.jpg\"\n           data-thumbnail=\"http:\/\/www.pringueycessac-charlotte.com\/site\/wp-content\/gallery\/empreinte\/thumbs\/thumbs_empreinte.jpg\"\n           data-image-id=\"288\"\n           data-title=\"2016 - Empreinte - Sculpture en bois de platane et charbon de bois, 84 x 60 x 30 cm - Galerie Eva Vautier - Nice\"\n           data-description=\"2016 - Empreinte - Sculpture en bois de platane et charbon de bois, 84 x 60 x 30 cm - Galerie Eva Vautier - Nice\"\n           class=\"ngg-simplelightbox\" rel=\"e68eed303d7631cf5ffedb89df57c80e\">\n\n            <img data-image-id='288'\n                 title=\"2016 - Empreinte - Sculpture en bois de platane et charbon de bois, 84 x 60 x 30 cm - Galerie Eva Vautier - Nice\"\n                 alt=\"2016 - Empreinte - Sculpture en bois de platane et charbon de bois, 84 x 60 x 30 cm - Galerie Eva Vautier - Nice\"\n                 src=\"http:\/\/www.pringueycessac-charlotte.com\/site\/wp-content\/gallery\/empreinte\/empreinte.jpg\"\n                 style=\"max-height: 480px;\"\/>\n        <\/a>\n\n        <\/div> \n<div id=\"ngg-image-1\" class=\"ngg-gallery-slideshow-image\" style=\"height:500px\">\n\n        <a href=\"http:\/\/www.pringueycessac-charlotte.com\/site\/wp-content\/gallery\/empreinte\/empreinteb.jpg\"\n           title=\"2016 - Empreinte - Sculpture en bois de platane et charbon de bois, 84 x 60 x 30 cm - Galerie Eva Vautier \u2013 Nice\"\n           data-src=\"http:\/\/www.pringueycessac-charlotte.com\/site\/wp-content\/gallery\/empreinte\/empreinteb.jpg\"\n           data-thumbnail=\"http:\/\/www.pringueycessac-charlotte.com\/site\/wp-content\/gallery\/empreinte\/thumbs\/thumbs_empreinteb.jpg\"\n           data-image-id=\"289\"\n           data-title=\"2016 - Empreinte - Sculpture en bois de platane et charbon de bois, 84 x 60 x 30 cm - Galerie Eva Vautier \u2013 Nice\"\n           data-description=\"2016 - Empreinte - Sculpture en bois de platane et charbon de bois, 84 x 60 x 30 cm - Galerie Eva Vautier \u2013 Nice\"\n           class=\"ngg-simplelightbox\" rel=\"e68eed303d7631cf5ffedb89df57c80e\">\n\n            <img data-image-id='289'\n                 title=\"2016 - Empreinte - Sculpture en bois de platane et charbon de bois, 84 x 60 x 30 cm - Galerie Eva Vautier \u2013 Nice\"\n                 alt=\"2016 - Empreinte - Sculpture en bois de platane et charbon de bois, 84 x 60 x 30 cm - Galerie Eva Vautier \u2013 Nice\"\n                 src=\"http:\/\/www.pringueycessac-charlotte.com\/site\/wp-content\/gallery\/empreinte\/empreinteb.jpg\"\n                 style=\"max-height: 480px;\"\/>\n        <\/a>\n\n        <\/div> \n<\/div>\n\n\n\n\n\n\n\n<p><em>Empreinte<\/em><br>2016<br>Sculpture en bois de platane et charbon de bois<br>84 x 60 x 30 cm<br>Galerie Eva Vautier \u2013 Nice<\/p>\n\n\n\n<p>Ce tronc de platane a \u00e9t\u00e9 tron\u00e7onn\u00e9 en quatre endroits : \u00e0 sa base, sur les c\u00f4t\u00e9s et sur la partie sup\u00e9rieure. A chaque d\u00e9coupe, la trace du passage, l\u2019empreinte de l\u2019outil est pr\u00e9sente, irr\u00e9guli\u00e8re, h\u00e9sitante&#8230;La tron\u00e7onneuse m\u2019a permis de cr\u00e9er des d\u00e9coupes dans la mati\u00e8re du bois en op\u00e9rant un dessin non contr\u00f4l\u00e9. Ces empreintes de l\u2019action, cr\u00e9ant ainsi des paysages abstraits, sont r\u00e9v\u00e9l\u00e9es et mises en valeur par le frottage de charbon de bois sur ces d\u00e9coupes de mani\u00e8re pr\u00e9cise.Le reste du tronc, ses courbes proches de celles d\u2019un corps, en sont \u00e9galement soulign\u00e9es par un jeu d\u2019opposition.<\/p>\n","protected":false},"excerpt":{"rendered":"<p>Retour 2016 &#8211; Empreinte &#8211; Galerie Eva Vautier &#8211; Nice&#8230;<\/p>\n","protected":false},"author":1,"featured_media":0,"parent":1453,"menu_order":0,"comment_status":"closed","ping_status":"closed","template":"","meta":{"ngg_post_thumbnail":0},"yoast_head":"<!-- This site is optimized with the Yoast SEO plugin v18.8 - https:\/\/yoast.com\/wordpress\/plugins\/seo\/ -->\n<title>2016 Empreinte - Charlotte PRINGUEY CESSAC<\/title>\n<meta name=\"description\" content=\"Sculpture Empreinte Charlotte pringuey Cessac, 2016, Sculpture en bois de platane et charbon de bois, 84 x 60 x 30 cm - Galerie Eva Vautier \u2013 Nice\" \/>\n<meta name=\"robots\" content=\"index, follow, max-snippet:-1, max-image-preview:large, max-video-preview:-1\" \/>\n<link rel=\"canonical\" href=\"http:\/\/www.pringueycessac-charlotte.com\/site\/sculpture-2\/2016-empreinte\/\" \/>\n<meta property=\"og:locale\" content=\"fr_FR\" \/>\n<meta property=\"og:type\" content=\"article\" \/>\n<meta property=\"og:title\" content=\"2016 Empreinte - Charlotte PRINGUEY CESSAC\" \/>\n<meta property=\"og:description\" content=\"Sculpture Empreinte Charlotte pringuey Cessac, 2016, Sculpture en bois de platane et charbon de bois, 84 x 60 x 30 cm - Galerie Eva Vautier \u2013 Nice\" \/>\n<meta property=\"og:url\" content=\"http:\/\/www.pringueycessac-charlotte.com\/site\/sculpture-2\/2016-empreinte\/\" \/>\n<meta property=\"og:site_name\" content=\"Charlotte PRINGUEY CESSAC\" \/>\n<meta property=\"article:modified_time\" content=\"2025-07-08T15:41:12+00:00\" \/>\n<meta name=\"twitter:card\" content=\"summary_large_image\" \/>\n<meta name=\"twitter:label1\" content=\"Dur\u00e9e de lecture estim\u00e9e\" \/>\n\t<meta name=\"twitter:data1\" content=\"1 minute\" \/>\n<script type=\"application\/ld+json\" class=\"yoast-schema-graph\">{\"@context\":\"https:\/\/schema.org\",\"@graph\":[{\"@type\":[\"Person\",\"Organization\"],\"@id\":\"http:\/\/www.pringueycessac-charlotte.com\/site\/#\/schema\/person\/80712bc6db2643df3376809312d54ef6\",\"name\":\"Charlotte Pringuey-Cessac\",\"image\":{\"@type\":\"ImageObject\",\"inLanguage\":\"fr-FR\",\"@id\":\"http:\/\/www.pringueycessac-charlotte.com\/site\/#\/schema\/person\/image\/\",\"url\":\"http:\/\/0.gravatar.com\/avatar\/f9425e6f5e44c33da515b06f92bf6ac3?s=96&d=mm&r=g\",\"contentUrl\":\"http:\/\/0.gravatar.com\/avatar\/f9425e6f5e44c33da515b06f92bf6ac3?s=96&d=mm&r=g\",\"caption\":\"Charlotte Pringuey-Cessac\"},\"logo\":{\"@id\":\"http:\/\/www.pringueycessac-charlotte.com\/site\/#\/schema\/person\/image\/\"}},{\"@type\":\"WebSite\",\"@id\":\"http:\/\/www.pringueycessac-charlotte.com\/site\/#website\",\"url\":\"http:\/\/www.pringueycessac-charlotte.com\/site\/\",\"name\":\"Charlotte PRINGUEY-CESSAC\",\"description\":\"\",\"publisher\":{\"@id\":\"http:\/\/www.pringueycessac-charlotte.com\/site\/#\/schema\/person\/80712bc6db2643df3376809312d54ef6\"},\"potentialAction\":[{\"@type\":\"SearchAction\",\"target\":{\"@type\":\"EntryPoint\",\"urlTemplate\":\"http:\/\/www.pringueycessac-charlotte.com\/site\/?s={search_term_string}\"},\"query-input\":\"required name=search_term_string\"}],\"inLanguage\":\"fr-FR\"},{\"@type\":\"WebPage\",\"@id\":\"http:\/\/www.pringueycessac-charlotte.com\/site\/sculpture-2\/2016-empreinte\/#webpage\",\"url\":\"http:\/\/www.pringueycessac-charlotte.com\/site\/sculpture-2\/2016-empreinte\/\",\"name\":\"2016 Empreinte - Charlotte PRINGUEY CESSAC\",\"isPartOf\":{\"@id\":\"http:\/\/www.pringueycessac-charlotte.com\/site\/#website\"},\"datePublished\":\"2019-08-20T16:43:54+00:00\",\"dateModified\":\"2025-07-08T15:41:12+00:00\",\"description\":\"Sculpture Empreinte Charlotte pringuey Cessac, 2016, Sculpture en bois de platane et charbon de bois, 84 x 60 x 30 cm - Galerie Eva Vautier \u2013 Nice\",\"breadcrumb\":{\"@id\":\"http:\/\/www.pringueycessac-charlotte.com\/site\/sculpture-2\/2016-empreinte\/#breadcrumb\"},\"inLanguage\":\"fr-FR\",\"potentialAction\":[{\"@type\":\"ReadAction\",\"target\":[\"http:\/\/www.pringueycessac-charlotte.com\/site\/sculpture-2\/2016-empreinte\/\"]}]},{\"@type\":\"BreadcrumbList\",\"@id\":\"http:\/\/www.pringueycessac-charlotte.com\/site\/sculpture-2\/2016-empreinte\/#breadcrumb\",\"itemListElement\":[{\"@type\":\"ListItem\",\"position\":1,\"name\":\"Accueil\",\"item\":\"http:\/\/www.pringueycessac-charlotte.com\/site\/\"},{\"@type\":\"ListItem\",\"position\":2,\"name\":\"Sculpture\",\"item\":\"http:\/\/www.pringueycessac-charlotte.com\/site\/sculpture-2\/\"},{\"@type\":\"ListItem\",\"position\":3,\"name\":\"2016 Empreinte\"}]}]}<\/script>\n<!-- \/ Yoast SEO plugin. -->","yoast_head_json":{"title":"2016 Empreinte - Charlotte PRINGUEY CESSAC","description":"Sculpture Empreinte Charlotte pringuey Cessac, 2016, Sculpture en bois de platane et charbon de bois, 84 x 60 x 30 cm - Galerie Eva Vautier \u2013 Nice","robots":{"index":"index","follow":"follow","max-snippet":"max-snippet:-1","max-image-preview":"max-image-preview:large","max-video-preview":"max-video-preview:-1"},"canonical":"http:\/\/www.pringueycessac-charlotte.com\/site\/sculpture-2\/2016-empreinte\/","og_locale":"fr_FR","og_type":"article","og_title":"2016 Empreinte - Charlotte PRINGUEY CESSAC","og_description":"Sculpture Empreinte Charlotte pringuey Cessac, 2016, Sculpture en bois de platane et charbon de bois, 84 x 60 x 30 cm - Galerie Eva Vautier \u2013 Nice","og_url":"http:\/\/www.pringueycessac-charlotte.com\/site\/sculpture-2\/2016-empreinte\/","og_site_name":"Charlotte PRINGUEY CESSAC","article_modified_time":"2025-07-08T15:41:12+00:00","twitter_card":"summary_large_image","twitter_misc":{"Dur\u00e9e de lecture estim\u00e9e":"1 minute"},"schema":{"@context":"https:\/\/schema.org","@graph":[{"@type":["Person","Organization"],"@id":"http:\/\/www.pringueycessac-charlotte.com\/site\/#\/schema\/person\/80712bc6db2643df3376809312d54ef6","name":"Charlotte Pringuey-Cessac","image":{"@type":"ImageObject","inLanguage":"fr-FR","@id":"http:\/\/www.pringueycessac-charlotte.com\/site\/#\/schema\/person\/image\/","url":"http:\/\/0.gravatar.com\/avatar\/f9425e6f5e44c33da515b06f92bf6ac3?s=96&d=mm&r=g","contentUrl":"http:\/\/0.gravatar.com\/avatar\/f9425e6f5e44c33da515b06f92bf6ac3?s=96&d=mm&r=g","caption":"Charlotte Pringuey-Cessac"},"logo":{"@id":"http:\/\/www.pringueycessac-charlotte.com\/site\/#\/schema\/person\/image\/"}},{"@type":"WebSite","@id":"http:\/\/www.pringueycessac-charlotte.com\/site\/#website","url":"http:\/\/www.pringueycessac-charlotte.com\/site\/","name":"Charlotte PRINGUEY-CESSAC","description":"","publisher":{"@id":"http:\/\/www.pringueycessac-charlotte.com\/site\/#\/schema\/person\/80712bc6db2643df3376809312d54ef6"},"potentialAction":[{"@type":"SearchAction","target":{"@type":"EntryPoint","urlTemplate":"http:\/\/www.pringueycessac-charlotte.com\/site\/?s={search_term_string}"},"query-input":"required name=search_term_string"}],"inLanguage":"fr-FR"},{"@type":"WebPage","@id":"http:\/\/www.pringueycessac-charlotte.com\/site\/sculpture-2\/2016-empreinte\/#webpage","url":"http:\/\/www.pringueycessac-charlotte.com\/site\/sculpture-2\/2016-empreinte\/","name":"2016 Empreinte - Charlotte PRINGUEY CESSAC","isPartOf":{"@id":"http:\/\/www.pringueycessac-charlotte.com\/site\/#website"},"datePublished":"2019-08-20T16:43:54+00:00","dateModified":"2025-07-08T15:41:12+00:00","description":"Sculpture Empreinte Charlotte pringuey Cessac, 2016, Sculpture en bois de platane et charbon de bois, 84 x 60 x 30 cm - Galerie Eva Vautier \u2013 Nice","breadcrumb":{"@id":"http:\/\/www.pringueycessac-charlotte.com\/site\/sculpture-2\/2016-empreinte\/#breadcrumb"},"inLanguage":"fr-FR","potentialAction":[{"@type":"ReadAction","target":["http:\/\/www.pringueycessac-charlotte.com\/site\/sculpture-2\/2016-empreinte\/"]}]},{"@type":"BreadcrumbList","@id":"http:\/\/www.pringueycessac-charlotte.com\/site\/sculpture-2\/2016-empreinte\/#breadcrumb","itemListElement":[{"@type":"ListItem","position":1,"name":"Accueil","item":"http:\/\/www.pringueycessac-charlotte.com\/site\/"},{"@type":"ListItem","position":2,"name":"Sculpture","item":"http:\/\/www.pringueycessac-charlotte.com\/site\/sculpture-2\/"},{"@type":"ListItem","position":3,"name":"2016 Empreinte"}]}]}},"_links":{"self":[{"href":"http:\/\/www.pringueycessac-charlotte.com\/site\/wp-json\/wp\/v2\/pages\/1483"}],"collection":[{"href":"http:\/\/www.pringueycessac-charlotte.com\/site\/wp-json\/wp\/v2\/pages"}],"about":[{"href":"http:\/\/www.pringueycessac-charlotte.com\/site\/wp-json\/wp\/v2\/types\/page"}],"author":[{"embeddable":true,"href":"http:\/\/www.pringueycessac-charlotte.com\/site\/wp-json\/wp\/v2\/users\/1"}],"replies":[{"embeddable":true,"href":"http:\/\/www.pringueycessac-charlotte.com\/site\/wp-json\/wp\/v2\/comments?post=1483"}],"version-history":[{"count":8,"href":"http:\/\/www.pringueycessac-charlotte.com\/site\/wp-json\/wp\/v2\/pages\/1483\/revisions"}],"predecessor-version":[{"id":3168,"href":"http:\/\/www.pringueycessac-charlotte.com\/site\/wp-json\/wp\/v2\/pages\/1483\/revisions\/3168"}],"up":[{"embeddable":true,"href":"http:\/\/www.pringueycessac-charlotte.com\/site\/wp-json\/wp\/v2\/pages\/1453"}],"wp:attachment":[{"href":"http:\/\/www.pringueycessac-charlotte.com\/site\/wp-json\/wp\/v2\/media?parent=1483"}],"curies":[{"name":"wp","href":"https:\/\/api.w.org\/{rel}","templated":true}]}}