{"id":1487,"date":"2019-08-20T18:47:01","date_gmt":"2019-08-20T16:47:01","guid":{"rendered":"http:\/\/www.pringueycessac-charlotte.com\/site\/?page_id=1487"},"modified":"2025-07-08T17:48:53","modified_gmt":"2025-07-08T15:48:53","slug":"2017-tumulus","status":"publish","type":"page","link":"http:\/\/www.pringueycessac-charlotte.com\/site\/sculpture-2\/2017-tumulus\/","title":{"rendered":"2017 Tumulus"},"content":{"rendered":"\n<p class=\"has-text-align-right\"><strong><a href=\"http:\/\/www.pringueycessac-charlotte.com\/site\/sculpture-2\/\">Retour<\/a><\/strong><\/p>\n\n\n\n<p class=\"has-medium-font-size\">2017 &#8211; Tumulus <\/p>\n\n\n\n\n\n<div class=\"ngg-galleryoverview ngg-slideshow\"\n\t id=\"ngg-slideshow-d4d6189303a329d72ef66f9bca5aebf1-14230115380\"\n     data-gallery-id=\"d4d6189303a329d72ef66f9bca5aebf1\"\n     style=\"max-width: 750px; max-height: 500px;\">\n\n \t<div id=\"ngg-image-0\" class=\"ngg-gallery-slideshow-image\" style=\"height:500px\">\n\n        <a href=\"http:\/\/www.pringueycessac-charlotte.com\/site\/wp-content\/gallery\/tumulus\/tumulus.jpg\"\n           title=\"Tumulus\"\n           data-src=\"http:\/\/www.pringueycessac-charlotte.com\/site\/wp-content\/gallery\/tumulus\/tumulus.jpg\"\n           data-thumbnail=\"http:\/\/www.pringueycessac-charlotte.com\/site\/wp-content\/gallery\/tumulus\/thumbs\/thumbs_tumulus.jpg\"\n           data-image-id=\"293\"\n           data-title=\"Tumulus\"\n           data-description=\"Tumulus\"\n           class=\"ngg-simplelightbox\" rel=\"d4d6189303a329d72ef66f9bca5aebf1\">\n\n            <img data-image-id='293'\n                 title=\"Tumulus\"\n                 alt=\"Tumulus\"\n                 src=\"http:\/\/www.pringueycessac-charlotte.com\/site\/wp-content\/gallery\/tumulus\/tumulus.jpg\"\n                 style=\"max-height: 480px;\"\/>\n        <\/a>\n\n        <\/div> \n<div id=\"ngg-image-1\" class=\"ngg-gallery-slideshow-image\" style=\"height:500px\">\n\n        <a href=\"http:\/\/www.pringueycessac-charlotte.com\/site\/wp-content\/gallery\/tumulus\/a-1.jpg\"\n           title=\"Tumulus\"\n           data-src=\"http:\/\/www.pringueycessac-charlotte.com\/site\/wp-content\/gallery\/tumulus\/a-1.jpg\"\n           data-thumbnail=\"http:\/\/www.pringueycessac-charlotte.com\/site\/wp-content\/gallery\/tumulus\/thumbs\/thumbs_a-1.jpg\"\n           data-image-id=\"292\"\n           data-title=\"Tumulus\"\n           data-description=\"Tumulus\"\n           class=\"ngg-simplelightbox\" rel=\"d4d6189303a329d72ef66f9bca5aebf1\">\n\n            <img data-image-id='292'\n                 title=\"Tumulus\"\n                 alt=\"Tumulus\"\n                 src=\"http:\/\/www.pringueycessac-charlotte.com\/site\/wp-content\/gallery\/tumulus\/a-1.jpg\"\n                 style=\"max-height: 480px;\"\/>\n        <\/a>\n\n        <\/div> \n<div id=\"ngg-image-2\" class=\"ngg-gallery-slideshow-image\" style=\"height:500px\">\n\n        <a href=\"http:\/\/www.pringueycessac-charlotte.com\/site\/wp-content\/gallery\/tumulus\/b-1.jpg\"\n           title=\"Tumulus\"\n           data-src=\"http:\/\/www.pringueycessac-charlotte.com\/site\/wp-content\/gallery\/tumulus\/b-1.jpg\"\n           data-thumbnail=\"http:\/\/www.pringueycessac-charlotte.com\/site\/wp-content\/gallery\/tumulus\/thumbs\/thumbs_b-1.jpg\"\n           data-image-id=\"291\"\n           data-title=\"Tumulus\"\n           data-description=\"Tumulus\"\n           class=\"ngg-simplelightbox\" rel=\"d4d6189303a329d72ef66f9bca5aebf1\">\n\n            <img data-image-id='291'\n                 title=\"Tumulus\"\n                 alt=\"Tumulus\"\n                 src=\"http:\/\/www.pringueycessac-charlotte.com\/site\/wp-content\/gallery\/tumulus\/b-1.jpg\"\n                 style=\"max-height: 480px;\"\/>\n        <\/a>\n\n        <\/div> \n<div id=\"ngg-image-3\" class=\"ngg-gallery-slideshow-image\" style=\"height:500px\">\n\n        <a href=\"http:\/\/www.pringueycessac-charlotte.com\/site\/wp-content\/gallery\/tumulus\/c-1.jpg\"\n           title=\"Tumulus\"\n           data-src=\"http:\/\/www.pringueycessac-charlotte.com\/site\/wp-content\/gallery\/tumulus\/c-1.jpg\"\n           data-thumbnail=\"http:\/\/www.pringueycessac-charlotte.com\/site\/wp-content\/gallery\/tumulus\/thumbs\/thumbs_c-1.jpg\"\n           data-image-id=\"290\"\n           data-title=\"Tumulus\"\n           data-description=\"Tumulus\"\n           class=\"ngg-simplelightbox\" rel=\"d4d6189303a329d72ef66f9bca5aebf1\">\n\n            <img data-image-id='290'\n                 title=\"Tumulus\"\n                 alt=\"Tumulus\"\n                 src=\"http:\/\/www.pringueycessac-charlotte.com\/site\/wp-content\/gallery\/tumulus\/c-1.jpg\"\n                 style=\"max-height: 480px;\"\/>\n        <\/a>\n\n        <\/div> \n<\/div>\n\n\n\n\n\n\n\n<p>\nTUMULUS<br>\n<br>\nParmi les tombes d\u00e9couvertes, la s\u00e9pulture T209 contient les restes de \ndeux personnes, dont une r\u00e9duite au cr\u00e2ne et \u00e0 un hum\u00e9rus ; un pot \nfun\u00e9raire dit \u00ab P\u00e9gau \u00bb ; des tuiles plates romaines dites \u00ab tegule \u00bb. \nCette s\u00e9pulture constituera l\u2019objet de ma recherche.\n<br><br>\nCes tuiles ayant dans un premier temps servi \u00e0 recouvrir une \ntoiture auraient par la suite fait l\u2019objet d\u2019un r\u00e9emploi pour le b\u00e2ti \nfun\u00e9raire. R\u00e9alis\u00e9es en terre, elles ont \u00e9t\u00e9 fa\u00e7onn\u00e9es \u00e0 la main par \nl\u2019artisan, dont les gestes de fa\u00e7onnage demeurent visibles\n : l\u2019empreinte d\u2019un pouce qui a rip\u00e9 \u00e0 un endroit, celle d\u2019un autre qui a cr\u00e9\u00e9 la rainure ailleurs, trois empreintes de doigts ayant dessin\u00e9 trois demi-cercles figurant la signature de l\u2019artisan.<br>\nSur le fa\u00eetage de ces tombes en b\u00e2ti\u00e8res, des tuiles semi-cylindriques \nrecouvraient l\u2019ensemble. Celles-ci \u00e9taient r\u00e9alis\u00e9es sur les cuisses de femmes.\n<br><br>\nC\u2019est ce rapport d\u2019empreintes du corps dans un objet destin\u00e9 \u00e0 prot\u00e9ger un autre corps qui sera le moteur de la pi\u00e8ce Tumulus, s\u00e9pulture de gestes provenant de tirages en pl\u00e2tre des moules de tegule.\n\n<\/p>\n","protected":false},"excerpt":{"rendered":"<p>Retour 2017 &#8211; Tumulus TUMULUS Parmi les tombes d\u00e9couvertes, la&#8230;<\/p>\n","protected":false},"author":1,"featured_media":0,"parent":1453,"menu_order":0,"comment_status":"closed","ping_status":"closed","template":"","meta":{"ngg_post_thumbnail":0},"yoast_head":"<!-- This site is optimized with the Yoast SEO plugin v18.8 - https:\/\/yoast.com\/wordpress\/plugins\/seo\/ -->\n<title>2017 Tumulus - Charlotte PRINGUEY CESSAC<\/title>\n<meta name=\"description\" content=\"Sculpture Tumulus Charlotte Pringuey-Cessac, 2017, Parmi les tombes d\u00e9couvertes, la s\u00e9pulture T209 contient les restes de deux personnes,...\" \/>\n<meta name=\"robots\" content=\"index, follow, max-snippet:-1, max-image-preview:large, max-video-preview:-1\" \/>\n<link rel=\"canonical\" href=\"http:\/\/www.pringueycessac-charlotte.com\/site\/sculpture-2\/2017-tumulus\/\" \/>\n<meta property=\"og:locale\" content=\"fr_FR\" \/>\n<meta property=\"og:type\" content=\"article\" \/>\n<meta property=\"og:title\" content=\"2017 Tumulus - Charlotte PRINGUEY CESSAC\" \/>\n<meta property=\"og:description\" content=\"Sculpture Tumulus Charlotte Pringuey-Cessac, 2017, Parmi les tombes d\u00e9couvertes, la s\u00e9pulture T209 contient les restes de deux personnes,...\" \/>\n<meta property=\"og:url\" content=\"http:\/\/www.pringueycessac-charlotte.com\/site\/sculpture-2\/2017-tumulus\/\" \/>\n<meta property=\"og:site_name\" content=\"Charlotte PRINGUEY CESSAC\" \/>\n<meta property=\"article:modified_time\" content=\"2025-07-08T15:48:53+00:00\" \/>\n<meta name=\"twitter:card\" content=\"summary_large_image\" \/>\n<meta name=\"twitter:label1\" content=\"Dur\u00e9e de lecture estim\u00e9e\" \/>\n\t<meta name=\"twitter:data1\" content=\"1 minute\" \/>\n<script type=\"application\/ld+json\" class=\"yoast-schema-graph\">{\"@context\":\"https:\/\/schema.org\",\"@graph\":[{\"@type\":[\"Person\",\"Organization\"],\"@id\":\"http:\/\/www.pringueycessac-charlotte.com\/site\/#\/schema\/person\/80712bc6db2643df3376809312d54ef6\",\"name\":\"Charlotte Pringuey-Cessac\",\"image\":{\"@type\":\"ImageObject\",\"inLanguage\":\"fr-FR\",\"@id\":\"http:\/\/www.pringueycessac-charlotte.com\/site\/#\/schema\/person\/image\/\",\"url\":\"http:\/\/0.gravatar.com\/avatar\/f9425e6f5e44c33da515b06f92bf6ac3?s=96&d=mm&r=g\",\"contentUrl\":\"http:\/\/0.gravatar.com\/avatar\/f9425e6f5e44c33da515b06f92bf6ac3?s=96&d=mm&r=g\",\"caption\":\"Charlotte Pringuey-Cessac\"},\"logo\":{\"@id\":\"http:\/\/www.pringueycessac-charlotte.com\/site\/#\/schema\/person\/image\/\"}},{\"@type\":\"WebSite\",\"@id\":\"http:\/\/www.pringueycessac-charlotte.com\/site\/#website\",\"url\":\"http:\/\/www.pringueycessac-charlotte.com\/site\/\",\"name\":\"Charlotte PRINGUEY-CESSAC\",\"description\":\"\",\"publisher\":{\"@id\":\"http:\/\/www.pringueycessac-charlotte.com\/site\/#\/schema\/person\/80712bc6db2643df3376809312d54ef6\"},\"potentialAction\":[{\"@type\":\"SearchAction\",\"target\":{\"@type\":\"EntryPoint\",\"urlTemplate\":\"http:\/\/www.pringueycessac-charlotte.com\/site\/?s={search_term_string}\"},\"query-input\":\"required name=search_term_string\"}],\"inLanguage\":\"fr-FR\"},{\"@type\":\"WebPage\",\"@id\":\"http:\/\/www.pringueycessac-charlotte.com\/site\/sculpture-2\/2017-tumulus\/#webpage\",\"url\":\"http:\/\/www.pringueycessac-charlotte.com\/site\/sculpture-2\/2017-tumulus\/\",\"name\":\"2017 Tumulus - Charlotte PRINGUEY CESSAC\",\"isPartOf\":{\"@id\":\"http:\/\/www.pringueycessac-charlotte.com\/site\/#website\"},\"datePublished\":\"2019-08-20T16:47:01+00:00\",\"dateModified\":\"2025-07-08T15:48:53+00:00\",\"description\":\"Sculpture Tumulus Charlotte Pringuey-Cessac, 2017, Parmi les tombes d\u00e9couvertes, la s\u00e9pulture T209 contient les restes de deux personnes,...\",\"breadcrumb\":{\"@id\":\"http:\/\/www.pringueycessac-charlotte.com\/site\/sculpture-2\/2017-tumulus\/#breadcrumb\"},\"inLanguage\":\"fr-FR\",\"potentialAction\":[{\"@type\":\"ReadAction\",\"target\":[\"http:\/\/www.pringueycessac-charlotte.com\/site\/sculpture-2\/2017-tumulus\/\"]}]},{\"@type\":\"BreadcrumbList\",\"@id\":\"http:\/\/www.pringueycessac-charlotte.com\/site\/sculpture-2\/2017-tumulus\/#breadcrumb\",\"itemListElement\":[{\"@type\":\"ListItem\",\"position\":1,\"name\":\"Accueil\",\"item\":\"http:\/\/www.pringueycessac-charlotte.com\/site\/\"},{\"@type\":\"ListItem\",\"position\":2,\"name\":\"Sculpture\",\"item\":\"http:\/\/www.pringueycessac-charlotte.com\/site\/sculpture-2\/\"},{\"@type\":\"ListItem\",\"position\":3,\"name\":\"2017 Tumulus\"}]}]}<\/script>\n<!-- \/ Yoast SEO plugin. -->","yoast_head_json":{"title":"2017 Tumulus - Charlotte PRINGUEY CESSAC","description":"Sculpture Tumulus Charlotte Pringuey-Cessac, 2017, Parmi les tombes d\u00e9couvertes, la s\u00e9pulture T209 contient les restes de deux personnes,...","robots":{"index":"index","follow":"follow","max-snippet":"max-snippet:-1","max-image-preview":"max-image-preview:large","max-video-preview":"max-video-preview:-1"},"canonical":"http:\/\/www.pringueycessac-charlotte.com\/site\/sculpture-2\/2017-tumulus\/","og_locale":"fr_FR","og_type":"article","og_title":"2017 Tumulus - Charlotte PRINGUEY CESSAC","og_description":"Sculpture Tumulus Charlotte Pringuey-Cessac, 2017, Parmi les tombes d\u00e9couvertes, la s\u00e9pulture T209 contient les restes de deux personnes,...","og_url":"http:\/\/www.pringueycessac-charlotte.com\/site\/sculpture-2\/2017-tumulus\/","og_site_name":"Charlotte PRINGUEY CESSAC","article_modified_time":"2025-07-08T15:48:53+00:00","twitter_card":"summary_large_image","twitter_misc":{"Dur\u00e9e de lecture estim\u00e9e":"1 minute"},"schema":{"@context":"https:\/\/schema.org","@graph":[{"@type":["Person","Organization"],"@id":"http:\/\/www.pringueycessac-charlotte.com\/site\/#\/schema\/person\/80712bc6db2643df3376809312d54ef6","name":"Charlotte Pringuey-Cessac","image":{"@type":"ImageObject","inLanguage":"fr-FR","@id":"http:\/\/www.pringueycessac-charlotte.com\/site\/#\/schema\/person\/image\/","url":"http:\/\/0.gravatar.com\/avatar\/f9425e6f5e44c33da515b06f92bf6ac3?s=96&d=mm&r=g","contentUrl":"http:\/\/0.gravatar.com\/avatar\/f9425e6f5e44c33da515b06f92bf6ac3?s=96&d=mm&r=g","caption":"Charlotte Pringuey-Cessac"},"logo":{"@id":"http:\/\/www.pringueycessac-charlotte.com\/site\/#\/schema\/person\/image\/"}},{"@type":"WebSite","@id":"http:\/\/www.pringueycessac-charlotte.com\/site\/#website","url":"http:\/\/www.pringueycessac-charlotte.com\/site\/","name":"Charlotte PRINGUEY-CESSAC","description":"","publisher":{"@id":"http:\/\/www.pringueycessac-charlotte.com\/site\/#\/schema\/person\/80712bc6db2643df3376809312d54ef6"},"potentialAction":[{"@type":"SearchAction","target":{"@type":"EntryPoint","urlTemplate":"http:\/\/www.pringueycessac-charlotte.com\/site\/?s={search_term_string}"},"query-input":"required name=search_term_string"}],"inLanguage":"fr-FR"},{"@type":"WebPage","@id":"http:\/\/www.pringueycessac-charlotte.com\/site\/sculpture-2\/2017-tumulus\/#webpage","url":"http:\/\/www.pringueycessac-charlotte.com\/site\/sculpture-2\/2017-tumulus\/","name":"2017 Tumulus - Charlotte PRINGUEY CESSAC","isPartOf":{"@id":"http:\/\/www.pringueycessac-charlotte.com\/site\/#website"},"datePublished":"2019-08-20T16:47:01+00:00","dateModified":"2025-07-08T15:48:53+00:00","description":"Sculpture Tumulus Charlotte Pringuey-Cessac, 2017, Parmi les tombes d\u00e9couvertes, la s\u00e9pulture T209 contient les restes de deux personnes,...","breadcrumb":{"@id":"http:\/\/www.pringueycessac-charlotte.com\/site\/sculpture-2\/2017-tumulus\/#breadcrumb"},"inLanguage":"fr-FR","potentialAction":[{"@type":"ReadAction","target":["http:\/\/www.pringueycessac-charlotte.com\/site\/sculpture-2\/2017-tumulus\/"]}]},{"@type":"BreadcrumbList","@id":"http:\/\/www.pringueycessac-charlotte.com\/site\/sculpture-2\/2017-tumulus\/#breadcrumb","itemListElement":[{"@type":"ListItem","position":1,"name":"Accueil","item":"http:\/\/www.pringueycessac-charlotte.com\/site\/"},{"@type":"ListItem","position":2,"name":"Sculpture","item":"http:\/\/www.pringueycessac-charlotte.com\/site\/sculpture-2\/"},{"@type":"ListItem","position":3,"name":"2017 Tumulus"}]}]}},"_links":{"self":[{"href":"http:\/\/www.pringueycessac-charlotte.com\/site\/wp-json\/wp\/v2\/pages\/1487"}],"collection":[{"href":"http:\/\/www.pringueycessac-charlotte.com\/site\/wp-json\/wp\/v2\/pages"}],"about":[{"href":"http:\/\/www.pringueycessac-charlotte.com\/site\/wp-json\/wp\/v2\/types\/page"}],"author":[{"embeddable":true,"href":"http:\/\/www.pringueycessac-charlotte.com\/site\/wp-json\/wp\/v2\/users\/1"}],"replies":[{"embeddable":true,"href":"http:\/\/www.pringueycessac-charlotte.com\/site\/wp-json\/wp\/v2\/comments?post=1487"}],"version-history":[{"count":7,"href":"http:\/\/www.pringueycessac-charlotte.com\/site\/wp-json\/wp\/v2\/pages\/1487\/revisions"}],"predecessor-version":[{"id":3175,"href":"http:\/\/www.pringueycessac-charlotte.com\/site\/wp-json\/wp\/v2\/pages\/1487\/revisions\/3175"}],"up":[{"embeddable":true,"href":"http:\/\/www.pringueycessac-charlotte.com\/site\/wp-json\/wp\/v2\/pages\/1453"}],"wp:attachment":[{"href":"http:\/\/www.pringueycessac-charlotte.com\/site\/wp-json\/wp\/v2\/media?parent=1487"}],"curies":[{"name":"wp","href":"https:\/\/api.w.org\/{rel}","templated":true}]}}