{"id":2504,"date":"2021-03-03T23:08:29","date_gmt":"2021-03-03T22:08:29","guid":{"rendered":"http:\/\/www.pringueycessac-charlotte.com\/site\/?page_id=2504"},"modified":"2025-07-16T19:35:37","modified_gmt":"2025-07-16T17:35:37","slug":"projet-bruit-originaire","status":"publish","type":"page","link":"http:\/\/www.pringueycessac-charlotte.com\/site\/projet-bruit-originaire\/","title":{"rendered":"Projet Bruit originaire"},"content":{"rendered":"\n<p><strong>BRUIT ORIGINAIRE<\/strong><\/p>\n\n\n\n<p class=\"has-text-align-right\"><strong><a href=\"http:\/\/www.pringueycessac-charlotte.com\/site\/travaux\/\">Retour<\/a><\/strong><\/p>\n\n\n\n<div class=\"wp-block-columns\">\n<div class=\"wp-block-column\">\n<div class=\"wp-block-image\"><figure class=\"aligncenter size-large\"><a href=\"http:\/\/www.pringueycessac-charlotte.com\/site\/bruit-originaire-terra-amata\/\"><img loading=\"lazy\" width=\"350\" height=\"233\" src=\"http:\/\/www.pringueycessac-charlotte.com\/site\/wp-content\/uploads\/2021\/03\/vignettebruitoriginaire.jpg\" alt=\"\" class=\"wp-image-2509\" srcset=\"http:\/\/www.pringueycessac-charlotte.com\/site\/wp-content\/uploads\/2021\/03\/vignettebruitoriginaire.jpg 350w, http:\/\/www.pringueycessac-charlotte.com\/site\/wp-content\/uploads\/2021\/03\/vignettebruitoriginaire-300x200.jpg 300w\" sizes=\"(max-width: 350px) 100vw, 350px\" \/><\/a><figcaption><strong><a href=\"http:\/\/www.pringueycessac-charlotte.com\/site\/bruit-originaire-terra-amata\/\">Terra Amata<\/a><\/strong><\/figcaption><\/figure><\/div>\n<\/div>\n\n\n\n<div class=\"wp-block-column\">\n<div class=\"wp-block-image\"><figure class=\"aligncenter size-large\"><a href=\"http:\/\/www.pringueycessac-charlotte.com\/site\/bruit-originaire-mamac\/\"><img loading=\"lazy\" width=\"350\" height=\"233\" src=\"http:\/\/www.pringueycessac-charlotte.com\/site\/wp-content\/uploads\/2021\/03\/vignettebruitoriginaire.jpg\" alt=\"\" class=\"wp-image-2509\" srcset=\"http:\/\/www.pringueycessac-charlotte.com\/site\/wp-content\/uploads\/2021\/03\/vignettebruitoriginaire.jpg 350w, http:\/\/www.pringueycessac-charlotte.com\/site\/wp-content\/uploads\/2021\/03\/vignettebruitoriginaire-300x200.jpg 300w\" sizes=\"(max-width: 350px) 100vw, 350px\" \/><\/a><figcaption><strong><a href=\"http:\/\/www.pringueycessac-charlotte.com\/site\/bruit-originaire-mamac\/\">MAMAC<\/a><\/strong><\/figcaption><\/figure><\/div>\n<\/div>\n\n\n\n<div class=\"wp-block-column\">\n<div class=\"wp-block-image\"><figure class=\"aligncenter size-full\"><a href=\"http:\/\/www.pringueycessac-charlotte.com\/site\/bruit-originaire\/battre-loubli-bruit-originaire-acte-iv\/\"><img loading=\"lazy\" width=\"350\" height=\"233\" src=\"http:\/\/www.pringueycessac-charlotte.com\/site\/wp-content\/uploads\/2025\/02\/PHOTO-VIGNETTE-ACCUEIL-Galerie-Eva-Vautier-0346-Charlotte-Pringuey-Cessac-2024-web-1.jpg\" alt=\"\" class=\"wp-image-2747\" srcset=\"http:\/\/www.pringueycessac-charlotte.com\/site\/wp-content\/uploads\/2025\/02\/PHOTO-VIGNETTE-ACCUEIL-Galerie-Eva-Vautier-0346-Charlotte-Pringuey-Cessac-2024-web-1.jpg 350w, http:\/\/www.pringueycessac-charlotte.com\/site\/wp-content\/uploads\/2025\/02\/PHOTO-VIGNETTE-ACCUEIL-Galerie-Eva-Vautier-0346-Charlotte-Pringuey-Cessac-2024-web-1-300x200.jpg 300w\" sizes=\"(max-width: 350px) 100vw, 350px\" \/><\/a><figcaption><strong><strong><a href=\"http:\/\/www.pringueycessac-charlotte.com\/site\/bruit-originaire\/battre-loubli-bruit-originaire-acte-iv\/\">Galerie Eva Vautier<\/a><\/strong><\/strong><\/figcaption><\/figure><\/div>\n<\/div>\n<\/div>\n\n\n\n<div style=\"height:20px\" aria-hidden=\"true\" class=\"wp-block-spacer\"><\/div>\n\n\n\n<p><strong>Bruit originaire<\/strong><\/p>\n\n\n\n<p><em>Bruit originaire <\/em>est une invitation \u00e0 un voyage dans le  temps, des premi\u00e8res traces d\u2019occupation humaine \u00e0 Nice il y a 400 000  ans et du t\u00e9moignage des pierres taill\u00e9es laiss\u00e9es par cette communaut\u00e9,  aux exp\u00e9riences men\u00e9es aujourd\u2019hui par l\u2019artiste Charlotte  Pringuey Cessac pour convoquer la m\u00e9moire vibrante de ces vies pass\u00e9es.<br>  La pr\u00e9histoire, les outils et m\u00e9thodologies de l\u2019arch\u00e9ologie  constituent une source pour son travail, une mati\u00e8re \u00e0 partir de  laquelle elle tisse des exp\u00e9riences et des r\u00e9cits, s\u2019autorisant des  vagabondages entre la science et la licence po\u00e9tique, la trace laiss\u00e9e  par l\u2019histoire et sa r\u00e9invention contemporaine.<br> Pens\u00e9e comme un  parcours, son exposition \u00e0 Nice se d\u00e9ploie du mus\u00e9e de Pr\u00e9histoire de  Terra Amata, \u00e9picentre de l\u2019activit\u00e9 de ces premiers hommes, au MAMAC,  en passant par la colline du ch\u00e2teau o\u00f9, en 2013, fut d\u00e9couverte une  s\u00e9pulture peupl\u00e9e de restes fun\u00e9raires datant des XIIe et XIIIe si\u00e8cles.  <br> Cette promenade \u00e0 travers les si\u00e8cles s\u2019articule autour de l\u2019id\u00e9e  d\u2019un Bruit originaire, expression emprunt\u00e9e au po\u00e8te Rainer Maria Rilke.  Apr\u00e8s qu\u2019il ait d\u00e9couvert avec \u00e9merveillement le potentiel des premiers  phonographes, il r\u00eave \u00e0 \u00ab&nbsp;une chose inou\u00efe&nbsp;\u00bb&nbsp;: \u00ab&nbsp;mettre en sons les  signatures innombrables de la cr\u00e9ation qui durent dans le squelette,  dans la pierre, (\u2026), la fissure dans le bois, la d\u00e9marche d\u2019un  insecte&nbsp;\u00bb, et entendre la m\u00e9moire d\u2019un \u00eatre disparu en parcourant les  sillons du cr\u00e2ne avec l\u2019appareil\u2026 Entre pens\u00e9e romantique et fantasme  d\u00e9miurgique, cette aspiration de Rilke \u00e0 r\u00e9-animer l\u2019absence, est un fil  conducteur de la proposition de Charlotte Pringuey Cessac.<br> La  convocation d\u2019un monde r\u00e9volu, le dialogue intime avec les t\u00e9moins du  pass\u00e9 et la pens\u00e9e magique dont elle investit ce qui semble inerte,  dessinent une ode sensible \u00e0 la m\u00e9moire et aux bruissements de ce qui  n\u2019est plus&nbsp;: nos origines.<\/p>\n\n\n\n<p>H\u00e9l\u00e8ne Guenin<\/p>\n\n\n\n<p><strong>Primal Sound <\/strong><\/p>\n\n\n\n<p><em>Primal Sound<\/em> is an invitation to a time travel, from the  first pieces of evidence of human life in Nice 400&nbsp;000 years ago, and  from the testimony of cut stones left behind by this group, until the  experiences led today by the artist Charlotte Pringuey Cessac  to summon  the vibrant memory of those past lives.<br> Prehistory, methodology and  tools used by archaeology, constitute a basis for her work, a material  out of which she develops experiences and tales, allowing herself to  wander between science and poetic licence, the print left by history and  its contemporary reinvention. <br> Thought as a journey, her exhibition  in Nice unfolds from the Prehistory museum of Terra Amata, epicentre of  the activity of these first humans, to MAMAC, including la \u201cColline du  Ch\u00e2teau\u201d where a burial dating from the XIIth and XIIIth centuries  filled with funerary remains was discovered in 2013.<br> This journey  through centuries is based on the idea of a Primal Sound&nbsp;an expression  borrowed from the poet Rainer Maria Rilke. After he discovered with  wonder the potential of the first phonographs, he dreamt about an  \u00ab&nbsp;amazing thing&nbsp;\u00bb: \u00ab&nbsp;to put into sounds the countless signatures of  creation that last in the skeleton, in the stone, (\u2026), the crack in the  wood, the walk of an insect \u00ab&nbsp;.<br> The reminiscence of a past world,  the intimate dialogue with the witnesses of the past and the magical  thought she invests in what seems inert, draw an ode which is sensitive  to the memory and the rustling of what is no longer: our origins.<\/p>\n\n\n\n<hr class=\"wp-block-separator\"\/>\n\n\n\n<div style=\"height:50px\" aria-hidden=\"true\" class=\"wp-block-spacer\"><\/div>\n\n\n\n<div class=\"wp-block-columns\">\n<div class=\"wp-block-column\">\n<figure class=\"wp-block-image size-large\"><a href=\"http:\/\/www.pringueycessac-charlotte.com\/site\/wp-content\/uploads\/2021\/03\/Capture-Plan-MAMAC-TA.jpg\"><img loading=\"lazy\" width=\"1024\" height=\"663\" src=\"http:\/\/www.pringueycessac-charlotte.com\/site\/wp-content\/uploads\/2021\/03\/Capture-Plan-MAMAC-TA-1024x663.jpg\" alt=\"\" class=\"wp-image-2551\" srcset=\"http:\/\/www.pringueycessac-charlotte.com\/site\/wp-content\/uploads\/2021\/03\/Capture-Plan-MAMAC-TA-1024x663.jpg 1024w, http:\/\/www.pringueycessac-charlotte.com\/site\/wp-content\/uploads\/2021\/03\/Capture-Plan-MAMAC-TA-300x194.jpg 300w, http:\/\/www.pringueycessac-charlotte.com\/site\/wp-content\/uploads\/2021\/03\/Capture-Plan-MAMAC-TA-768x497.jpg 768w, http:\/\/www.pringueycessac-charlotte.com\/site\/wp-content\/uploads\/2021\/03\/Capture-Plan-MAMAC-TA-600x389.jpg 600w, http:\/\/www.pringueycessac-charlotte.com\/site\/wp-content\/uploads\/2021\/03\/Capture-Plan-MAMAC-TA.jpg 1337w\" sizes=\"(max-width: 1024px) 100vw, 1024px\" \/><\/a><\/figure>\n<\/div>\n\n\n\n<div class=\"wp-block-column\">\n<p>Solo show \u00e0 Nice <br>du 5 d\u00e9cembre 2019 <br> au 17 mai 2020 <\/p>\n\n\n\n<p>PARTENAIRES <br> Le projet Bruit Originaire est soutenu par la DRAC \nPACA, la VIlle de Nice : Mamac et Terra Amata  ; la Galerie Eva Vautier ;\n L\u2019Ecole d\u2019Art C\u00e9ramique de Vallauris ; le Service Arch\u00e9ologique Nice \nM\u00e9tropole C\u00f4te d\u2019Azur ; les laboratoires du CNRS : Mod\u00e8les et \nsimulations pour l\u2019architecture et le patrimoine, et le Laboratoire de \nm\u00e9canique acoustique \u00e0 Marseille ; le fablab Easyc\u00e9ram de Limoges ; La \nforesti\u00e8re du nord ; le Centre international d\u2019art verrier de Meisenthal\n et la Ville de  Versailles. <\/p>\n<\/div>\n<\/div>\n","protected":false},"excerpt":{"rendered":"<p>BRUIT ORIGINAIRE Retour Bruit originaire Bruit originaire est une invitation&#8230;<\/p>\n","protected":false},"author":1,"featured_media":0,"parent":0,"menu_order":0,"comment_status":"closed","ping_status":"closed","template":"","meta":{"ngg_post_thumbnail":0},"yoast_head":"<!-- This site is optimized with the Yoast SEO plugin v18.8 - https:\/\/yoast.com\/wordpress\/plugins\/seo\/ -->\n<title>Projet Bruit originaire - Charlotte PRINGUEY CESSAC<\/title>\n<meta name=\"robots\" content=\"index, follow, max-snippet:-1, max-image-preview:large, max-video-preview:-1\" \/>\n<link rel=\"canonical\" href=\"http:\/\/www.pringueycessac-charlotte.com\/site\/projet-bruit-originaire\/\" \/>\n<meta property=\"og:locale\" content=\"fr_FR\" \/>\n<meta property=\"og:type\" content=\"article\" \/>\n<meta property=\"og:title\" content=\"Projet Bruit originaire - Charlotte PRINGUEY CESSAC\" \/>\n<meta property=\"og:description\" content=\"BRUIT ORIGINAIRE Retour Bruit originaire Bruit originaire est une invitation...\" \/>\n<meta property=\"og:url\" content=\"http:\/\/www.pringueycessac-charlotte.com\/site\/projet-bruit-originaire\/\" \/>\n<meta property=\"og:site_name\" content=\"Charlotte PRINGUEY CESSAC\" \/>\n<meta property=\"article:modified_time\" content=\"2025-07-16T17:35:37+00:00\" \/>\n<meta property=\"og:image\" content=\"http:\/\/www.pringueycessac-charlotte.com\/site\/wp-content\/uploads\/2021\/03\/vignettebruitoriginaire.jpg\" \/>\n<meta name=\"twitter:card\" content=\"summary_large_image\" \/>\n<meta name=\"twitter:label1\" content=\"Dur\u00e9e de lecture estim\u00e9e\" \/>\n\t<meta name=\"twitter:data1\" content=\"5 minutes\" \/>\n<script type=\"application\/ld+json\" class=\"yoast-schema-graph\">{\"@context\":\"https:\/\/schema.org\",\"@graph\":[{\"@type\":[\"Person\",\"Organization\"],\"@id\":\"http:\/\/www.pringueycessac-charlotte.com\/site\/#\/schema\/person\/80712bc6db2643df3376809312d54ef6\",\"name\":\"Charlotte Pringuey-Cessac\",\"image\":{\"@type\":\"ImageObject\",\"inLanguage\":\"fr-FR\",\"@id\":\"http:\/\/www.pringueycessac-charlotte.com\/site\/#\/schema\/person\/image\/\",\"url\":\"http:\/\/0.gravatar.com\/avatar\/f9425e6f5e44c33da515b06f92bf6ac3?s=96&d=mm&r=g\",\"contentUrl\":\"http:\/\/0.gravatar.com\/avatar\/f9425e6f5e44c33da515b06f92bf6ac3?s=96&d=mm&r=g\",\"caption\":\"Charlotte Pringuey-Cessac\"},\"logo\":{\"@id\":\"http:\/\/www.pringueycessac-charlotte.com\/site\/#\/schema\/person\/image\/\"}},{\"@type\":\"WebSite\",\"@id\":\"http:\/\/www.pringueycessac-charlotte.com\/site\/#website\",\"url\":\"http:\/\/www.pringueycessac-charlotte.com\/site\/\",\"name\":\"Charlotte PRINGUEY-CESSAC\",\"description\":\"\",\"publisher\":{\"@id\":\"http:\/\/www.pringueycessac-charlotte.com\/site\/#\/schema\/person\/80712bc6db2643df3376809312d54ef6\"},\"potentialAction\":[{\"@type\":\"SearchAction\",\"target\":{\"@type\":\"EntryPoint\",\"urlTemplate\":\"http:\/\/www.pringueycessac-charlotte.com\/site\/?s={search_term_string}\"},\"query-input\":\"required name=search_term_string\"}],\"inLanguage\":\"fr-FR\"},{\"@type\":\"ImageObject\",\"inLanguage\":\"fr-FR\",\"@id\":\"http:\/\/www.pringueycessac-charlotte.com\/site\/projet-bruit-originaire\/#primaryimage\",\"url\":\"http:\/\/www.pringueycessac-charlotte.com\/site\/wp-content\/uploads\/2021\/03\/vignettebruitoriginaire.jpg\",\"contentUrl\":\"http:\/\/www.pringueycessac-charlotte.com\/site\/wp-content\/uploads\/2021\/03\/vignettebruitoriginaire.jpg\",\"width\":350,\"height\":233},{\"@type\":\"WebPage\",\"@id\":\"http:\/\/www.pringueycessac-charlotte.com\/site\/projet-bruit-originaire\/#webpage\",\"url\":\"http:\/\/www.pringueycessac-charlotte.com\/site\/projet-bruit-originaire\/\",\"name\":\"Projet Bruit originaire - Charlotte PRINGUEY CESSAC\",\"isPartOf\":{\"@id\":\"http:\/\/www.pringueycessac-charlotte.com\/site\/#website\"},\"primaryImageOfPage\":{\"@id\":\"http:\/\/www.pringueycessac-charlotte.com\/site\/projet-bruit-originaire\/#primaryimage\"},\"datePublished\":\"2021-03-03T22:08:29+00:00\",\"dateModified\":\"2025-07-16T17:35:37+00:00\",\"breadcrumb\":{\"@id\":\"http:\/\/www.pringueycessac-charlotte.com\/site\/projet-bruit-originaire\/#breadcrumb\"},\"inLanguage\":\"fr-FR\",\"potentialAction\":[{\"@type\":\"ReadAction\",\"target\":[\"http:\/\/www.pringueycessac-charlotte.com\/site\/projet-bruit-originaire\/\"]}]},{\"@type\":\"BreadcrumbList\",\"@id\":\"http:\/\/www.pringueycessac-charlotte.com\/site\/projet-bruit-originaire\/#breadcrumb\",\"itemListElement\":[{\"@type\":\"ListItem\",\"position\":1,\"name\":\"Accueil\",\"item\":\"http:\/\/www.pringueycessac-charlotte.com\/site\/\"},{\"@type\":\"ListItem\",\"position\":2,\"name\":\"Projet Bruit originaire\"}]}]}<\/script>\n<!-- \/ Yoast SEO plugin. -->","yoast_head_json":{"title":"Projet Bruit originaire - Charlotte PRINGUEY CESSAC","robots":{"index":"index","follow":"follow","max-snippet":"max-snippet:-1","max-image-preview":"max-image-preview:large","max-video-preview":"max-video-preview:-1"},"canonical":"http:\/\/www.pringueycessac-charlotte.com\/site\/projet-bruit-originaire\/","og_locale":"fr_FR","og_type":"article","og_title":"Projet Bruit originaire - Charlotte PRINGUEY CESSAC","og_description":"BRUIT ORIGINAIRE Retour Bruit originaire Bruit originaire est une invitation...","og_url":"http:\/\/www.pringueycessac-charlotte.com\/site\/projet-bruit-originaire\/","og_site_name":"Charlotte PRINGUEY CESSAC","article_modified_time":"2025-07-16T17:35:37+00:00","og_image":[{"url":"http:\/\/www.pringueycessac-charlotte.com\/site\/wp-content\/uploads\/2021\/03\/vignettebruitoriginaire.jpg"}],"twitter_card":"summary_large_image","twitter_misc":{"Dur\u00e9e de lecture estim\u00e9e":"5 minutes"},"schema":{"@context":"https:\/\/schema.org","@graph":[{"@type":["Person","Organization"],"@id":"http:\/\/www.pringueycessac-charlotte.com\/site\/#\/schema\/person\/80712bc6db2643df3376809312d54ef6","name":"Charlotte Pringuey-Cessac","image":{"@type":"ImageObject","inLanguage":"fr-FR","@id":"http:\/\/www.pringueycessac-charlotte.com\/site\/#\/schema\/person\/image\/","url":"http:\/\/0.gravatar.com\/avatar\/f9425e6f5e44c33da515b06f92bf6ac3?s=96&d=mm&r=g","contentUrl":"http:\/\/0.gravatar.com\/avatar\/f9425e6f5e44c33da515b06f92bf6ac3?s=96&d=mm&r=g","caption":"Charlotte Pringuey-Cessac"},"logo":{"@id":"http:\/\/www.pringueycessac-charlotte.com\/site\/#\/schema\/person\/image\/"}},{"@type":"WebSite","@id":"http:\/\/www.pringueycessac-charlotte.com\/site\/#website","url":"http:\/\/www.pringueycessac-charlotte.com\/site\/","name":"Charlotte PRINGUEY-CESSAC","description":"","publisher":{"@id":"http:\/\/www.pringueycessac-charlotte.com\/site\/#\/schema\/person\/80712bc6db2643df3376809312d54ef6"},"potentialAction":[{"@type":"SearchAction","target":{"@type":"EntryPoint","urlTemplate":"http:\/\/www.pringueycessac-charlotte.com\/site\/?s={search_term_string}"},"query-input":"required name=search_term_string"}],"inLanguage":"fr-FR"},{"@type":"ImageObject","inLanguage":"fr-FR","@id":"http:\/\/www.pringueycessac-charlotte.com\/site\/projet-bruit-originaire\/#primaryimage","url":"http:\/\/www.pringueycessac-charlotte.com\/site\/wp-content\/uploads\/2021\/03\/vignettebruitoriginaire.jpg","contentUrl":"http:\/\/www.pringueycessac-charlotte.com\/site\/wp-content\/uploads\/2021\/03\/vignettebruitoriginaire.jpg","width":350,"height":233},{"@type":"WebPage","@id":"http:\/\/www.pringueycessac-charlotte.com\/site\/projet-bruit-originaire\/#webpage","url":"http:\/\/www.pringueycessac-charlotte.com\/site\/projet-bruit-originaire\/","name":"Projet Bruit originaire - Charlotte PRINGUEY CESSAC","isPartOf":{"@id":"http:\/\/www.pringueycessac-charlotte.com\/site\/#website"},"primaryImageOfPage":{"@id":"http:\/\/www.pringueycessac-charlotte.com\/site\/projet-bruit-originaire\/#primaryimage"},"datePublished":"2021-03-03T22:08:29+00:00","dateModified":"2025-07-16T17:35:37+00:00","breadcrumb":{"@id":"http:\/\/www.pringueycessac-charlotte.com\/site\/projet-bruit-originaire\/#breadcrumb"},"inLanguage":"fr-FR","potentialAction":[{"@type":"ReadAction","target":["http:\/\/www.pringueycessac-charlotte.com\/site\/projet-bruit-originaire\/"]}]},{"@type":"BreadcrumbList","@id":"http:\/\/www.pringueycessac-charlotte.com\/site\/projet-bruit-originaire\/#breadcrumb","itemListElement":[{"@type":"ListItem","position":1,"name":"Accueil","item":"http:\/\/www.pringueycessac-charlotte.com\/site\/"},{"@type":"ListItem","position":2,"name":"Projet Bruit originaire"}]}]}},"_links":{"self":[{"href":"http:\/\/www.pringueycessac-charlotte.com\/site\/wp-json\/wp\/v2\/pages\/2504"}],"collection":[{"href":"http:\/\/www.pringueycessac-charlotte.com\/site\/wp-json\/wp\/v2\/pages"}],"about":[{"href":"http:\/\/www.pringueycessac-charlotte.com\/site\/wp-json\/wp\/v2\/types\/page"}],"author":[{"embeddable":true,"href":"http:\/\/www.pringueycessac-charlotte.com\/site\/wp-json\/wp\/v2\/users\/1"}],"replies":[{"embeddable":true,"href":"http:\/\/www.pringueycessac-charlotte.com\/site\/wp-json\/wp\/v2\/comments?post=2504"}],"version-history":[{"count":19,"href":"http:\/\/www.pringueycessac-charlotte.com\/site\/wp-json\/wp\/v2\/pages\/2504\/revisions"}],"predecessor-version":[{"id":3260,"href":"http:\/\/www.pringueycessac-charlotte.com\/site\/wp-json\/wp\/v2\/pages\/2504\/revisions\/3260"}],"wp:attachment":[{"href":"http:\/\/www.pringueycessac-charlotte.com\/site\/wp-json\/wp\/v2\/media?parent=2504"}],"curies":[{"name":"wp","href":"https:\/\/api.w.org\/{rel}","templated":true}]}}