{"id":2654,"date":"2025-02-21T21:14:52","date_gmt":"2025-02-21T20:14:52","guid":{"rendered":"http:\/\/www.pringueycessac-charlotte.com\/site\/?page_id=2654"},"modified":"2025-07-16T19:00:11","modified_gmt":"2025-07-16T17:00:11","slug":"2021-banniel","status":"publish","type":"page","link":"http:\/\/www.pringueycessac-charlotte.com\/site\/installation\/2021-banniel\/","title":{"rendered":"2021 Banniel"},"content":{"rendered":"\n<p class=\"has-text-align-right\"><strong><a href=\"http:\/\/www.pringueycessac-charlotte.com\/site\/installation\/\">Retour<\/a><\/strong><\/p>\n\n\n\n<p class=\"has-medium-font-size\">2021 &#8211; Banniel<\/p>\n\n\n\n\n\n<div class=\"ngg-galleryoverview ngg-slideshow\"\n\t id=\"ngg-slideshow-79818e3414b63abf510c735d9018edb6-1002869480\"\n     data-gallery-id=\"79818e3414b63abf510c735d9018edb6\"\n     style=\"max-width: 750px; max-height: 500px;\">\n\n \t<div id=\"ngg-image-0\" class=\"ngg-gallery-slideshow-image\" style=\"height:500px\">\n\n        <a href=\"http:\/\/www.pringueycessac-charlotte.com\/site\/wp-content\/gallery\/banniel\/BANNIEL-04-WEB.jpg\"\n           title=\"\"\n           data-src=\"http:\/\/www.pringueycessac-charlotte.com\/site\/wp-content\/gallery\/banniel\/BANNIEL-04-WEB.jpg\"\n           data-thumbnail=\"http:\/\/www.pringueycessac-charlotte.com\/site\/wp-content\/gallery\/banniel\/thumbs\/thumbs_BANNIEL-04-WEB.jpg\"\n           data-image-id=\"322\"\n           data-title=\"BANNIEL-04-WEB\"\n           data-description=\"\"\n           class=\"ngg-simplelightbox\" rel=\"79818e3414b63abf510c735d9018edb6\">\n\n            <img data-image-id='322'\n                 title=\"\"\n                 alt=\"BANNIEL-04-WEB\"\n                 src=\"http:\/\/www.pringueycessac-charlotte.com\/site\/wp-content\/gallery\/banniel\/BANNIEL-04-WEB.jpg\"\n                 style=\"max-height: 480px;\"\/>\n        <\/a>\n\n        <\/div> \n<div id=\"ngg-image-1\" class=\"ngg-gallery-slideshow-image\" style=\"height:500px\">\n\n        <a href=\"http:\/\/www.pringueycessac-charlotte.com\/site\/wp-content\/gallery\/banniel\/BANNIEL-09-WEB.jpg\"\n           title=\"\"\n           data-src=\"http:\/\/www.pringueycessac-charlotte.com\/site\/wp-content\/gallery\/banniel\/BANNIEL-09-WEB.jpg\"\n           data-thumbnail=\"http:\/\/www.pringueycessac-charlotte.com\/site\/wp-content\/gallery\/banniel\/thumbs\/thumbs_BANNIEL-09-WEB.jpg\"\n           data-image-id=\"320\"\n           data-title=\"BANNIEL-09-WEB\"\n           data-description=\"\"\n           class=\"ngg-simplelightbox\" rel=\"79818e3414b63abf510c735d9018edb6\">\n\n            <img data-image-id='320'\n                 title=\"\"\n                 alt=\"BANNIEL-09-WEB\"\n                 src=\"http:\/\/www.pringueycessac-charlotte.com\/site\/wp-content\/gallery\/banniel\/BANNIEL-09-WEB.jpg\"\n                 style=\"max-height: 480px;\"\/>\n        <\/a>\n\n        <\/div> \n<div id=\"ngg-image-2\" class=\"ngg-gallery-slideshow-image\" style=\"height:500px\">\n\n        <a href=\"http:\/\/www.pringueycessac-charlotte.com\/site\/wp-content\/gallery\/banniel\/BANNIEL-07-WEB.jpg\"\n           title=\"\"\n           data-src=\"http:\/\/www.pringueycessac-charlotte.com\/site\/wp-content\/gallery\/banniel\/BANNIEL-07-WEB.jpg\"\n           data-thumbnail=\"http:\/\/www.pringueycessac-charlotte.com\/site\/wp-content\/gallery\/banniel\/thumbs\/thumbs_BANNIEL-07-WEB.jpg\"\n           data-image-id=\"324\"\n           data-title=\"BANNIEL-07-WEB\"\n           data-description=\"\"\n           class=\"ngg-simplelightbox\" rel=\"79818e3414b63abf510c735d9018edb6\">\n\n            <img data-image-id='324'\n                 title=\"\"\n                 alt=\"BANNIEL-07-WEB\"\n                 src=\"http:\/\/www.pringueycessac-charlotte.com\/site\/wp-content\/gallery\/banniel\/BANNIEL-07-WEB.jpg\"\n                 style=\"max-height: 480px;\"\/>\n        <\/a>\n\n        <\/div> \n<div id=\"ngg-image-3\" class=\"ngg-gallery-slideshow-image\" style=\"height:500px\">\n\n        <a href=\"http:\/\/www.pringueycessac-charlotte.com\/site\/wp-content\/gallery\/banniel\/BANNIEL-19-WEB.jpg\"\n           title=\"\"\n           data-src=\"http:\/\/www.pringueycessac-charlotte.com\/site\/wp-content\/gallery\/banniel\/BANNIEL-19-WEB.jpg\"\n           data-thumbnail=\"http:\/\/www.pringueycessac-charlotte.com\/site\/wp-content\/gallery\/banniel\/thumbs\/thumbs_BANNIEL-19-WEB.jpg\"\n           data-image-id=\"321\"\n           data-title=\"BANNIEL-19-WEB\"\n           data-description=\"\"\n           class=\"ngg-simplelightbox\" rel=\"79818e3414b63abf510c735d9018edb6\">\n\n            <img data-image-id='321'\n                 title=\"\"\n                 alt=\"BANNIEL-19-WEB\"\n                 src=\"http:\/\/www.pringueycessac-charlotte.com\/site\/wp-content\/gallery\/banniel\/BANNIEL-19-WEB.jpg\"\n                 style=\"max-height: 480px;\"\/>\n        <\/a>\n\n        <\/div> \n<div id=\"ngg-image-4\" class=\"ngg-gallery-slideshow-image\" style=\"height:500px\">\n\n        <a href=\"http:\/\/www.pringueycessac-charlotte.com\/site\/wp-content\/gallery\/banniel\/BANNIEL-15-WEB.jpg\"\n           title=\"\"\n           data-src=\"http:\/\/www.pringueycessac-charlotte.com\/site\/wp-content\/gallery\/banniel\/BANNIEL-15-WEB.jpg\"\n           data-thumbnail=\"http:\/\/www.pringueycessac-charlotte.com\/site\/wp-content\/gallery\/banniel\/thumbs\/thumbs_BANNIEL-15-WEB.jpg\"\n           data-image-id=\"323\"\n           data-title=\"BANNIEL-15-WEB\"\n           data-description=\"\"\n           class=\"ngg-simplelightbox\" rel=\"79818e3414b63abf510c735d9018edb6\">\n\n            <img data-image-id='323'\n                 title=\"\"\n                 alt=\"BANNIEL-15-WEB\"\n                 src=\"http:\/\/www.pringueycessac-charlotte.com\/site\/wp-content\/gallery\/banniel\/BANNIEL-15-WEB.jpg\"\n                 style=\"max-height: 480px;\"\/>\n        <\/a>\n\n        <\/div> \n<div id=\"ngg-image-5\" class=\"ngg-gallery-slideshow-image\" style=\"height:500px\">\n\n        <a href=\"http:\/\/www.pringueycessac-charlotte.com\/site\/wp-content\/gallery\/banniel\/BANNIEL-02-WEB.jpg\"\n           title=\"\"\n           data-src=\"http:\/\/www.pringueycessac-charlotte.com\/site\/wp-content\/gallery\/banniel\/BANNIEL-02-WEB.jpg\"\n           data-thumbnail=\"http:\/\/www.pringueycessac-charlotte.com\/site\/wp-content\/gallery\/banniel\/thumbs\/thumbs_BANNIEL-02-WEB.jpg\"\n           data-image-id=\"325\"\n           data-title=\"BANNIEL-02-WEB\"\n           data-description=\"\"\n           class=\"ngg-simplelightbox\" rel=\"79818e3414b63abf510c735d9018edb6\">\n\n            <img data-image-id='325'\n                 title=\"\"\n                 alt=\"BANNIEL-02-WEB\"\n                 src=\"http:\/\/www.pringueycessac-charlotte.com\/site\/wp-content\/gallery\/banniel\/BANNIEL-02-WEB.jpg\"\n                 style=\"max-height: 480px;\"\/>\n        <\/a>\n\n        <\/div> \n<div id=\"ngg-image-6\" class=\"ngg-gallery-slideshow-image\" style=\"height:500px\">\n\n        <a href=\"http:\/\/www.pringueycessac-charlotte.com\/site\/wp-content\/gallery\/banniel\/BANNIEL-2021-DETAILS.jpg\"\n           title=\"\"\n           data-src=\"http:\/\/www.pringueycessac-charlotte.com\/site\/wp-content\/gallery\/banniel\/BANNIEL-2021-DETAILS.jpg\"\n           data-thumbnail=\"http:\/\/www.pringueycessac-charlotte.com\/site\/wp-content\/gallery\/banniel\/thumbs\/thumbs_BANNIEL-2021-DETAILS.jpg\"\n           data-image-id=\"326\"\n           data-title=\"BANNIEL-2021-DETAILS\"\n           data-description=\"\"\n           class=\"ngg-simplelightbox\" rel=\"79818e3414b63abf510c735d9018edb6\">\n\n            <img data-image-id='326'\n                 title=\"\"\n                 alt=\"BANNIEL-2021-DETAILS\"\n                 src=\"http:\/\/www.pringueycessac-charlotte.com\/site\/wp-content\/gallery\/banniel\/BANNIEL-2021-DETAILS.jpg\"\n                 style=\"max-height: 480px;\"\/>\n        <\/a>\n\n        <\/div> \n<\/div>\n\n\n\n\n\n\n\n<p><em>Banniel<\/em><br>2021<br>Installation in situ de 16 manches \u00e0 vent dress\u00e9es sur m\u00e2ts m\u00e9talliques<br>R\u00e9sidence en Bretagne, Ch\u00e2teau Le Coscro<\/p>\n\n\n\n<p>Les textes sont peints \u00e0 l\u2019encre de gravure noire sur toile de parachute r\u00e9cup\u00e9r\u00e9e. La superposition de quatre tissus permet une absorption du texte, du langage, du sens qui disparait pour laisser place \u00e0 un dessin de t\u00e2ches. Composition de textes dessin\u00e9s pour former 16 banni\u00e8res, en r\u00e9f\u00e9rence aux 16 vents, orient\u00e9es en fonction des quatre points cardinaux N-E-S-O. La pi\u00e8ce est activ\u00e9e par le souffle du vent.<\/p>\n\n\n\n<p><br>Inspir\u00e9e du dessin de la dentelle, artisanat fort dans le paysage du patrimoine local breton, l\u2019installation in-situ Banniel est une interpr\u00e9tation revisit\u00e9e de la rose des vents. Les questions relatives au support d\u2019expression et au motif constituent les probl\u00e9matiques de cette pi\u00e8ce. Comment un objet directionnel, telle que la manche \u00e0 vent, peut devenir un support d\u2019expression, indiquant la marche \u00e0 suivre, aller l\u00e0 o\u00f9 le vent nous m\u00e8ne ou &#8211; plus justement &#8211; aller \u00e0 contre vent ?<\/p>\n\n\n\n<p><br>Ensemble de 16 manches \u00e0 air dress\u00e9es sur des m\u00e2ts m\u00e9talliques, cette proposition in-situ dans l\u2019espace paysager du Ch\u00e2teau Le Coscro n\u2019est pas sans rappeler les banni\u00e8res et leur maxime sous lesquelles on se range. Le champ lexical de la guerre ou de la paix est ici convoqu\u00e9 pour une proposition, une d\u00e9claration, un murmure o\u00f9 le motif dessin\u00e9 se superpose \u00e0 un autre motif : Celui de refrains de chants f\u00e9ministes.<\/p>\n","protected":false},"excerpt":{"rendered":"<p>Retour 2021 &#8211; Banniel Banniel2021Installation in situ de 16 manches&#8230;<\/p>\n","protected":false},"author":1,"featured_media":0,"parent":888,"menu_order":0,"comment_status":"closed","ping_status":"closed","template":"","meta":{"ngg_post_thumbnail":0},"yoast_head":"<!-- This site is optimized with the Yoast SEO plugin v18.8 - https:\/\/yoast.com\/wordpress\/plugins\/seo\/ -->\n<title>2021 Banniel - Charlotte PRINGUEY CESSAC<\/title>\n<meta name=\"robots\" content=\"index, follow, max-snippet:-1, max-image-preview:large, max-video-preview:-1\" \/>\n<link rel=\"canonical\" href=\"http:\/\/www.pringueycessac-charlotte.com\/site\/installation\/2021-banniel\/\" \/>\n<meta property=\"og:locale\" content=\"fr_FR\" \/>\n<meta property=\"og:type\" content=\"article\" \/>\n<meta property=\"og:title\" content=\"2021 Banniel - Charlotte PRINGUEY CESSAC\" \/>\n<meta property=\"og:description\" content=\"Retour 2021 &#8211; Banniel Banniel2021Installation in situ de 16 manches...\" \/>\n<meta property=\"og:url\" content=\"http:\/\/www.pringueycessac-charlotte.com\/site\/installation\/2021-banniel\/\" \/>\n<meta property=\"og:site_name\" content=\"Charlotte PRINGUEY CESSAC\" \/>\n<meta property=\"article:modified_time\" content=\"2025-07-16T17:00:11+00:00\" \/>\n<meta name=\"twitter:card\" content=\"summary_large_image\" \/>\n<meta name=\"twitter:label1\" content=\"Dur\u00e9e de lecture estim\u00e9e\" \/>\n\t<meta name=\"twitter:data1\" content=\"2 minutes\" \/>\n<script type=\"application\/ld+json\" class=\"yoast-schema-graph\">{\"@context\":\"https:\/\/schema.org\",\"@graph\":[{\"@type\":[\"Person\",\"Organization\"],\"@id\":\"http:\/\/www.pringueycessac-charlotte.com\/site\/#\/schema\/person\/80712bc6db2643df3376809312d54ef6\",\"name\":\"Charlotte Pringuey-Cessac\",\"image\":{\"@type\":\"ImageObject\",\"inLanguage\":\"fr-FR\",\"@id\":\"http:\/\/www.pringueycessac-charlotte.com\/site\/#\/schema\/person\/image\/\",\"url\":\"http:\/\/0.gravatar.com\/avatar\/f9425e6f5e44c33da515b06f92bf6ac3?s=96&d=mm&r=g\",\"contentUrl\":\"http:\/\/0.gravatar.com\/avatar\/f9425e6f5e44c33da515b06f92bf6ac3?s=96&d=mm&r=g\",\"caption\":\"Charlotte Pringuey-Cessac\"},\"logo\":{\"@id\":\"http:\/\/www.pringueycessac-charlotte.com\/site\/#\/schema\/person\/image\/\"}},{\"@type\":\"WebSite\",\"@id\":\"http:\/\/www.pringueycessac-charlotte.com\/site\/#website\",\"url\":\"http:\/\/www.pringueycessac-charlotte.com\/site\/\",\"name\":\"Charlotte PRINGUEY-CESSAC\",\"description\":\"\",\"publisher\":{\"@id\":\"http:\/\/www.pringueycessac-charlotte.com\/site\/#\/schema\/person\/80712bc6db2643df3376809312d54ef6\"},\"potentialAction\":[{\"@type\":\"SearchAction\",\"target\":{\"@type\":\"EntryPoint\",\"urlTemplate\":\"http:\/\/www.pringueycessac-charlotte.com\/site\/?s={search_term_string}\"},\"query-input\":\"required name=search_term_string\"}],\"inLanguage\":\"fr-FR\"},{\"@type\":\"WebPage\",\"@id\":\"http:\/\/www.pringueycessac-charlotte.com\/site\/installation\/2021-banniel\/#webpage\",\"url\":\"http:\/\/www.pringueycessac-charlotte.com\/site\/installation\/2021-banniel\/\",\"name\":\"2021 Banniel - Charlotte PRINGUEY CESSAC\",\"isPartOf\":{\"@id\":\"http:\/\/www.pringueycessac-charlotte.com\/site\/#website\"},\"datePublished\":\"2025-02-21T20:14:52+00:00\",\"dateModified\":\"2025-07-16T17:00:11+00:00\",\"breadcrumb\":{\"@id\":\"http:\/\/www.pringueycessac-charlotte.com\/site\/installation\/2021-banniel\/#breadcrumb\"},\"inLanguage\":\"fr-FR\",\"potentialAction\":[{\"@type\":\"ReadAction\",\"target\":[\"http:\/\/www.pringueycessac-charlotte.com\/site\/installation\/2021-banniel\/\"]}]},{\"@type\":\"BreadcrumbList\",\"@id\":\"http:\/\/www.pringueycessac-charlotte.com\/site\/installation\/2021-banniel\/#breadcrumb\",\"itemListElement\":[{\"@type\":\"ListItem\",\"position\":1,\"name\":\"Accueil\",\"item\":\"http:\/\/www.pringueycessac-charlotte.com\/site\/\"},{\"@type\":\"ListItem\",\"position\":2,\"name\":\"Installation\",\"item\":\"http:\/\/www.pringueycessac-charlotte.com\/site\/installation\/\"},{\"@type\":\"ListItem\",\"position\":3,\"name\":\"2021 Banniel\"}]}]}<\/script>\n<!-- \/ Yoast SEO plugin. -->","yoast_head_json":{"title":"2021 Banniel - Charlotte PRINGUEY CESSAC","robots":{"index":"index","follow":"follow","max-snippet":"max-snippet:-1","max-image-preview":"max-image-preview:large","max-video-preview":"max-video-preview:-1"},"canonical":"http:\/\/www.pringueycessac-charlotte.com\/site\/installation\/2021-banniel\/","og_locale":"fr_FR","og_type":"article","og_title":"2021 Banniel - Charlotte PRINGUEY CESSAC","og_description":"Retour 2021 &#8211; Banniel Banniel2021Installation in situ de 16 manches...","og_url":"http:\/\/www.pringueycessac-charlotte.com\/site\/installation\/2021-banniel\/","og_site_name":"Charlotte PRINGUEY CESSAC","article_modified_time":"2025-07-16T17:00:11+00:00","twitter_card":"summary_large_image","twitter_misc":{"Dur\u00e9e de lecture estim\u00e9e":"2 minutes"},"schema":{"@context":"https:\/\/schema.org","@graph":[{"@type":["Person","Organization"],"@id":"http:\/\/www.pringueycessac-charlotte.com\/site\/#\/schema\/person\/80712bc6db2643df3376809312d54ef6","name":"Charlotte Pringuey-Cessac","image":{"@type":"ImageObject","inLanguage":"fr-FR","@id":"http:\/\/www.pringueycessac-charlotte.com\/site\/#\/schema\/person\/image\/","url":"http:\/\/0.gravatar.com\/avatar\/f9425e6f5e44c33da515b06f92bf6ac3?s=96&d=mm&r=g","contentUrl":"http:\/\/0.gravatar.com\/avatar\/f9425e6f5e44c33da515b06f92bf6ac3?s=96&d=mm&r=g","caption":"Charlotte Pringuey-Cessac"},"logo":{"@id":"http:\/\/www.pringueycessac-charlotte.com\/site\/#\/schema\/person\/image\/"}},{"@type":"WebSite","@id":"http:\/\/www.pringueycessac-charlotte.com\/site\/#website","url":"http:\/\/www.pringueycessac-charlotte.com\/site\/","name":"Charlotte PRINGUEY-CESSAC","description":"","publisher":{"@id":"http:\/\/www.pringueycessac-charlotte.com\/site\/#\/schema\/person\/80712bc6db2643df3376809312d54ef6"},"potentialAction":[{"@type":"SearchAction","target":{"@type":"EntryPoint","urlTemplate":"http:\/\/www.pringueycessac-charlotte.com\/site\/?s={search_term_string}"},"query-input":"required name=search_term_string"}],"inLanguage":"fr-FR"},{"@type":"WebPage","@id":"http:\/\/www.pringueycessac-charlotte.com\/site\/installation\/2021-banniel\/#webpage","url":"http:\/\/www.pringueycessac-charlotte.com\/site\/installation\/2021-banniel\/","name":"2021 Banniel - Charlotte PRINGUEY CESSAC","isPartOf":{"@id":"http:\/\/www.pringueycessac-charlotte.com\/site\/#website"},"datePublished":"2025-02-21T20:14:52+00:00","dateModified":"2025-07-16T17:00:11+00:00","breadcrumb":{"@id":"http:\/\/www.pringueycessac-charlotte.com\/site\/installation\/2021-banniel\/#breadcrumb"},"inLanguage":"fr-FR","potentialAction":[{"@type":"ReadAction","target":["http:\/\/www.pringueycessac-charlotte.com\/site\/installation\/2021-banniel\/"]}]},{"@type":"BreadcrumbList","@id":"http:\/\/www.pringueycessac-charlotte.com\/site\/installation\/2021-banniel\/#breadcrumb","itemListElement":[{"@type":"ListItem","position":1,"name":"Accueil","item":"http:\/\/www.pringueycessac-charlotte.com\/site\/"},{"@type":"ListItem","position":2,"name":"Installation","item":"http:\/\/www.pringueycessac-charlotte.com\/site\/installation\/"},{"@type":"ListItem","position":3,"name":"2021 Banniel"}]}]}},"_links":{"self":[{"href":"http:\/\/www.pringueycessac-charlotte.com\/site\/wp-json\/wp\/v2\/pages\/2654"}],"collection":[{"href":"http:\/\/www.pringueycessac-charlotte.com\/site\/wp-json\/wp\/v2\/pages"}],"about":[{"href":"http:\/\/www.pringueycessac-charlotte.com\/site\/wp-json\/wp\/v2\/types\/page"}],"author":[{"embeddable":true,"href":"http:\/\/www.pringueycessac-charlotte.com\/site\/wp-json\/wp\/v2\/users\/1"}],"replies":[{"embeddable":true,"href":"http:\/\/www.pringueycessac-charlotte.com\/site\/wp-json\/wp\/v2\/comments?post=2654"}],"version-history":[{"count":3,"href":"http:\/\/www.pringueycessac-charlotte.com\/site\/wp-json\/wp\/v2\/pages\/2654\/revisions"}],"predecessor-version":[{"id":3241,"href":"http:\/\/www.pringueycessac-charlotte.com\/site\/wp-json\/wp\/v2\/pages\/2654\/revisions\/3241"}],"up":[{"embeddable":true,"href":"http:\/\/www.pringueycessac-charlotte.com\/site\/wp-json\/wp\/v2\/pages\/888"}],"wp:attachment":[{"href":"http:\/\/www.pringueycessac-charlotte.com\/site\/wp-json\/wp\/v2\/media?parent=2654"}],"curies":[{"name":"wp","href":"https:\/\/api.w.org\/{rel}","templated":true}]}}