{"id":2679,"date":"2025-02-21T21:26:21","date_gmt":"2025-02-21T20:26:21","guid":{"rendered":"http:\/\/www.pringueycessac-charlotte.com\/site\/?page_id=2679"},"modified":"2025-07-16T19:14:05","modified_gmt":"2025-07-16T17:14:05","slug":"2022-poser-une-pierre","status":"publish","type":"page","link":"http:\/\/www.pringueycessac-charlotte.com\/site\/installation\/2022-poser-une-pierre\/","title":{"rendered":"2022   Du bout des doigts"},"content":{"rendered":"\n<p class=\"has-text-align-right\"><strong><a href=\"http:\/\/www.pringueycessac-charlotte.com\/site\/installation\/\">Retour<\/a><\/strong><\/p>\n\n\n\n<p class=\"has-medium-font-size\">2022 &#8211; Du bout des doigts<\/p>\n\n\n\n\n\n<div class=\"ngg-galleryoverview ngg-slideshow\"\n\t id=\"ngg-slideshow-bcdf3e3c09711a607804ac782f018f30-14577549170\"\n     data-gallery-id=\"bcdf3e3c09711a607804ac782f018f30\"\n     style=\"max-width: 750px; max-height: 500px;\">\n\n \t<div id=\"ngg-image-0\" class=\"ngg-gallery-slideshow-image\" style=\"height:500px\">\n\n        <a href=\"http:\/\/www.pringueycessac-charlotte.com\/site\/wp-content\/gallery\/queyras\/boutdoigt8.jpg\"\n           title=\"\"\n           data-src=\"http:\/\/www.pringueycessac-charlotte.com\/site\/wp-content\/gallery\/queyras\/boutdoigt8.jpg\"\n           data-thumbnail=\"http:\/\/www.pringueycessac-charlotte.com\/site\/wp-content\/gallery\/queyras\/thumbs\/thumbs_boutdoigt8.jpg\"\n           data-image-id=\"328\"\n           data-title=\"boutdoigt8\"\n           data-description=\"\"\n           class=\"ngg-simplelightbox\" rel=\"bcdf3e3c09711a607804ac782f018f30\">\n\n            <img data-image-id='328'\n                 title=\"\"\n                 alt=\"boutdoigt8\"\n                 src=\"http:\/\/www.pringueycessac-charlotte.com\/site\/wp-content\/gallery\/queyras\/boutdoigt8.jpg\"\n                 style=\"max-height: 480px;\"\/>\n        <\/a>\n\n        <\/div> \n<div id=\"ngg-image-1\" class=\"ngg-gallery-slideshow-image\" style=\"height:500px\">\n\n        <a href=\"http:\/\/www.pringueycessac-charlotte.com\/site\/wp-content\/gallery\/queyras\/boutdoigt7.jpg\"\n           title=\"\"\n           data-src=\"http:\/\/www.pringueycessac-charlotte.com\/site\/wp-content\/gallery\/queyras\/boutdoigt7.jpg\"\n           data-thumbnail=\"http:\/\/www.pringueycessac-charlotte.com\/site\/wp-content\/gallery\/queyras\/thumbs\/thumbs_boutdoigt7.jpg\"\n           data-image-id=\"327\"\n           data-title=\"boutdoigt7\"\n           data-description=\"\"\n           class=\"ngg-simplelightbox\" rel=\"bcdf3e3c09711a607804ac782f018f30\">\n\n            <img data-image-id='327'\n                 title=\"\"\n                 alt=\"boutdoigt7\"\n                 src=\"http:\/\/www.pringueycessac-charlotte.com\/site\/wp-content\/gallery\/queyras\/boutdoigt7.jpg\"\n                 style=\"max-height: 480px;\"\/>\n        <\/a>\n\n        <\/div> \n<div id=\"ngg-image-2\" class=\"ngg-gallery-slideshow-image\" style=\"height:500px\">\n\n        <a href=\"http:\/\/www.pringueycessac-charlotte.com\/site\/wp-content\/gallery\/queyras\/boutdoigt.jpg\"\n           title=\"\"\n           data-src=\"http:\/\/www.pringueycessac-charlotte.com\/site\/wp-content\/gallery\/queyras\/boutdoigt.jpg\"\n           data-thumbnail=\"http:\/\/www.pringueycessac-charlotte.com\/site\/wp-content\/gallery\/queyras\/thumbs\/thumbs_boutdoigt.jpg\"\n           data-image-id=\"329\"\n           data-title=\"boutdoigt\"\n           data-description=\"\"\n           class=\"ngg-simplelightbox\" rel=\"bcdf3e3c09711a607804ac782f018f30\">\n\n            <img data-image-id='329'\n                 title=\"\"\n                 alt=\"boutdoigt\"\n                 src=\"http:\/\/www.pringueycessac-charlotte.com\/site\/wp-content\/gallery\/queyras\/boutdoigt.jpg\"\n                 style=\"max-height: 480px;\"\/>\n        <\/a>\n\n        <\/div> \n<div id=\"ngg-image-3\" class=\"ngg-gallery-slideshow-image\" style=\"height:500px\">\n\n        <a href=\"http:\/\/www.pringueycessac-charlotte.com\/site\/wp-content\/gallery\/queyras\/boutdoigt6.jpg\"\n           title=\"\"\n           data-src=\"http:\/\/www.pringueycessac-charlotte.com\/site\/wp-content\/gallery\/queyras\/boutdoigt6.jpg\"\n           data-thumbnail=\"http:\/\/www.pringueycessac-charlotte.com\/site\/wp-content\/gallery\/queyras\/thumbs\/thumbs_boutdoigt6.jpg\"\n           data-image-id=\"330\"\n           data-title=\"boutdoigt6\"\n           data-description=\"\"\n           class=\"ngg-simplelightbox\" rel=\"bcdf3e3c09711a607804ac782f018f30\">\n\n            <img data-image-id='330'\n                 title=\"\"\n                 alt=\"boutdoigt6\"\n                 src=\"http:\/\/www.pringueycessac-charlotte.com\/site\/wp-content\/gallery\/queyras\/boutdoigt6.jpg\"\n                 style=\"max-height: 480px;\"\/>\n        <\/a>\n\n        <\/div> \n<div id=\"ngg-image-4\" class=\"ngg-gallery-slideshow-image\" style=\"height:500px\">\n\n        <a href=\"http:\/\/www.pringueycessac-charlotte.com\/site\/wp-content\/gallery\/queyras\/boutdoigt9.jpg\"\n           title=\"\"\n           data-src=\"http:\/\/www.pringueycessac-charlotte.com\/site\/wp-content\/gallery\/queyras\/boutdoigt9.jpg\"\n           data-thumbnail=\"http:\/\/www.pringueycessac-charlotte.com\/site\/wp-content\/gallery\/queyras\/thumbs\/thumbs_boutdoigt9.jpg\"\n           data-image-id=\"332\"\n           data-title=\"boutdoigt9\"\n           data-description=\"\"\n           class=\"ngg-simplelightbox\" rel=\"bcdf3e3c09711a607804ac782f018f30\">\n\n            <img data-image-id='332'\n                 title=\"\"\n                 alt=\"boutdoigt9\"\n                 src=\"http:\/\/www.pringueycessac-charlotte.com\/site\/wp-content\/gallery\/queyras\/boutdoigt9.jpg\"\n                 style=\"max-height: 480px;\"\/>\n        <\/a>\n\n        <\/div> \n<div id=\"ngg-image-5\" class=\"ngg-gallery-slideshow-image\" style=\"height:500px\">\n\n        <a href=\"http:\/\/www.pringueycessac-charlotte.com\/site\/wp-content\/gallery\/queyras\/boutdoigtdetail.jpg\"\n           title=\"\"\n           data-src=\"http:\/\/www.pringueycessac-charlotte.com\/site\/wp-content\/gallery\/queyras\/boutdoigtdetail.jpg\"\n           data-thumbnail=\"http:\/\/www.pringueycessac-charlotte.com\/site\/wp-content\/gallery\/queyras\/thumbs\/thumbs_boutdoigtdetail.jpg\"\n           data-image-id=\"331\"\n           data-title=\"boutdoigtdetail\"\n           data-description=\"\"\n           class=\"ngg-simplelightbox\" rel=\"bcdf3e3c09711a607804ac782f018f30\">\n\n            <img data-image-id='331'\n                 title=\"\"\n                 alt=\"boutdoigtdetail\"\n                 src=\"http:\/\/www.pringueycessac-charlotte.com\/site\/wp-content\/gallery\/queyras\/boutdoigtdetail.jpg\"\n                 style=\"max-height: 480px;\"\/>\n        <\/a>\n\n        <\/div> \n<div id=\"ngg-image-6\" class=\"ngg-gallery-slideshow-image\" style=\"height:500px\">\n\n        <a href=\"http:\/\/www.pringueycessac-charlotte.com\/site\/wp-content\/gallery\/queyras\/duboutdesdoigtsfinal.jpg\"\n           title=\"\"\n           data-src=\"http:\/\/www.pringueycessac-charlotte.com\/site\/wp-content\/gallery\/queyras\/duboutdesdoigtsfinal.jpg\"\n           data-thumbnail=\"http:\/\/www.pringueycessac-charlotte.com\/site\/wp-content\/gallery\/queyras\/thumbs\/thumbs_duboutdesdoigtsfinal.jpg\"\n           data-image-id=\"335\"\n           data-title=\"duboutdesdoigtsfinal\"\n           data-description=\"\"\n           class=\"ngg-simplelightbox\" rel=\"bcdf3e3c09711a607804ac782f018f30\">\n\n            <img data-image-id='335'\n                 title=\"\"\n                 alt=\"duboutdesdoigtsfinal\"\n                 src=\"http:\/\/www.pringueycessac-charlotte.com\/site\/wp-content\/gallery\/queyras\/duboutdesdoigtsfinal.jpg\"\n                 style=\"max-height: 480px;\"\/>\n        <\/a>\n\n        <\/div> \n<\/div>\n\n\n\n\n\n\n\n<p><em>Du bouts des doigts<\/em><br>2022<br>Marbre rose de Guillestre et porcelaines emaill\u00e9es<\/p>\n\n\n\n<p>Avec la participation du mus\u00e9e de Pr\u00e9histoire de Terra Amata \u00e0 Nice, en partenariat avec la mairie d\u2019Aiguilles, de l\u2019Ecole d\u2019Art c\u00e9ramique de Vallauris, des entreprises EFC-Carri\u00e8re de Guillestre, SEROR B\u00e2timent, SAMSE et Queyras Levage et transports, du sculteur C\u00e9dric Rouz\u00e9 et des habitants du Queyras, Charlotte Pringuey Cessac propose un premier projet p\u00e9renne dans le Queyras. Ce dernier prend forme autour de trois blocs de marbre rose, dispos\u00e9s le long de la future voie verte entre Aiguilles et Abri\u00e8s-Ristolas. Le vocabulaire \u00e0 caract\u00e8re g\u00e9ologique des pi\u00e8ces en porcelaine est le suivant :<\/p>\n\n\n\n<p>\u2013 Empreintes contemporaines de parties corporelles (coude, poignet, genou\u2026) d\u2019habitants d\u2019Aiguilles et du massif queyrassin (enfants et adultes) datant de 2022 r\u00e9alis\u00e9s dans le cadre des ateliers de moulage ;<br>\u2013 Empreintes de pierres \u00e9crites diss\u00e9min\u00e9es dans le Queyras du Moyen \u00c2ge \u00e0 nos jours ;<br>\u2013 Empreintes de v\u00e9nus, repr\u00e9sentations de la figure (fonction cultuelle) issues de diff\u00e9rents sites de fouilles (France, Italie, Gr\u00e8ce, \u2026) datant entre \u2013 2.000 et \u2013 27.000 ans ;<br>\u2013 Empreintes d\u2019outils lithiques (pierres taill\u00e9es \u00e0 fonction usuelle pour la chasse\u2026) d\u00e9couverts sur le site de Terra Amata \u00e0 Nice, site des foyers les plus anciens connus au monde, datant de \u2013 380.000 ans. Ce site \u00e9tait un lieu de passage o\u00f9 des tribus pr\u00e9historiques installaient r\u00e9guli\u00e8rement leur camp le temps d\u2019une saison.<\/p>\n\n\n\n<p>Charlotte Pringuey Cessac a choisi d\u2019incruster des pi\u00e8ces en porcelaine \u00e9maill\u00e9e qui ont vu le jour \u00e0 Vallauris, haut lieu de la cr\u00e9ation poti\u00e8re. Ces pi\u00e8ces, install\u00e9es \u00e0 la mani\u00e8re de prises d\u2019escalade, ont \u00e9t\u00e9 r\u00e9alis\u00e9es \u00e0 partir de moulages qui \u00e9voquent l\u2019empreinte laiss\u00e9e par l\u2019homme en parcourant son histoire, de la plus lointaine \u00e0 la plus contemporaine. V\u00e9nus et outils pr\u00e9historiques moul\u00e9es sur des vestiges arch\u00e9ologiques conserv\u00e9s au mus\u00e9e de Pr\u00e9histoire de Terra Amata \u00e0 Nice t\u00e9moignent des premi\u00e8res expressions humaines. Ces traces ancestrales c\u00f4toient ici fragments de pierres \u00e9crites qui jalonnent l\u2019histoire du Queyras et empreintes corporelles d\u2019habitants des villages qui ont bien voulu se pr\u00eater au jeu de cet assemblage symbolique de formes.<\/p>\n","protected":false},"excerpt":{"rendered":"<p>Retour 2022 &#8211; Du bout des doigts Du bouts des&#8230;<\/p>\n","protected":false},"author":1,"featured_media":0,"parent":888,"menu_order":0,"comment_status":"closed","ping_status":"closed","template":"","meta":{"ngg_post_thumbnail":0},"yoast_head":"<!-- This site is optimized with the Yoast SEO plugin v18.8 - https:\/\/yoast.com\/wordpress\/plugins\/seo\/ -->\n<title>2022  Du bout des doigts - Charlotte PRINGUEY CESSAC<\/title>\n<meta name=\"robots\" content=\"index, follow, max-snippet:-1, max-image-preview:large, max-video-preview:-1\" \/>\n<link rel=\"canonical\" href=\"http:\/\/www.pringueycessac-charlotte.com\/site\/installation\/2022-poser-une-pierre\/\" \/>\n<meta property=\"og:locale\" content=\"fr_FR\" \/>\n<meta property=\"og:type\" content=\"article\" \/>\n<meta property=\"og:title\" content=\"2022  Du bout des doigts - Charlotte PRINGUEY CESSAC\" \/>\n<meta property=\"og:description\" content=\"Retour 2022 &#8211; Du bout des doigts Du bouts des...\" \/>\n<meta property=\"og:url\" content=\"http:\/\/www.pringueycessac-charlotte.com\/site\/installation\/2022-poser-une-pierre\/\" \/>\n<meta property=\"og:site_name\" content=\"Charlotte PRINGUEY CESSAC\" \/>\n<meta property=\"article:modified_time\" content=\"2025-07-16T17:14:05+00:00\" \/>\n<meta name=\"twitter:card\" content=\"summary_large_image\" \/>\n<meta name=\"twitter:label1\" content=\"Dur\u00e9e de lecture estim\u00e9e\" \/>\n\t<meta name=\"twitter:data1\" content=\"2 minutes\" \/>\n<script type=\"application\/ld+json\" class=\"yoast-schema-graph\">{\"@context\":\"https:\/\/schema.org\",\"@graph\":[{\"@type\":[\"Person\",\"Organization\"],\"@id\":\"http:\/\/www.pringueycessac-charlotte.com\/site\/#\/schema\/person\/80712bc6db2643df3376809312d54ef6\",\"name\":\"Charlotte Pringuey-Cessac\",\"image\":{\"@type\":\"ImageObject\",\"inLanguage\":\"fr-FR\",\"@id\":\"http:\/\/www.pringueycessac-charlotte.com\/site\/#\/schema\/person\/image\/\",\"url\":\"http:\/\/0.gravatar.com\/avatar\/f9425e6f5e44c33da515b06f92bf6ac3?s=96&d=mm&r=g\",\"contentUrl\":\"http:\/\/0.gravatar.com\/avatar\/f9425e6f5e44c33da515b06f92bf6ac3?s=96&d=mm&r=g\",\"caption\":\"Charlotte Pringuey-Cessac\"},\"logo\":{\"@id\":\"http:\/\/www.pringueycessac-charlotte.com\/site\/#\/schema\/person\/image\/\"}},{\"@type\":\"WebSite\",\"@id\":\"http:\/\/www.pringueycessac-charlotte.com\/site\/#website\",\"url\":\"http:\/\/www.pringueycessac-charlotte.com\/site\/\",\"name\":\"Charlotte PRINGUEY-CESSAC\",\"description\":\"\",\"publisher\":{\"@id\":\"http:\/\/www.pringueycessac-charlotte.com\/site\/#\/schema\/person\/80712bc6db2643df3376809312d54ef6\"},\"potentialAction\":[{\"@type\":\"SearchAction\",\"target\":{\"@type\":\"EntryPoint\",\"urlTemplate\":\"http:\/\/www.pringueycessac-charlotte.com\/site\/?s={search_term_string}\"},\"query-input\":\"required name=search_term_string\"}],\"inLanguage\":\"fr-FR\"},{\"@type\":\"WebPage\",\"@id\":\"http:\/\/www.pringueycessac-charlotte.com\/site\/installation\/2022-poser-une-pierre\/#webpage\",\"url\":\"http:\/\/www.pringueycessac-charlotte.com\/site\/installation\/2022-poser-une-pierre\/\",\"name\":\"2022 Du bout des doigts - Charlotte PRINGUEY CESSAC\",\"isPartOf\":{\"@id\":\"http:\/\/www.pringueycessac-charlotte.com\/site\/#website\"},\"datePublished\":\"2025-02-21T20:26:21+00:00\",\"dateModified\":\"2025-07-16T17:14:05+00:00\",\"breadcrumb\":{\"@id\":\"http:\/\/www.pringueycessac-charlotte.com\/site\/installation\/2022-poser-une-pierre\/#breadcrumb\"},\"inLanguage\":\"fr-FR\",\"potentialAction\":[{\"@type\":\"ReadAction\",\"target\":[\"http:\/\/www.pringueycessac-charlotte.com\/site\/installation\/2022-poser-une-pierre\/\"]}]},{\"@type\":\"BreadcrumbList\",\"@id\":\"http:\/\/www.pringueycessac-charlotte.com\/site\/installation\/2022-poser-une-pierre\/#breadcrumb\",\"itemListElement\":[{\"@type\":\"ListItem\",\"position\":1,\"name\":\"Accueil\",\"item\":\"http:\/\/www.pringueycessac-charlotte.com\/site\/\"},{\"@type\":\"ListItem\",\"position\":2,\"name\":\"Installation\",\"item\":\"http:\/\/www.pringueycessac-charlotte.com\/site\/installation\/\"},{\"@type\":\"ListItem\",\"position\":3,\"name\":\"2022 Du bout des doigts\"}]}]}<\/script>\n<!-- \/ Yoast SEO plugin. -->","yoast_head_json":{"title":"2022  Du bout des doigts - Charlotte PRINGUEY CESSAC","robots":{"index":"index","follow":"follow","max-snippet":"max-snippet:-1","max-image-preview":"max-image-preview:large","max-video-preview":"max-video-preview:-1"},"canonical":"http:\/\/www.pringueycessac-charlotte.com\/site\/installation\/2022-poser-une-pierre\/","og_locale":"fr_FR","og_type":"article","og_title":"2022  Du bout des doigts - Charlotte PRINGUEY CESSAC","og_description":"Retour 2022 &#8211; Du bout des doigts Du bouts des...","og_url":"http:\/\/www.pringueycessac-charlotte.com\/site\/installation\/2022-poser-une-pierre\/","og_site_name":"Charlotte PRINGUEY CESSAC","article_modified_time":"2025-07-16T17:14:05+00:00","twitter_card":"summary_large_image","twitter_misc":{"Dur\u00e9e de lecture estim\u00e9e":"2 minutes"},"schema":{"@context":"https:\/\/schema.org","@graph":[{"@type":["Person","Organization"],"@id":"http:\/\/www.pringueycessac-charlotte.com\/site\/#\/schema\/person\/80712bc6db2643df3376809312d54ef6","name":"Charlotte Pringuey-Cessac","image":{"@type":"ImageObject","inLanguage":"fr-FR","@id":"http:\/\/www.pringueycessac-charlotte.com\/site\/#\/schema\/person\/image\/","url":"http:\/\/0.gravatar.com\/avatar\/f9425e6f5e44c33da515b06f92bf6ac3?s=96&d=mm&r=g","contentUrl":"http:\/\/0.gravatar.com\/avatar\/f9425e6f5e44c33da515b06f92bf6ac3?s=96&d=mm&r=g","caption":"Charlotte Pringuey-Cessac"},"logo":{"@id":"http:\/\/www.pringueycessac-charlotte.com\/site\/#\/schema\/person\/image\/"}},{"@type":"WebSite","@id":"http:\/\/www.pringueycessac-charlotte.com\/site\/#website","url":"http:\/\/www.pringueycessac-charlotte.com\/site\/","name":"Charlotte PRINGUEY-CESSAC","description":"","publisher":{"@id":"http:\/\/www.pringueycessac-charlotte.com\/site\/#\/schema\/person\/80712bc6db2643df3376809312d54ef6"},"potentialAction":[{"@type":"SearchAction","target":{"@type":"EntryPoint","urlTemplate":"http:\/\/www.pringueycessac-charlotte.com\/site\/?s={search_term_string}"},"query-input":"required name=search_term_string"}],"inLanguage":"fr-FR"},{"@type":"WebPage","@id":"http:\/\/www.pringueycessac-charlotte.com\/site\/installation\/2022-poser-une-pierre\/#webpage","url":"http:\/\/www.pringueycessac-charlotte.com\/site\/installation\/2022-poser-une-pierre\/","name":"2022 Du bout des doigts - Charlotte PRINGUEY CESSAC","isPartOf":{"@id":"http:\/\/www.pringueycessac-charlotte.com\/site\/#website"},"datePublished":"2025-02-21T20:26:21+00:00","dateModified":"2025-07-16T17:14:05+00:00","breadcrumb":{"@id":"http:\/\/www.pringueycessac-charlotte.com\/site\/installation\/2022-poser-une-pierre\/#breadcrumb"},"inLanguage":"fr-FR","potentialAction":[{"@type":"ReadAction","target":["http:\/\/www.pringueycessac-charlotte.com\/site\/installation\/2022-poser-une-pierre\/"]}]},{"@type":"BreadcrumbList","@id":"http:\/\/www.pringueycessac-charlotte.com\/site\/installation\/2022-poser-une-pierre\/#breadcrumb","itemListElement":[{"@type":"ListItem","position":1,"name":"Accueil","item":"http:\/\/www.pringueycessac-charlotte.com\/site\/"},{"@type":"ListItem","position":2,"name":"Installation","item":"http:\/\/www.pringueycessac-charlotte.com\/site\/installation\/"},{"@type":"ListItem","position":3,"name":"2022 Du bout des doigts"}]}]}},"_links":{"self":[{"href":"http:\/\/www.pringueycessac-charlotte.com\/site\/wp-json\/wp\/v2\/pages\/2679"}],"collection":[{"href":"http:\/\/www.pringueycessac-charlotte.com\/site\/wp-json\/wp\/v2\/pages"}],"about":[{"href":"http:\/\/www.pringueycessac-charlotte.com\/site\/wp-json\/wp\/v2\/types\/page"}],"author":[{"embeddable":true,"href":"http:\/\/www.pringueycessac-charlotte.com\/site\/wp-json\/wp\/v2\/users\/1"}],"replies":[{"embeddable":true,"href":"http:\/\/www.pringueycessac-charlotte.com\/site\/wp-json\/wp\/v2\/comments?post=2679"}],"version-history":[{"count":7,"href":"http:\/\/www.pringueycessac-charlotte.com\/site\/wp-json\/wp\/v2\/pages\/2679\/revisions"}],"predecessor-version":[{"id":3255,"href":"http:\/\/www.pringueycessac-charlotte.com\/site\/wp-json\/wp\/v2\/pages\/2679\/revisions\/3255"}],"up":[{"embeddable":true,"href":"http:\/\/www.pringueycessac-charlotte.com\/site\/wp-json\/wp\/v2\/pages\/888"}],"wp:attachment":[{"href":"http:\/\/www.pringueycessac-charlotte.com\/site\/wp-json\/wp\/v2\/media?parent=2679"}],"curies":[{"name":"wp","href":"https:\/\/api.w.org\/{rel}","templated":true}]}}