{"id":27,"date":"2019-07-04T18:07:23","date_gmt":"2019-07-04T16:07:23","guid":{"rendered":"http:\/\/www.pringueycessac-charlotte.com\/site\/?page_id=27"},"modified":"2025-04-17T18:08:12","modified_gmt":"2025-04-17T16:08:12","slug":"editions","status":"publish","type":"page","link":"http:\/\/www.pringueycessac-charlotte.com\/site\/editions\/","title":{"rendered":"Editions"},"content":{"rendered":"\n<p class=\"has-medium-font-size\">  \u2022 <strong>Projet NOMADE<\/strong> <\/p>\n\n\n\n<div class=\"wp-block-image\"><figure class=\"aligncenter size-full\"><a href=\"http:\/\/www.pringueycessac-charlotte.com\/site\/projet-nomade-2\/\"><img loading=\"lazy\" width=\"400\" height=\"259\" src=\"http:\/\/www.pringueycessac-charlotte.com\/site\/wp-content\/uploads\/2025\/04\/logonomade.jpg\" alt=\"\" class=\"wp-image-2993\" srcset=\"http:\/\/www.pringueycessac-charlotte.com\/site\/wp-content\/uploads\/2025\/04\/logonomade.jpg 400w, http:\/\/www.pringueycessac-charlotte.com\/site\/wp-content\/uploads\/2025\/04\/logonomade-300x194.jpg 300w\" sizes=\"(max-width: 400px) 100vw, 400px\" \/><\/a><\/figure><\/div>\n\n\n\n<p>Ouvrage en cours d&rsquo;impression. <\/p>\n\n\n\n<p><a href=\"http:\/\/www.pringueycessac-charlotte.com\/site\/projet-nomade-2\/\">Lien vers le projet<\/a><\/p>\n\n\n\n<hr class=\"wp-block-separator\"\/>\n\n\n\n<p class=\"has-medium-font-size\"> \u2022 <strong>Bruit originaire<\/strong><\/p>\n\n\n\n<div class=\"wp-block-image\"><figure class=\"aligncenter size-large\"><a href=\"http:\/\/www.pringueycessac-charlotte.com\/site\/projet-bruit-originaire\/\"><img loading=\"lazy\" width=\"400\" height=\"259\" src=\"http:\/\/www.pringueycessac-charlotte.com\/site\/wp-content\/uploads\/2021\/03\/planedition.png\" alt=\"\" class=\"wp-image-2567\" srcset=\"http:\/\/www.pringueycessac-charlotte.com\/site\/wp-content\/uploads\/2021\/03\/planedition.png 400w, http:\/\/www.pringueycessac-charlotte.com\/site\/wp-content\/uploads\/2021\/03\/planedition-300x194.png 300w\" sizes=\"(max-width: 400px) 100vw, 400px\" \/><\/a><\/figure><\/div>\n\n\n\n<p><a href=\"http:\/\/www.pringueycessac-charlotte.com\/site\/projet-bruit-originaire\/\">Lien vers projet Bruit originaire<\/a><\/p>\n\n\n\n<hr class=\"wp-block-separator\"\/>\n\n\n\n<p class=\"has-medium-font-size\">\u2022 <strong>Impressions d&rsquo;Ateliers II, 2014<\/strong><\/p>\n\n\n\n<div class=\"wp-block-image\"><figure class=\"aligncenter\"><img loading=\"lazy\" width=\"400\" height=\"318\" src=\"http:\/\/www.pringueycessac-charlotte.com\/site\/wp-content\/uploads\/2019\/08\/2014-Impressions-dAteliers-II-Edition-South-Art-Nice.jpg\" alt=\"\" class=\"wp-image-1605\" srcset=\"http:\/\/www.pringueycessac-charlotte.com\/site\/wp-content\/uploads\/2019\/08\/2014-Impressions-dAteliers-II-Edition-South-Art-Nice.jpg 400w, http:\/\/www.pringueycessac-charlotte.com\/site\/wp-content\/uploads\/2019\/08\/2014-Impressions-dAteliers-II-Edition-South-Art-Nice-300x239.jpg 300w\" sizes=\"(max-width: 400px) 100vw, 400px\" \/><\/figure><\/div>\n\n\n\n<p>Cet ouvrage a \u00e9t\u00e9 soutenu et financ\u00e9 par Didier Halloo, directeur de l&rsquo;Agence Gazelle Communication ; Impressions d&rsquo;ateliers II a \u00e9t\u00e9 publi\u00e9 par South Art Editions en novembre 2014 et pr\u00e9sent\u00e9 \u00e0 la Galerie Eva Vautier.<\/p>\n\n\n\n<div style=\"height:100px\" aria-hidden=\"true\" class=\"wp-block-spacer\"><\/div>\n\n\n\n<hr class=\"wp-block-separator\"\/>\n\n\n\n<p class=\"has-medium-font-size\">\u2022 <strong>Prix Bonnard 2010 \u2013 Kanesuiban 2011<\/strong><\/p>\n\n\n\n<div class=\"wp-block-image\"><figure class=\"aligncenter\"><img loading=\"lazy\" width=\"494\" height=\"200\" src=\"http:\/\/www.pringueycessac-charlotte.com\/site\/wp-content\/uploads\/2019\/08\/2010-2011-Prix-Bonnard-Kanesuiban-Edition-obtenue-pour-le-Prix-Bonnard-de-lUMAM-Nice.jpg\" alt=\"\" class=\"wp-image-1606\" srcset=\"http:\/\/www.pringueycessac-charlotte.com\/site\/wp-content\/uploads\/2019\/08\/2010-2011-Prix-Bonnard-Kanesuiban-Edition-obtenue-pour-le-Prix-Bonnard-de-lUMAM-Nice.jpg 494w, http:\/\/www.pringueycessac-charlotte.com\/site\/wp-content\/uploads\/2019\/08\/2010-2011-Prix-Bonnard-Kanesuiban-Edition-obtenue-pour-le-Prix-Bonnard-de-lUMAM-Nice-300x121.jpg 300w\" sizes=\"(max-width: 494px) 100vw, 494px\" \/><\/figure><\/div>\n\n\n\n<p>Cet ouvrage a \u00e9t\u00e9 \u00e9dit\u00e9 dans le cadre du Prix Bonnard 2010, lors de l\u2019exposition U.M.A.M. \u00ab Clairs-obscurs \u00bb, du 26 juin au 6 septembre 2010, Maison des Artistes, Ch\u00e2teau-Mus\u00e9e Grimaldi de Cagnes-sur-Mer.<\/p>\n\n\n\n<p><em>Tirage \u00e0 1000 exemplaires dont 50 num\u00e9rot\u00e9s et tamponn\u00e9s.<br>\u00c9ditions U.M.A.M.<\/em><\/p>\n\n\n\n<div style=\"height:100px\" aria-hidden=\"true\" class=\"wp-block-spacer\"><\/div>\n\n\n\n<hr class=\"wp-block-separator\"\/>\n\n\n\n<p class=\"has-medium-font-size\">\u2022 <strong>Trames de l\u2019imaginaire<\/strong><\/p>\n\n\n\n<div class=\"wp-block-image\"><figure class=\"aligncenter size-large\"><img loading=\"lazy\" width=\"300\" height=\"121\" src=\"http:\/\/www.pringueycessac-charlotte.com\/site\/wp-content\/uploads\/2021\/03\/2010-Trames-de-limaginaire.jpg\" alt=\"\" class=\"wp-image-2572\"\/><\/figure><\/div>\n\n\n\n<p>Cet ouvrage a \u00e9t\u00e9 \u00e9dit\u00e9 dans le cadre d\u2019une collaboration entre l\u2019artiste et La Foresti\u00e8re du Nord, soci\u00e9t\u00e9 fran\u00e7aise de r\u00e9alisation de charbon de bois et m\u00e9c\u00e8ne.<\/p>\n\n\n\n<p><em>Tirage \u00e0 1000 exemplaires dont 200 num\u00e9rot\u00e9s, tamponn\u00e9s et contenant :<br>&#8211; Un morceau de charbon de bois<br>&#8211; Un poster tamponn\u00e9 \u00ab Trames de l\u2019imaginaire \u00bb<br>\u00c9ditions La Foresti\u00e8re du Nord, f\u00e9vrier 2011.<br><\/em><\/p>\n\n\n\n<p>Pour toute commande, veuillez me contacter : <a aria-label=\" (s\u2019ouvre dans un nouvel onglet)\" href=\"http:\/\/\\&quot;mailto: cpringueycessac@gmail.com\\&quot;\" target=\"_blank\" rel=\"noreferrer noopener\">cpringueycessac@gmail.com<\/a><\/p>\n","protected":false},"excerpt":{"rendered":"<p>\u2022 Projet NOMADE Ouvrage en cours d&rsquo;impression. Lien vers le&#8230;<\/p>\n","protected":false},"author":1,"featured_media":0,"parent":0,"menu_order":0,"comment_status":"closed","ping_status":"closed","template":"","meta":{"ngg_post_thumbnail":0},"yoast_head":"<!-- This site is optimized with the Yoast SEO plugin v18.8 - https:\/\/yoast.com\/wordpress\/plugins\/seo\/ -->\n<title>Editions - Charlotte PRINGUEY CESSAC<\/title>\n<meta name=\"description\" content=\"Editions Charlotte Pringuey-Cessac, Impressions d&#039;atelier II 2014, Prix Bonnard 2010-Kanesuiban 2011, Trames de l&#039;imaginaire\" \/>\n<meta name=\"robots\" content=\"index, follow, max-snippet:-1, max-image-preview:large, max-video-preview:-1\" \/>\n<link rel=\"canonical\" href=\"http:\/\/www.pringueycessac-charlotte.com\/site\/editions\/\" \/>\n<meta property=\"og:locale\" content=\"fr_FR\" \/>\n<meta property=\"og:type\" content=\"article\" \/>\n<meta property=\"og:title\" content=\"Editions - Charlotte PRINGUEY CESSAC\" \/>\n<meta property=\"og:description\" content=\"Editions Charlotte Pringuey-Cessac, Impressions d&#039;atelier II 2014, Prix Bonnard 2010-Kanesuiban 2011, Trames de l&#039;imaginaire\" \/>\n<meta property=\"og:url\" content=\"http:\/\/www.pringueycessac-charlotte.com\/site\/editions\/\" \/>\n<meta property=\"og:site_name\" content=\"Charlotte PRINGUEY CESSAC\" \/>\n<meta property=\"article:modified_time\" content=\"2025-04-17T16:08:12+00:00\" \/>\n<meta property=\"og:image\" content=\"http:\/\/www.pringueycessac-charlotte.com\/site\/wp-content\/uploads\/2025\/04\/logonomade.jpg\" \/>\n<meta name=\"twitter:card\" content=\"summary_large_image\" \/>\n<meta name=\"twitter:label1\" content=\"Dur\u00e9e de lecture estim\u00e9e\" \/>\n\t<meta name=\"twitter:data1\" content=\"2 minutes\" \/>\n<script type=\"application\/ld+json\" class=\"yoast-schema-graph\">{\"@context\":\"https:\/\/schema.org\",\"@graph\":[{\"@type\":[\"Person\",\"Organization\"],\"@id\":\"http:\/\/www.pringueycessac-charlotte.com\/site\/#\/schema\/person\/80712bc6db2643df3376809312d54ef6\",\"name\":\"Charlotte Pringuey-Cessac\",\"image\":{\"@type\":\"ImageObject\",\"inLanguage\":\"fr-FR\",\"@id\":\"http:\/\/www.pringueycessac-charlotte.com\/site\/#\/schema\/person\/image\/\",\"url\":\"http:\/\/0.gravatar.com\/avatar\/f9425e6f5e44c33da515b06f92bf6ac3?s=96&d=mm&r=g\",\"contentUrl\":\"http:\/\/0.gravatar.com\/avatar\/f9425e6f5e44c33da515b06f92bf6ac3?s=96&d=mm&r=g\",\"caption\":\"Charlotte Pringuey-Cessac\"},\"logo\":{\"@id\":\"http:\/\/www.pringueycessac-charlotte.com\/site\/#\/schema\/person\/image\/\"}},{\"@type\":\"WebSite\",\"@id\":\"http:\/\/www.pringueycessac-charlotte.com\/site\/#website\",\"url\":\"http:\/\/www.pringueycessac-charlotte.com\/site\/\",\"name\":\"Charlotte PRINGUEY-CESSAC\",\"description\":\"\",\"publisher\":{\"@id\":\"http:\/\/www.pringueycessac-charlotte.com\/site\/#\/schema\/person\/80712bc6db2643df3376809312d54ef6\"},\"potentialAction\":[{\"@type\":\"SearchAction\",\"target\":{\"@type\":\"EntryPoint\",\"urlTemplate\":\"http:\/\/www.pringueycessac-charlotte.com\/site\/?s={search_term_string}\"},\"query-input\":\"required name=search_term_string\"}],\"inLanguage\":\"fr-FR\"},{\"@type\":\"ImageObject\",\"inLanguage\":\"fr-FR\",\"@id\":\"http:\/\/www.pringueycessac-charlotte.com\/site\/editions\/#primaryimage\",\"url\":\"http:\/\/www.pringueycessac-charlotte.com\/site\/wp-content\/uploads\/2025\/04\/logonomade.jpg\",\"contentUrl\":\"http:\/\/www.pringueycessac-charlotte.com\/site\/wp-content\/uploads\/2025\/04\/logonomade.jpg\",\"width\":400,\"height\":259},{\"@type\":\"WebPage\",\"@id\":\"http:\/\/www.pringueycessac-charlotte.com\/site\/editions\/#webpage\",\"url\":\"http:\/\/www.pringueycessac-charlotte.com\/site\/editions\/\",\"name\":\"Editions - Charlotte PRINGUEY CESSAC\",\"isPartOf\":{\"@id\":\"http:\/\/www.pringueycessac-charlotte.com\/site\/#website\"},\"primaryImageOfPage\":{\"@id\":\"http:\/\/www.pringueycessac-charlotte.com\/site\/editions\/#primaryimage\"},\"datePublished\":\"2019-07-04T16:07:23+00:00\",\"dateModified\":\"2025-04-17T16:08:12+00:00\",\"description\":\"Editions Charlotte Pringuey-Cessac, Impressions d'atelier II 2014, Prix Bonnard 2010-Kanesuiban 2011, Trames de l'imaginaire\",\"breadcrumb\":{\"@id\":\"http:\/\/www.pringueycessac-charlotte.com\/site\/editions\/#breadcrumb\"},\"inLanguage\":\"fr-FR\",\"potentialAction\":[{\"@type\":\"ReadAction\",\"target\":[\"http:\/\/www.pringueycessac-charlotte.com\/site\/editions\/\"]}]},{\"@type\":\"BreadcrumbList\",\"@id\":\"http:\/\/www.pringueycessac-charlotte.com\/site\/editions\/#breadcrumb\",\"itemListElement\":[{\"@type\":\"ListItem\",\"position\":1,\"name\":\"Accueil\",\"item\":\"http:\/\/www.pringueycessac-charlotte.com\/site\/\"},{\"@type\":\"ListItem\",\"position\":2,\"name\":\"Editions\"}]}]}<\/script>\n<!-- \/ Yoast SEO plugin. -->","yoast_head_json":{"title":"Editions - Charlotte PRINGUEY CESSAC","description":"Editions Charlotte Pringuey-Cessac, Impressions d'atelier II 2014, Prix Bonnard 2010-Kanesuiban 2011, Trames de l'imaginaire","robots":{"index":"index","follow":"follow","max-snippet":"max-snippet:-1","max-image-preview":"max-image-preview:large","max-video-preview":"max-video-preview:-1"},"canonical":"http:\/\/www.pringueycessac-charlotte.com\/site\/editions\/","og_locale":"fr_FR","og_type":"article","og_title":"Editions - Charlotte PRINGUEY CESSAC","og_description":"Editions Charlotte Pringuey-Cessac, Impressions d'atelier II 2014, Prix Bonnard 2010-Kanesuiban 2011, Trames de l'imaginaire","og_url":"http:\/\/www.pringueycessac-charlotte.com\/site\/editions\/","og_site_name":"Charlotte PRINGUEY CESSAC","article_modified_time":"2025-04-17T16:08:12+00:00","og_image":[{"url":"http:\/\/www.pringueycessac-charlotte.com\/site\/wp-content\/uploads\/2025\/04\/logonomade.jpg"}],"twitter_card":"summary_large_image","twitter_misc":{"Dur\u00e9e de lecture estim\u00e9e":"2 minutes"},"schema":{"@context":"https:\/\/schema.org","@graph":[{"@type":["Person","Organization"],"@id":"http:\/\/www.pringueycessac-charlotte.com\/site\/#\/schema\/person\/80712bc6db2643df3376809312d54ef6","name":"Charlotte Pringuey-Cessac","image":{"@type":"ImageObject","inLanguage":"fr-FR","@id":"http:\/\/www.pringueycessac-charlotte.com\/site\/#\/schema\/person\/image\/","url":"http:\/\/0.gravatar.com\/avatar\/f9425e6f5e44c33da515b06f92bf6ac3?s=96&d=mm&r=g","contentUrl":"http:\/\/0.gravatar.com\/avatar\/f9425e6f5e44c33da515b06f92bf6ac3?s=96&d=mm&r=g","caption":"Charlotte Pringuey-Cessac"},"logo":{"@id":"http:\/\/www.pringueycessac-charlotte.com\/site\/#\/schema\/person\/image\/"}},{"@type":"WebSite","@id":"http:\/\/www.pringueycessac-charlotte.com\/site\/#website","url":"http:\/\/www.pringueycessac-charlotte.com\/site\/","name":"Charlotte PRINGUEY-CESSAC","description":"","publisher":{"@id":"http:\/\/www.pringueycessac-charlotte.com\/site\/#\/schema\/person\/80712bc6db2643df3376809312d54ef6"},"potentialAction":[{"@type":"SearchAction","target":{"@type":"EntryPoint","urlTemplate":"http:\/\/www.pringueycessac-charlotte.com\/site\/?s={search_term_string}"},"query-input":"required name=search_term_string"}],"inLanguage":"fr-FR"},{"@type":"ImageObject","inLanguage":"fr-FR","@id":"http:\/\/www.pringueycessac-charlotte.com\/site\/editions\/#primaryimage","url":"http:\/\/www.pringueycessac-charlotte.com\/site\/wp-content\/uploads\/2025\/04\/logonomade.jpg","contentUrl":"http:\/\/www.pringueycessac-charlotte.com\/site\/wp-content\/uploads\/2025\/04\/logonomade.jpg","width":400,"height":259},{"@type":"WebPage","@id":"http:\/\/www.pringueycessac-charlotte.com\/site\/editions\/#webpage","url":"http:\/\/www.pringueycessac-charlotte.com\/site\/editions\/","name":"Editions - Charlotte PRINGUEY CESSAC","isPartOf":{"@id":"http:\/\/www.pringueycessac-charlotte.com\/site\/#website"},"primaryImageOfPage":{"@id":"http:\/\/www.pringueycessac-charlotte.com\/site\/editions\/#primaryimage"},"datePublished":"2019-07-04T16:07:23+00:00","dateModified":"2025-04-17T16:08:12+00:00","description":"Editions Charlotte Pringuey-Cessac, Impressions d'atelier II 2014, Prix Bonnard 2010-Kanesuiban 2011, Trames de l'imaginaire","breadcrumb":{"@id":"http:\/\/www.pringueycessac-charlotte.com\/site\/editions\/#breadcrumb"},"inLanguage":"fr-FR","potentialAction":[{"@type":"ReadAction","target":["http:\/\/www.pringueycessac-charlotte.com\/site\/editions\/"]}]},{"@type":"BreadcrumbList","@id":"http:\/\/www.pringueycessac-charlotte.com\/site\/editions\/#breadcrumb","itemListElement":[{"@type":"ListItem","position":1,"name":"Accueil","item":"http:\/\/www.pringueycessac-charlotte.com\/site\/"},{"@type":"ListItem","position":2,"name":"Editions"}]}]}},"_links":{"self":[{"href":"http:\/\/www.pringueycessac-charlotte.com\/site\/wp-json\/wp\/v2\/pages\/27"}],"collection":[{"href":"http:\/\/www.pringueycessac-charlotte.com\/site\/wp-json\/wp\/v2\/pages"}],"about":[{"href":"http:\/\/www.pringueycessac-charlotte.com\/site\/wp-json\/wp\/v2\/types\/page"}],"author":[{"embeddable":true,"href":"http:\/\/www.pringueycessac-charlotte.com\/site\/wp-json\/wp\/v2\/users\/1"}],"replies":[{"embeddable":true,"href":"http:\/\/www.pringueycessac-charlotte.com\/site\/wp-json\/wp\/v2\/comments?post=27"}],"version-history":[{"count":13,"href":"http:\/\/www.pringueycessac-charlotte.com\/site\/wp-json\/wp\/v2\/pages\/27\/revisions"}],"predecessor-version":[{"id":3000,"href":"http:\/\/www.pringueycessac-charlotte.com\/site\/wp-json\/wp\/v2\/pages\/27\/revisions\/3000"}],"wp:attachment":[{"href":"http:\/\/www.pringueycessac-charlotte.com\/site\/wp-json\/wp\/v2\/media?parent=27"}],"curies":[{"name":"wp","href":"https:\/\/api.w.org\/{rel}","templated":true}]}}