{"id":2704,"date":"2025-02-21T22:06:19","date_gmt":"2025-02-21T21:06:19","guid":{"rendered":"http:\/\/www.pringueycessac-charlotte.com\/site\/?page_id=2704"},"modified":"2025-04-24T19:37:07","modified_gmt":"2025-04-24T17:37:07","slug":"2021-rev","status":"publish","type":"page","link":"http:\/\/www.pringueycessac-charlotte.com\/site\/dessin\/2021-rev\/","title":{"rendered":"2021 Rev"},"content":{"rendered":"\n<p class=\"has-text-align-right\"><strong><a href=\"http:\/\/www.pringueycessac-charlotte.com\/site\/dessin-mural\/\"><\/a><a href=\"http:\/\/www.pringueycessac-charlotte.com\/site\/dessin\/\">Retour<\/a><\/strong><\/p>\n\n\n\n<h2>2021 &#8211; Rev<\/h2>\n\n\n\n\n\n<div class=\"ngg-galleryoverview ngg-slideshow\"\n\t id=\"ngg-slideshow-95a71b3ff0408943779a9e811ebd2961-5209370380\"\n     data-gallery-id=\"95a71b3ff0408943779a9e811ebd2961\"\n     style=\"max-width: 750px; max-height: 500px;\">\n\n \t<div id=\"ngg-image-0\" class=\"ngg-gallery-slideshow-image\" style=\"height:500px\">\n\n        <a href=\"http:\/\/www.pringueycessac-charlotte.com\/site\/wp-content\/gallery\/revok\/rev1384.jpg\"\n           title=\"\"\n           data-src=\"http:\/\/www.pringueycessac-charlotte.com\/site\/wp-content\/gallery\/revok\/rev1384.jpg\"\n           data-thumbnail=\"http:\/\/www.pringueycessac-charlotte.com\/site\/wp-content\/gallery\/revok\/thumbs\/thumbs_rev1384.jpg\"\n           data-image-id=\"217\"\n           data-title=\"rev1384\"\n           data-description=\"\"\n           class=\"ngg-simplelightbox\" rel=\"95a71b3ff0408943779a9e811ebd2961\">\n\n            <img data-image-id='217'\n                 title=\"\"\n                 alt=\"rev1384\"\n                 src=\"http:\/\/www.pringueycessac-charlotte.com\/site\/wp-content\/gallery\/revok\/rev1384.jpg\"\n                 style=\"max-height: 480px;\"\/>\n        <\/a>\n\n        <\/div> \n<div id=\"ngg-image-1\" class=\"ngg-gallery-slideshow-image\" style=\"height:500px\">\n\n        <a href=\"http:\/\/www.pringueycessac-charlotte.com\/site\/wp-content\/gallery\/revok\/rev1391.jpg\"\n           title=\"\"\n           data-src=\"http:\/\/www.pringueycessac-charlotte.com\/site\/wp-content\/gallery\/revok\/rev1391.jpg\"\n           data-thumbnail=\"http:\/\/www.pringueycessac-charlotte.com\/site\/wp-content\/gallery\/revok\/thumbs\/thumbs_rev1391.jpg\"\n           data-image-id=\"218\"\n           data-title=\"rev1391\"\n           data-description=\"\"\n           class=\"ngg-simplelightbox\" rel=\"95a71b3ff0408943779a9e811ebd2961\">\n\n            <img data-image-id='218'\n                 title=\"\"\n                 alt=\"rev1391\"\n                 src=\"http:\/\/www.pringueycessac-charlotte.com\/site\/wp-content\/gallery\/revok\/rev1391.jpg\"\n                 style=\"max-height: 480px;\"\/>\n        <\/a>\n\n        <\/div> \n<div id=\"ngg-image-2\" class=\"ngg-gallery-slideshow-image\" style=\"height:500px\">\n\n        <a href=\"http:\/\/www.pringueycessac-charlotte.com\/site\/wp-content\/gallery\/revok\/rev1389.jpg\"\n           title=\"\"\n           data-src=\"http:\/\/www.pringueycessac-charlotte.com\/site\/wp-content\/gallery\/revok\/rev1389.jpg\"\n           data-thumbnail=\"http:\/\/www.pringueycessac-charlotte.com\/site\/wp-content\/gallery\/revok\/thumbs\/thumbs_rev1389.jpg\"\n           data-image-id=\"219\"\n           data-title=\"rev1389\"\n           data-description=\"\"\n           class=\"ngg-simplelightbox\" rel=\"95a71b3ff0408943779a9e811ebd2961\">\n\n            <img data-image-id='219'\n                 title=\"\"\n                 alt=\"rev1389\"\n                 src=\"http:\/\/www.pringueycessac-charlotte.com\/site\/wp-content\/gallery\/revok\/rev1389.jpg\"\n                 style=\"max-height: 480px;\"\/>\n        <\/a>\n\n        <\/div> \n<div id=\"ngg-image-3\" class=\"ngg-gallery-slideshow-image\" style=\"height:500px\">\n\n        <a href=\"http:\/\/www.pringueycessac-charlotte.com\/site\/wp-content\/gallery\/revok\/rev1392.jpg\"\n           title=\"\"\n           data-src=\"http:\/\/www.pringueycessac-charlotte.com\/site\/wp-content\/gallery\/revok\/rev1392.jpg\"\n           data-thumbnail=\"http:\/\/www.pringueycessac-charlotte.com\/site\/wp-content\/gallery\/revok\/thumbs\/thumbs_rev1392.jpg\"\n           data-image-id=\"220\"\n           data-title=\"rev1392\"\n           data-description=\"\"\n           class=\"ngg-simplelightbox\" rel=\"95a71b3ff0408943779a9e811ebd2961\">\n\n            <img data-image-id='220'\n                 title=\"\"\n                 alt=\"rev1392\"\n                 src=\"http:\/\/www.pringueycessac-charlotte.com\/site\/wp-content\/gallery\/revok\/rev1392.jpg\"\n                 style=\"max-height: 480px;\"\/>\n        <\/a>\n\n        <\/div> \n<div id=\"ngg-image-4\" class=\"ngg-gallery-slideshow-image\" style=\"height:500px\">\n\n        <a href=\"http:\/\/www.pringueycessac-charlotte.com\/site\/wp-content\/gallery\/revok\/rev1383.jpg\"\n           title=\"\"\n           data-src=\"http:\/\/www.pringueycessac-charlotte.com\/site\/wp-content\/gallery\/revok\/rev1383.jpg\"\n           data-thumbnail=\"http:\/\/www.pringueycessac-charlotte.com\/site\/wp-content\/gallery\/revok\/thumbs\/thumbs_rev1383.jpg\"\n           data-image-id=\"221\"\n           data-title=\"rev1383\"\n           data-description=\"\"\n           class=\"ngg-simplelightbox\" rel=\"95a71b3ff0408943779a9e811ebd2961\">\n\n            <img data-image-id='221'\n                 title=\"\"\n                 alt=\"rev1383\"\n                 src=\"http:\/\/www.pringueycessac-charlotte.com\/site\/wp-content\/gallery\/revok\/rev1383.jpg\"\n                 style=\"max-height: 480px;\"\/>\n        <\/a>\n\n        <\/div> \n<div id=\"ngg-image-5\" class=\"ngg-gallery-slideshow-image\" style=\"height:500px\">\n\n        <a href=\"http:\/\/www.pringueycessac-charlotte.com\/site\/wp-content\/gallery\/revok\/rev1385.jpg\"\n           title=\"\"\n           data-src=\"http:\/\/www.pringueycessac-charlotte.com\/site\/wp-content\/gallery\/revok\/rev1385.jpg\"\n           data-thumbnail=\"http:\/\/www.pringueycessac-charlotte.com\/site\/wp-content\/gallery\/revok\/thumbs\/thumbs_rev1385.jpg\"\n           data-image-id=\"222\"\n           data-title=\"rev1385\"\n           data-description=\"\"\n           class=\"ngg-simplelightbox\" rel=\"95a71b3ff0408943779a9e811ebd2961\">\n\n            <img data-image-id='222'\n                 title=\"\"\n                 alt=\"rev1385\"\n                 src=\"http:\/\/www.pringueycessac-charlotte.com\/site\/wp-content\/gallery\/revok\/rev1385.jpg\"\n                 style=\"max-height: 480px;\"\/>\n        <\/a>\n\n        <\/div> \n<div id=\"ngg-image-6\" class=\"ngg-gallery-slideshow-image\" style=\"height:500px\">\n\n        <a href=\"http:\/\/www.pringueycessac-charlotte.com\/site\/wp-content\/gallery\/revok\/rev1393.jpg\"\n           title=\"\"\n           data-src=\"http:\/\/www.pringueycessac-charlotte.com\/site\/wp-content\/gallery\/revok\/rev1393.jpg\"\n           data-thumbnail=\"http:\/\/www.pringueycessac-charlotte.com\/site\/wp-content\/gallery\/revok\/thumbs\/thumbs_rev1393.jpg\"\n           data-image-id=\"223\"\n           data-title=\"rev1393\"\n           data-description=\"\"\n           class=\"ngg-simplelightbox\" rel=\"95a71b3ff0408943779a9e811ebd2961\">\n\n            <img data-image-id='223'\n                 title=\"\"\n                 alt=\"rev1393\"\n                 src=\"http:\/\/www.pringueycessac-charlotte.com\/site\/wp-content\/gallery\/revok\/rev1393.jpg\"\n                 style=\"max-height: 480px;\"\/>\n        <\/a>\n\n        <\/div> \n<div id=\"ngg-image-7\" class=\"ngg-gallery-slideshow-image\" style=\"height:500px\">\n\n        <a href=\"http:\/\/www.pringueycessac-charlotte.com\/site\/wp-content\/gallery\/revok\/rev1397.jpg\"\n           title=\"\"\n           data-src=\"http:\/\/www.pringueycessac-charlotte.com\/site\/wp-content\/gallery\/revok\/rev1397.jpg\"\n           data-thumbnail=\"http:\/\/www.pringueycessac-charlotte.com\/site\/wp-content\/gallery\/revok\/thumbs\/thumbs_rev1397.jpg\"\n           data-image-id=\"224\"\n           data-title=\"rev1397\"\n           data-description=\"\"\n           class=\"ngg-simplelightbox\" rel=\"95a71b3ff0408943779a9e811ebd2961\">\n\n            <img data-image-id='224'\n                 title=\"\"\n                 alt=\"rev1397\"\n                 src=\"http:\/\/www.pringueycessac-charlotte.com\/site\/wp-content\/gallery\/revok\/rev1397.jpg\"\n                 style=\"max-height: 480px;\"\/>\n        <\/a>\n\n        <\/div> \n<div id=\"ngg-image-8\" class=\"ngg-gallery-slideshow-image\" style=\"height:500px\">\n\n        <a href=\"http:\/\/www.pringueycessac-charlotte.com\/site\/wp-content\/gallery\/revok\/rev1394.jpg\"\n           title=\"\"\n           data-src=\"http:\/\/www.pringueycessac-charlotte.com\/site\/wp-content\/gallery\/revok\/rev1394.jpg\"\n           data-thumbnail=\"http:\/\/www.pringueycessac-charlotte.com\/site\/wp-content\/gallery\/revok\/thumbs\/thumbs_rev1394.jpg\"\n           data-image-id=\"225\"\n           data-title=\"rev1394\"\n           data-description=\"\"\n           class=\"ngg-simplelightbox\" rel=\"95a71b3ff0408943779a9e811ebd2961\">\n\n            <img data-image-id='225'\n                 title=\"\"\n                 alt=\"rev1394\"\n                 src=\"http:\/\/www.pringueycessac-charlotte.com\/site\/wp-content\/gallery\/revok\/rev1394.jpg\"\n                 style=\"max-height: 480px;\"\/>\n        <\/a>\n\n        <\/div> \n<div id=\"ngg-image-9\" class=\"ngg-gallery-slideshow-image\" style=\"height:500px\">\n\n        <a href=\"http:\/\/www.pringueycessac-charlotte.com\/site\/wp-content\/gallery\/revok\/rev1396.jpg\"\n           title=\"\"\n           data-src=\"http:\/\/www.pringueycessac-charlotte.com\/site\/wp-content\/gallery\/revok\/rev1396.jpg\"\n           data-thumbnail=\"http:\/\/www.pringueycessac-charlotte.com\/site\/wp-content\/gallery\/revok\/thumbs\/thumbs_rev1396.jpg\"\n           data-image-id=\"226\"\n           data-title=\"rev1396\"\n           data-description=\"\"\n           class=\"ngg-simplelightbox\" rel=\"95a71b3ff0408943779a9e811ebd2961\">\n\n            <img data-image-id='226'\n                 title=\"\"\n                 alt=\"rev1396\"\n                 src=\"http:\/\/www.pringueycessac-charlotte.com\/site\/wp-content\/gallery\/revok\/rev1396.jpg\"\n                 style=\"max-height: 480px;\"\/>\n        <\/a>\n\n        <\/div> \n<div id=\"ngg-image-10\" class=\"ngg-gallery-slideshow-image\" style=\"height:500px\">\n\n        <a href=\"http:\/\/www.pringueycessac-charlotte.com\/site\/wp-content\/gallery\/revok\/rev1398.jpg\"\n           title=\"\"\n           data-src=\"http:\/\/www.pringueycessac-charlotte.com\/site\/wp-content\/gallery\/revok\/rev1398.jpg\"\n           data-thumbnail=\"http:\/\/www.pringueycessac-charlotte.com\/site\/wp-content\/gallery\/revok\/thumbs\/thumbs_rev1398.jpg\"\n           data-image-id=\"227\"\n           data-title=\"rev1398\"\n           data-description=\"\"\n           class=\"ngg-simplelightbox\" rel=\"95a71b3ff0408943779a9e811ebd2961\">\n\n            <img data-image-id='227'\n                 title=\"\"\n                 alt=\"rev1398\"\n                 src=\"http:\/\/www.pringueycessac-charlotte.com\/site\/wp-content\/gallery\/revok\/rev1398.jpg\"\n                 style=\"max-height: 480px;\"\/>\n        <\/a>\n\n        <\/div> \n<\/div>\n\n\n\n\n\n\n\n<p><em>Rev<\/em><br>2021<br>S\u00e9rie de douze \u0153uvres papier pigment\u00e9es dans la masse au charbon de bois<br>29 x 42 cm pour chaque pi\u00e8ce<br>Galerie Eva Vautier, Nice, 2020 \/ Collection FRAC SUD<\/p>\n\n\n\n<p>Le dessin est abord\u00e9 dans la mati\u00e8re m\u00eame du support d\u2019expression, dans la cr\u00e9ation du papier. Le fond repr\u00e9sente un paysage de trou\u00e9es, des nu\u00e9es plus ou moins denses. C\u2019est sur ces fonds de trou\u00e9es que la figure prend place. \u00ab La t\u00eate dans les nuages \u00bb invite \u00e0 la contemplation. Des \u00e9critures laissent entrevoir une r\u00e9flexion sous la forme d\u2019un po\u00e8me abstrait. La lettre devient motif sans pour autant perdre le sens initial. La lettre\/motif incarne la figure et forme un po\u00e8me, une expression subversive, un soul\u00e8vement, une urgence ou encore un rev &#8230;<\/p>\n\n\n\n<p>Cette s\u00e9rie de dessins, r\u00e9alis\u00e9e de mars \u00e0 mai 2020, est un t\u00e9moignage de cette p\u00e9riode v\u00e9cue et partag\u00e9e par la population mondiale. Triste \u00e9v\u00e8nement, exceptionnelle folie, qui a permis de se poser et de r\u00e9fl\u00e9chir \u00e0 propos de notre engagement pour une soci\u00e9t\u00e9 pertinente, autonome, responsable, horizontale et juste pour laquelle nos convictions sont encore \u00e0 concr\u00e9tiser.<\/p>\n","protected":false},"excerpt":{"rendered":"<p>Retour 2021 &#8211; Rev Rev2021S\u00e9rie de douze \u0153uvres papier pigment\u00e9es&#8230;<\/p>\n","protected":false},"author":1,"featured_media":0,"parent":2920,"menu_order":0,"comment_status":"closed","ping_status":"closed","template":"","meta":{"ngg_post_thumbnail":0},"yoast_head":"<!-- This site is optimized with the Yoast SEO plugin v18.8 - https:\/\/yoast.com\/wordpress\/plugins\/seo\/ -->\n<title>2021 Rev - Charlotte PRINGUEY CESSAC<\/title>\n<meta name=\"robots\" content=\"index, follow, max-snippet:-1, max-image-preview:large, max-video-preview:-1\" \/>\n<link rel=\"canonical\" href=\"http:\/\/www.pringueycessac-charlotte.com\/site\/dessin\/2021-rev\/\" \/>\n<meta property=\"og:locale\" content=\"fr_FR\" \/>\n<meta property=\"og:type\" content=\"article\" \/>\n<meta property=\"og:title\" content=\"2021 Rev - Charlotte PRINGUEY CESSAC\" \/>\n<meta property=\"og:description\" content=\"Retour 2021 &#8211; Rev Rev2021S\u00e9rie de douze \u0153uvres papier pigment\u00e9es...\" \/>\n<meta property=\"og:url\" content=\"http:\/\/www.pringueycessac-charlotte.com\/site\/dessin\/2021-rev\/\" \/>\n<meta property=\"og:site_name\" content=\"Charlotte PRINGUEY CESSAC\" \/>\n<meta property=\"article:modified_time\" content=\"2025-04-24T17:37:07+00:00\" \/>\n<meta name=\"twitter:card\" content=\"summary_large_image\" \/>\n<meta name=\"twitter:label1\" content=\"Dur\u00e9e de lecture estim\u00e9e\" \/>\n\t<meta name=\"twitter:data1\" content=\"1 minute\" \/>\n<script type=\"application\/ld+json\" class=\"yoast-schema-graph\">{\"@context\":\"https:\/\/schema.org\",\"@graph\":[{\"@type\":[\"Person\",\"Organization\"],\"@id\":\"http:\/\/www.pringueycessac-charlotte.com\/site\/#\/schema\/person\/80712bc6db2643df3376809312d54ef6\",\"name\":\"Charlotte Pringuey-Cessac\",\"image\":{\"@type\":\"ImageObject\",\"inLanguage\":\"fr-FR\",\"@id\":\"http:\/\/www.pringueycessac-charlotte.com\/site\/#\/schema\/person\/image\/\",\"url\":\"http:\/\/0.gravatar.com\/avatar\/f9425e6f5e44c33da515b06f92bf6ac3?s=96&d=mm&r=g\",\"contentUrl\":\"http:\/\/0.gravatar.com\/avatar\/f9425e6f5e44c33da515b06f92bf6ac3?s=96&d=mm&r=g\",\"caption\":\"Charlotte Pringuey-Cessac\"},\"logo\":{\"@id\":\"http:\/\/www.pringueycessac-charlotte.com\/site\/#\/schema\/person\/image\/\"}},{\"@type\":\"WebSite\",\"@id\":\"http:\/\/www.pringueycessac-charlotte.com\/site\/#website\",\"url\":\"http:\/\/www.pringueycessac-charlotte.com\/site\/\",\"name\":\"Charlotte PRINGUEY-CESSAC\",\"description\":\"\",\"publisher\":{\"@id\":\"http:\/\/www.pringueycessac-charlotte.com\/site\/#\/schema\/person\/80712bc6db2643df3376809312d54ef6\"},\"potentialAction\":[{\"@type\":\"SearchAction\",\"target\":{\"@type\":\"EntryPoint\",\"urlTemplate\":\"http:\/\/www.pringueycessac-charlotte.com\/site\/?s={search_term_string}\"},\"query-input\":\"required name=search_term_string\"}],\"inLanguage\":\"fr-FR\"},{\"@type\":\"WebPage\",\"@id\":\"http:\/\/www.pringueycessac-charlotte.com\/site\/dessin\/2021-rev\/#webpage\",\"url\":\"http:\/\/www.pringueycessac-charlotte.com\/site\/dessin\/2021-rev\/\",\"name\":\"2021 Rev - Charlotte PRINGUEY CESSAC\",\"isPartOf\":{\"@id\":\"http:\/\/www.pringueycessac-charlotte.com\/site\/#website\"},\"datePublished\":\"2025-02-21T21:06:19+00:00\",\"dateModified\":\"2025-04-24T17:37:07+00:00\",\"breadcrumb\":{\"@id\":\"http:\/\/www.pringueycessac-charlotte.com\/site\/dessin\/2021-rev\/#breadcrumb\"},\"inLanguage\":\"fr-FR\",\"potentialAction\":[{\"@type\":\"ReadAction\",\"target\":[\"http:\/\/www.pringueycessac-charlotte.com\/site\/dessin\/2021-rev\/\"]}]},{\"@type\":\"BreadcrumbList\",\"@id\":\"http:\/\/www.pringueycessac-charlotte.com\/site\/dessin\/2021-rev\/#breadcrumb\",\"itemListElement\":[{\"@type\":\"ListItem\",\"position\":1,\"name\":\"Accueil\",\"item\":\"http:\/\/www.pringueycessac-charlotte.com\/site\/\"},{\"@type\":\"ListItem\",\"position\":2,\"name\":\"Dessin\",\"item\":\"http:\/\/www.pringueycessac-charlotte.com\/site\/dessin\/\"},{\"@type\":\"ListItem\",\"position\":3,\"name\":\"2021 Rev\"}]}]}<\/script>\n<!-- \/ Yoast SEO plugin. -->","yoast_head_json":{"title":"2021 Rev - Charlotte PRINGUEY CESSAC","robots":{"index":"index","follow":"follow","max-snippet":"max-snippet:-1","max-image-preview":"max-image-preview:large","max-video-preview":"max-video-preview:-1"},"canonical":"http:\/\/www.pringueycessac-charlotte.com\/site\/dessin\/2021-rev\/","og_locale":"fr_FR","og_type":"article","og_title":"2021 Rev - Charlotte PRINGUEY CESSAC","og_description":"Retour 2021 &#8211; Rev Rev2021S\u00e9rie de douze \u0153uvres papier pigment\u00e9es...","og_url":"http:\/\/www.pringueycessac-charlotte.com\/site\/dessin\/2021-rev\/","og_site_name":"Charlotte PRINGUEY CESSAC","article_modified_time":"2025-04-24T17:37:07+00:00","twitter_card":"summary_large_image","twitter_misc":{"Dur\u00e9e de lecture estim\u00e9e":"1 minute"},"schema":{"@context":"https:\/\/schema.org","@graph":[{"@type":["Person","Organization"],"@id":"http:\/\/www.pringueycessac-charlotte.com\/site\/#\/schema\/person\/80712bc6db2643df3376809312d54ef6","name":"Charlotte Pringuey-Cessac","image":{"@type":"ImageObject","inLanguage":"fr-FR","@id":"http:\/\/www.pringueycessac-charlotte.com\/site\/#\/schema\/person\/image\/","url":"http:\/\/0.gravatar.com\/avatar\/f9425e6f5e44c33da515b06f92bf6ac3?s=96&d=mm&r=g","contentUrl":"http:\/\/0.gravatar.com\/avatar\/f9425e6f5e44c33da515b06f92bf6ac3?s=96&d=mm&r=g","caption":"Charlotte Pringuey-Cessac"},"logo":{"@id":"http:\/\/www.pringueycessac-charlotte.com\/site\/#\/schema\/person\/image\/"}},{"@type":"WebSite","@id":"http:\/\/www.pringueycessac-charlotte.com\/site\/#website","url":"http:\/\/www.pringueycessac-charlotte.com\/site\/","name":"Charlotte PRINGUEY-CESSAC","description":"","publisher":{"@id":"http:\/\/www.pringueycessac-charlotte.com\/site\/#\/schema\/person\/80712bc6db2643df3376809312d54ef6"},"potentialAction":[{"@type":"SearchAction","target":{"@type":"EntryPoint","urlTemplate":"http:\/\/www.pringueycessac-charlotte.com\/site\/?s={search_term_string}"},"query-input":"required name=search_term_string"}],"inLanguage":"fr-FR"},{"@type":"WebPage","@id":"http:\/\/www.pringueycessac-charlotte.com\/site\/dessin\/2021-rev\/#webpage","url":"http:\/\/www.pringueycessac-charlotte.com\/site\/dessin\/2021-rev\/","name":"2021 Rev - Charlotte PRINGUEY CESSAC","isPartOf":{"@id":"http:\/\/www.pringueycessac-charlotte.com\/site\/#website"},"datePublished":"2025-02-21T21:06:19+00:00","dateModified":"2025-04-24T17:37:07+00:00","breadcrumb":{"@id":"http:\/\/www.pringueycessac-charlotte.com\/site\/dessin\/2021-rev\/#breadcrumb"},"inLanguage":"fr-FR","potentialAction":[{"@type":"ReadAction","target":["http:\/\/www.pringueycessac-charlotte.com\/site\/dessin\/2021-rev\/"]}]},{"@type":"BreadcrumbList","@id":"http:\/\/www.pringueycessac-charlotte.com\/site\/dessin\/2021-rev\/#breadcrumb","itemListElement":[{"@type":"ListItem","position":1,"name":"Accueil","item":"http:\/\/www.pringueycessac-charlotte.com\/site\/"},{"@type":"ListItem","position":2,"name":"Dessin","item":"http:\/\/www.pringueycessac-charlotte.com\/site\/dessin\/"},{"@type":"ListItem","position":3,"name":"2021 Rev"}]}]}},"_links":{"self":[{"href":"http:\/\/www.pringueycessac-charlotte.com\/site\/wp-json\/wp\/v2\/pages\/2704"}],"collection":[{"href":"http:\/\/www.pringueycessac-charlotte.com\/site\/wp-json\/wp\/v2\/pages"}],"about":[{"href":"http:\/\/www.pringueycessac-charlotte.com\/site\/wp-json\/wp\/v2\/types\/page"}],"author":[{"embeddable":true,"href":"http:\/\/www.pringueycessac-charlotte.com\/site\/wp-json\/wp\/v2\/users\/1"}],"replies":[{"embeddable":true,"href":"http:\/\/www.pringueycessac-charlotte.com\/site\/wp-json\/wp\/v2\/comments?post=2704"}],"version-history":[{"count":7,"href":"http:\/\/www.pringueycessac-charlotte.com\/site\/wp-json\/wp\/v2\/pages\/2704\/revisions"}],"predecessor-version":[{"id":3046,"href":"http:\/\/www.pringueycessac-charlotte.com\/site\/wp-json\/wp\/v2\/pages\/2704\/revisions\/3046"}],"up":[{"embeddable":true,"href":"http:\/\/www.pringueycessac-charlotte.com\/site\/wp-json\/wp\/v2\/pages\/2920"}],"wp:attachment":[{"href":"http:\/\/www.pringueycessac-charlotte.com\/site\/wp-json\/wp\/v2\/media?parent=2704"}],"curies":[{"name":"wp","href":"https:\/\/api.w.org\/{rel}","templated":true}]}}