{"id":2916,"date":"2025-03-13T18:48:58","date_gmt":"2025-03-13T17:48:58","guid":{"rendered":"http:\/\/www.pringueycessac-charlotte.com\/site\/?page_id=2916"},"modified":"2025-04-23T19:55:46","modified_gmt":"2025-04-23T17:55:46","slug":"2024-ex-voto","status":"publish","type":"page","link":"http:\/\/www.pringueycessac-charlotte.com\/site\/dessin\/2024-ex-voto\/","title":{"rendered":"2024 Ex-voto"},"content":{"rendered":"\n<p class=\"has-text-align-right\"><a href=\"http:\/\/www.pringueycessac-charlotte.com\/site\/dessin\/\"><strong>Retour<\/strong><\/a><\/p>\n\n\n\n<h2>2024 Ex-voto<\/h2>\n\n\n\n\n\n<div class=\"ngg-galleryoverview ngg-slideshow\"\n\t id=\"ngg-slideshow-7bc8c900cf03f0f609c51cae96ed2a9b-13957929980\"\n     data-gallery-id=\"7bc8c900cf03f0f609c51cae96ed2a9b\"\n     style=\"max-width: 750px; max-height: 500px;\">\n\n \t<div id=\"ngg-image-0\" class=\"ngg-gallery-slideshow-image\" style=\"height:500px\">\n\n        <a href=\"http:\/\/www.pringueycessac-charlotte.com\/site\/wp-content\/gallery\/ex-voto\/Galerie-Eva-Vautier-0361-Charlotte-Pringuey-Cessac-2024-web.jpg\"\n           title=\"\"\n           data-src=\"http:\/\/www.pringueycessac-charlotte.com\/site\/wp-content\/gallery\/ex-voto\/Galerie-Eva-Vautier-0361-Charlotte-Pringuey-Cessac-2024-web.jpg\"\n           data-thumbnail=\"http:\/\/www.pringueycessac-charlotte.com\/site\/wp-content\/gallery\/ex-voto\/thumbs\/thumbs_Galerie-Eva-Vautier-0361-Charlotte-Pringuey-Cessac-2024-web.jpg\"\n           data-image-id=\"209\"\n           data-title=\"Galerie Eva Vautier, Charlotte Pringuey Cessac, 2024\"\n           data-description=\"\"\n           class=\"ngg-simplelightbox\" rel=\"7bc8c900cf03f0f609c51cae96ed2a9b\">\n\n            <img data-image-id='209'\n                 title=\"\"\n                 alt=\"Galerie Eva Vautier, Charlotte Pringuey Cessac, 2024\"\n                 src=\"http:\/\/www.pringueycessac-charlotte.com\/site\/wp-content\/gallery\/ex-voto\/Galerie-Eva-Vautier-0361-Charlotte-Pringuey-Cessac-2024-web.jpg\"\n                 style=\"max-height: 480px;\"\/>\n        <\/a>\n\n        <\/div> \n<div id=\"ngg-image-1\" class=\"ngg-gallery-slideshow-image\" style=\"height:500px\">\n\n        <a href=\"http:\/\/www.pringueycessac-charlotte.com\/site\/wp-content\/gallery\/ex-voto\/Galerie-Eva-Vautier-0358-Charlotte-Pringuey-Cessac-2024-web.jpg\"\n           title=\"\"\n           data-src=\"http:\/\/www.pringueycessac-charlotte.com\/site\/wp-content\/gallery\/ex-voto\/Galerie-Eva-Vautier-0358-Charlotte-Pringuey-Cessac-2024-web.jpg\"\n           data-thumbnail=\"http:\/\/www.pringueycessac-charlotte.com\/site\/wp-content\/gallery\/ex-voto\/thumbs\/thumbs_Galerie-Eva-Vautier-0358-Charlotte-Pringuey-Cessac-2024-web.jpg\"\n           data-image-id=\"210\"\n           data-title=\"Galerie Eva Vautier, Charlotte Pringuey Cessac, 2024\"\n           data-description=\"\"\n           class=\"ngg-simplelightbox\" rel=\"7bc8c900cf03f0f609c51cae96ed2a9b\">\n\n            <img data-image-id='210'\n                 title=\"\"\n                 alt=\"Galerie Eva Vautier, Charlotte Pringuey Cessac, 2024\"\n                 src=\"http:\/\/www.pringueycessac-charlotte.com\/site\/wp-content\/gallery\/ex-voto\/Galerie-Eva-Vautier-0358-Charlotte-Pringuey-Cessac-2024-web.jpg\"\n                 style=\"max-height: 480px;\"\/>\n        <\/a>\n\n        <\/div> \n<\/div>\n\n\n\n\n\n\n\n<p><em>Ex-voto<\/em><br>2024<br>Papier Arches, pigments et mica, empreinte de mouchoirs<br>Dimensions variable +\/- 30 x 30 cm<\/p>\n\n\n\n<p>\u00ab\u00a0(\u2026) Le support est une peau que je caresse, que j\u2019empreinte, que je mod\u00e8le, que j\u2019inscris pour mieux me souvenir de mes Combats en marge, d\u00e9sesp\u00e9r\u00e9s mais salvateurs, donc vivants.<br>Cette peau-paroi, peau-papier, peau-tissu est un espace concret dans lequel je projette mes souvenirs, mes d\u00e9sirs, jamais mes espoirs. Et comme une rengaine, un refrain, je projette encore et encore, j\u2019use de motifs pour donner une forme \u00e0 regarder, \u00e0 \u00e9prouver. (\u2026)\u00a0\u00bb<\/p>\n","protected":false},"excerpt":{"rendered":"<p>Retour 2024 Ex-voto Ex-voto2024Papier Arches, pigments et mica, empreinte de&#8230;<\/p>\n","protected":false},"author":1,"featured_media":0,"parent":2920,"menu_order":0,"comment_status":"closed","ping_status":"closed","template":"","meta":{"ngg_post_thumbnail":0},"yoast_head":"<!-- This site is optimized with the Yoast SEO plugin v18.8 - https:\/\/yoast.com\/wordpress\/plugins\/seo\/ -->\n<title>2024 Ex-voto - Charlotte PRINGUEY CESSAC<\/title>\n<meta name=\"robots\" content=\"index, follow, max-snippet:-1, max-image-preview:large, max-video-preview:-1\" \/>\n<link rel=\"canonical\" href=\"http:\/\/www.pringueycessac-charlotte.com\/site\/dessin\/2024-ex-voto\/\" \/>\n<meta property=\"og:locale\" content=\"fr_FR\" \/>\n<meta property=\"og:type\" content=\"article\" \/>\n<meta property=\"og:title\" content=\"2024 Ex-voto - Charlotte PRINGUEY CESSAC\" \/>\n<meta property=\"og:description\" content=\"Retour 2024 Ex-voto Ex-voto2024Papier Arches, pigments et mica, empreinte de...\" \/>\n<meta property=\"og:url\" content=\"http:\/\/www.pringueycessac-charlotte.com\/site\/dessin\/2024-ex-voto\/\" \/>\n<meta property=\"og:site_name\" content=\"Charlotte PRINGUEY CESSAC\" \/>\n<meta property=\"article:modified_time\" content=\"2025-04-23T17:55:46+00:00\" \/>\n<meta name=\"twitter:card\" content=\"summary_large_image\" \/>\n<meta name=\"twitter:label1\" content=\"Dur\u00e9e de lecture estim\u00e9e\" \/>\n\t<meta name=\"twitter:data1\" content=\"1 minute\" \/>\n<script type=\"application\/ld+json\" class=\"yoast-schema-graph\">{\"@context\":\"https:\/\/schema.org\",\"@graph\":[{\"@type\":[\"Person\",\"Organization\"],\"@id\":\"http:\/\/www.pringueycessac-charlotte.com\/site\/#\/schema\/person\/80712bc6db2643df3376809312d54ef6\",\"name\":\"Charlotte Pringuey-Cessac\",\"image\":{\"@type\":\"ImageObject\",\"inLanguage\":\"fr-FR\",\"@id\":\"http:\/\/www.pringueycessac-charlotte.com\/site\/#\/schema\/person\/image\/\",\"url\":\"http:\/\/0.gravatar.com\/avatar\/f9425e6f5e44c33da515b06f92bf6ac3?s=96&d=mm&r=g\",\"contentUrl\":\"http:\/\/0.gravatar.com\/avatar\/f9425e6f5e44c33da515b06f92bf6ac3?s=96&d=mm&r=g\",\"caption\":\"Charlotte Pringuey-Cessac\"},\"logo\":{\"@id\":\"http:\/\/www.pringueycessac-charlotte.com\/site\/#\/schema\/person\/image\/\"}},{\"@type\":\"WebSite\",\"@id\":\"http:\/\/www.pringueycessac-charlotte.com\/site\/#website\",\"url\":\"http:\/\/www.pringueycessac-charlotte.com\/site\/\",\"name\":\"Charlotte PRINGUEY-CESSAC\",\"description\":\"\",\"publisher\":{\"@id\":\"http:\/\/www.pringueycessac-charlotte.com\/site\/#\/schema\/person\/80712bc6db2643df3376809312d54ef6\"},\"potentialAction\":[{\"@type\":\"SearchAction\",\"target\":{\"@type\":\"EntryPoint\",\"urlTemplate\":\"http:\/\/www.pringueycessac-charlotte.com\/site\/?s={search_term_string}\"},\"query-input\":\"required name=search_term_string\"}],\"inLanguage\":\"fr-FR\"},{\"@type\":\"WebPage\",\"@id\":\"http:\/\/www.pringueycessac-charlotte.com\/site\/dessin\/2024-ex-voto\/#webpage\",\"url\":\"http:\/\/www.pringueycessac-charlotte.com\/site\/dessin\/2024-ex-voto\/\",\"name\":\"2024 Ex-voto - Charlotte PRINGUEY CESSAC\",\"isPartOf\":{\"@id\":\"http:\/\/www.pringueycessac-charlotte.com\/site\/#website\"},\"datePublished\":\"2025-03-13T17:48:58+00:00\",\"dateModified\":\"2025-04-23T17:55:46+00:00\",\"breadcrumb\":{\"@id\":\"http:\/\/www.pringueycessac-charlotte.com\/site\/dessin\/2024-ex-voto\/#breadcrumb\"},\"inLanguage\":\"fr-FR\",\"potentialAction\":[{\"@type\":\"ReadAction\",\"target\":[\"http:\/\/www.pringueycessac-charlotte.com\/site\/dessin\/2024-ex-voto\/\"]}]},{\"@type\":\"BreadcrumbList\",\"@id\":\"http:\/\/www.pringueycessac-charlotte.com\/site\/dessin\/2024-ex-voto\/#breadcrumb\",\"itemListElement\":[{\"@type\":\"ListItem\",\"position\":1,\"name\":\"Accueil\",\"item\":\"http:\/\/www.pringueycessac-charlotte.com\/site\/\"},{\"@type\":\"ListItem\",\"position\":2,\"name\":\"Dessin\",\"item\":\"http:\/\/www.pringueycessac-charlotte.com\/site\/dessin\/\"},{\"@type\":\"ListItem\",\"position\":3,\"name\":\"2024 Ex-voto\"}]}]}<\/script>\n<!-- \/ Yoast SEO plugin. -->","yoast_head_json":{"title":"2024 Ex-voto - Charlotte PRINGUEY CESSAC","robots":{"index":"index","follow":"follow","max-snippet":"max-snippet:-1","max-image-preview":"max-image-preview:large","max-video-preview":"max-video-preview:-1"},"canonical":"http:\/\/www.pringueycessac-charlotte.com\/site\/dessin\/2024-ex-voto\/","og_locale":"fr_FR","og_type":"article","og_title":"2024 Ex-voto - Charlotte PRINGUEY CESSAC","og_description":"Retour 2024 Ex-voto Ex-voto2024Papier Arches, pigments et mica, empreinte de...","og_url":"http:\/\/www.pringueycessac-charlotte.com\/site\/dessin\/2024-ex-voto\/","og_site_name":"Charlotte PRINGUEY CESSAC","article_modified_time":"2025-04-23T17:55:46+00:00","twitter_card":"summary_large_image","twitter_misc":{"Dur\u00e9e de lecture estim\u00e9e":"1 minute"},"schema":{"@context":"https:\/\/schema.org","@graph":[{"@type":["Person","Organization"],"@id":"http:\/\/www.pringueycessac-charlotte.com\/site\/#\/schema\/person\/80712bc6db2643df3376809312d54ef6","name":"Charlotte Pringuey-Cessac","image":{"@type":"ImageObject","inLanguage":"fr-FR","@id":"http:\/\/www.pringueycessac-charlotte.com\/site\/#\/schema\/person\/image\/","url":"http:\/\/0.gravatar.com\/avatar\/f9425e6f5e44c33da515b06f92bf6ac3?s=96&d=mm&r=g","contentUrl":"http:\/\/0.gravatar.com\/avatar\/f9425e6f5e44c33da515b06f92bf6ac3?s=96&d=mm&r=g","caption":"Charlotte Pringuey-Cessac"},"logo":{"@id":"http:\/\/www.pringueycessac-charlotte.com\/site\/#\/schema\/person\/image\/"}},{"@type":"WebSite","@id":"http:\/\/www.pringueycessac-charlotte.com\/site\/#website","url":"http:\/\/www.pringueycessac-charlotte.com\/site\/","name":"Charlotte PRINGUEY-CESSAC","description":"","publisher":{"@id":"http:\/\/www.pringueycessac-charlotte.com\/site\/#\/schema\/person\/80712bc6db2643df3376809312d54ef6"},"potentialAction":[{"@type":"SearchAction","target":{"@type":"EntryPoint","urlTemplate":"http:\/\/www.pringueycessac-charlotte.com\/site\/?s={search_term_string}"},"query-input":"required name=search_term_string"}],"inLanguage":"fr-FR"},{"@type":"WebPage","@id":"http:\/\/www.pringueycessac-charlotte.com\/site\/dessin\/2024-ex-voto\/#webpage","url":"http:\/\/www.pringueycessac-charlotte.com\/site\/dessin\/2024-ex-voto\/","name":"2024 Ex-voto - Charlotte PRINGUEY CESSAC","isPartOf":{"@id":"http:\/\/www.pringueycessac-charlotte.com\/site\/#website"},"datePublished":"2025-03-13T17:48:58+00:00","dateModified":"2025-04-23T17:55:46+00:00","breadcrumb":{"@id":"http:\/\/www.pringueycessac-charlotte.com\/site\/dessin\/2024-ex-voto\/#breadcrumb"},"inLanguage":"fr-FR","potentialAction":[{"@type":"ReadAction","target":["http:\/\/www.pringueycessac-charlotte.com\/site\/dessin\/2024-ex-voto\/"]}]},{"@type":"BreadcrumbList","@id":"http:\/\/www.pringueycessac-charlotte.com\/site\/dessin\/2024-ex-voto\/#breadcrumb","itemListElement":[{"@type":"ListItem","position":1,"name":"Accueil","item":"http:\/\/www.pringueycessac-charlotte.com\/site\/"},{"@type":"ListItem","position":2,"name":"Dessin","item":"http:\/\/www.pringueycessac-charlotte.com\/site\/dessin\/"},{"@type":"ListItem","position":3,"name":"2024 Ex-voto"}]}]}},"_links":{"self":[{"href":"http:\/\/www.pringueycessac-charlotte.com\/site\/wp-json\/wp\/v2\/pages\/2916"}],"collection":[{"href":"http:\/\/www.pringueycessac-charlotte.com\/site\/wp-json\/wp\/v2\/pages"}],"about":[{"href":"http:\/\/www.pringueycessac-charlotte.com\/site\/wp-json\/wp\/v2\/types\/page"}],"author":[{"embeddable":true,"href":"http:\/\/www.pringueycessac-charlotte.com\/site\/wp-json\/wp\/v2\/users\/1"}],"replies":[{"embeddable":true,"href":"http:\/\/www.pringueycessac-charlotte.com\/site\/wp-json\/wp\/v2\/comments?post=2916"}],"version-history":[{"count":6,"href":"http:\/\/www.pringueycessac-charlotte.com\/site\/wp-json\/wp\/v2\/pages\/2916\/revisions"}],"predecessor-version":[{"id":3017,"href":"http:\/\/www.pringueycessac-charlotte.com\/site\/wp-json\/wp\/v2\/pages\/2916\/revisions\/3017"}],"up":[{"embeddable":true,"href":"http:\/\/www.pringueycessac-charlotte.com\/site\/wp-json\/wp\/v2\/pages\/2920"}],"wp:attachment":[{"href":"http:\/\/www.pringueycessac-charlotte.com\/site\/wp-json\/wp\/v2\/media?parent=2916"}],"curies":[{"name":"wp","href":"https:\/\/api.w.org\/{rel}","templated":true}]}}