{"id":2927,"date":"2025-03-13T19:09:09","date_gmt":"2025-03-13T18:09:09","guid":{"rendered":"http:\/\/www.pringueycessac-charlotte.com\/site\/?page_id=2927"},"modified":"2025-04-23T19:46:55","modified_gmt":"2025-04-23T17:46:55","slug":"2024-essuies-etendards","status":"publish","type":"page","link":"http:\/\/www.pringueycessac-charlotte.com\/site\/dessin\/2024-essuies-etendards\/","title":{"rendered":"2024  Essuies-\u00e9tendards"},"content":{"rendered":"\n<p class=\"has-text-align-right\"><a href=\"http:\/\/www.pringueycessac-charlotte.com\/site\/dessin\/\"><strong>Retour<\/strong><\/a><\/p>\n\n\n\n<h2>2024  Essuies-\u00e9tendards<\/h2>\n\n\n\n\n\n<div class=\"ngg-galleryoverview ngg-slideshow\"\n\t id=\"ngg-slideshow-11b24bc946c68dbc2d1b92fb0239c0a7-11784646210\"\n     data-gallery-id=\"11b24bc946c68dbc2d1b92fb0239c0a7\"\n     style=\"max-width: 750px; max-height: 500px;\">\n\n \t<div id=\"ngg-image-0\" class=\"ngg-gallery-slideshow-image\" style=\"height:500px\">\n\n        <a href=\"http:\/\/www.pringueycessac-charlotte.com\/site\/wp-content\/gallery\/essuies-etendards\/Galerie-Eva-Vautier-0357-Charlotte-Pringuey-Cessac-2024-web2.jpg\"\n           title=\"\"\n           data-src=\"http:\/\/www.pringueycessac-charlotte.com\/site\/wp-content\/gallery\/essuies-etendards\/Galerie-Eva-Vautier-0357-Charlotte-Pringuey-Cessac-2024-web2.jpg\"\n           data-thumbnail=\"http:\/\/www.pringueycessac-charlotte.com\/site\/wp-content\/gallery\/essuies-etendards\/thumbs\/thumbs_Galerie-Eva-Vautier-0357-Charlotte-Pringuey-Cessac-2024-web2.jpg\"\n           data-image-id=\"207\"\n           data-title=\"Galerie Eva Vautier, Charlotte Pringuey Cessac, 2024\"\n           data-description=\"\"\n           class=\"ngg-simplelightbox\" rel=\"11b24bc946c68dbc2d1b92fb0239c0a7\">\n\n            <img data-image-id='207'\n                 title=\"\"\n                 alt=\"Galerie Eva Vautier, Charlotte Pringuey Cessac, 2024\"\n                 src=\"http:\/\/www.pringueycessac-charlotte.com\/site\/wp-content\/gallery\/essuies-etendards\/Galerie-Eva-Vautier-0357-Charlotte-Pringuey-Cessac-2024-web2.jpg\"\n                 style=\"max-height: 480px;\"\/>\n        <\/a>\n\n        <\/div> \n<div id=\"ngg-image-1\" class=\"ngg-gallery-slideshow-image\" style=\"height:500px\">\n\n        <a href=\"http:\/\/www.pringueycessac-charlotte.com\/site\/wp-content\/gallery\/essuies-etendards\/Galerie-Eva-Vautier-0357-Charlotte-Pringuey-Cessac-2024-web1.jpg\"\n           title=\"\"\n           data-src=\"http:\/\/www.pringueycessac-charlotte.com\/site\/wp-content\/gallery\/essuies-etendards\/Galerie-Eva-Vautier-0357-Charlotte-Pringuey-Cessac-2024-web1.jpg\"\n           data-thumbnail=\"http:\/\/www.pringueycessac-charlotte.com\/site\/wp-content\/gallery\/essuies-etendards\/thumbs\/thumbs_Galerie-Eva-Vautier-0357-Charlotte-Pringuey-Cessac-2024-web1.jpg\"\n           data-image-id=\"208\"\n           data-title=\"Galerie Eva Vautier, Charlotte Pringuey Cessac, 2024\"\n           data-description=\"\"\n           class=\"ngg-simplelightbox\" rel=\"11b24bc946c68dbc2d1b92fb0239c0a7\">\n\n            <img data-image-id='208'\n                 title=\"\"\n                 alt=\"Galerie Eva Vautier, Charlotte Pringuey Cessac, 2024\"\n                 src=\"http:\/\/www.pringueycessac-charlotte.com\/site\/wp-content\/gallery\/essuies-etendards\/Galerie-Eva-Vautier-0357-Charlotte-Pringuey-Cessac-2024-web1.jpg\"\n                 style=\"max-height: 480px;\"\/>\n        <\/a>\n\n        <\/div> \n<\/div>\n\n\n\n\n\n\n\n<p><em>Essuies-\u00e9tendards<\/em><br>2024<br>Papier Arches, pigments et mica, empreinte de torchons<br>Grand format 76 x 104 cm<br>Moyen format 59 x 82 cm <\/p>\n\n\n\n<p>Solo show galerie Eva Vautier <\/p>\n\n\n\n<p>\u00ab\u00a0(\u2026) Jouissance de la mati\u00e8re et de l\u2019esprit, les histoires d\u2019amour finissent souvent au fond d\u2019un mouchoir. Carr\u00e9 de tissu puis de papier, cet objet hygi\u00e9nique devient le support absorbant de nos tiraillements (\u2026). Les inscriptions se suivent, elles se d\u00e9clinent d\u2019un mouchoir \u00e0 un essuie et ne se ressemblent gu\u00e8re. De la culpabilit\u00e9 \u00e0 la r\u00e9sistance, il n\u2019y a qu\u2019un pas. Ce pas est proclam\u00e9 par la forme des Essuies-\u00e9tendards, banni\u00e8res de papier qui scandent mes devises salvatrices. (\u2026)\u00a0\u00bb<\/p>\n","protected":false},"excerpt":{"rendered":"<p>Retour 2024 Essuies-\u00e9tendards Essuies-\u00e9tendards2024Papier Arches, pigments et mica, empreinte de&#8230;<\/p>\n","protected":false},"author":1,"featured_media":0,"parent":2920,"menu_order":0,"comment_status":"closed","ping_status":"closed","template":"","meta":{"ngg_post_thumbnail":0},"yoast_head":"<!-- This site is optimized with the Yoast SEO plugin v18.8 - https:\/\/yoast.com\/wordpress\/plugins\/seo\/ -->\n<title>2024 Essuies-\u00e9tendards - Charlotte PRINGUEY CESSAC<\/title>\n<meta name=\"robots\" content=\"index, follow, max-snippet:-1, max-image-preview:large, max-video-preview:-1\" \/>\n<link rel=\"canonical\" href=\"http:\/\/www.pringueycessac-charlotte.com\/site\/dessin\/2024-essuies-etendards\/\" \/>\n<meta property=\"og:locale\" content=\"fr_FR\" \/>\n<meta property=\"og:type\" content=\"article\" \/>\n<meta property=\"og:title\" content=\"2024 Essuies-\u00e9tendards - Charlotte PRINGUEY CESSAC\" \/>\n<meta property=\"og:description\" content=\"Retour 2024 Essuies-\u00e9tendards Essuies-\u00e9tendards2024Papier Arches, pigments et mica, empreinte de...\" \/>\n<meta property=\"og:url\" content=\"http:\/\/www.pringueycessac-charlotte.com\/site\/dessin\/2024-essuies-etendards\/\" \/>\n<meta property=\"og:site_name\" content=\"Charlotte PRINGUEY CESSAC\" \/>\n<meta property=\"article:modified_time\" content=\"2025-04-23T17:46:55+00:00\" \/>\n<meta name=\"twitter:card\" content=\"summary_large_image\" \/>\n<meta name=\"twitter:label1\" content=\"Dur\u00e9e de lecture estim\u00e9e\" \/>\n\t<meta name=\"twitter:data1\" content=\"1 minute\" \/>\n<script type=\"application\/ld+json\" class=\"yoast-schema-graph\">{\"@context\":\"https:\/\/schema.org\",\"@graph\":[{\"@type\":[\"Person\",\"Organization\"],\"@id\":\"http:\/\/www.pringueycessac-charlotte.com\/site\/#\/schema\/person\/80712bc6db2643df3376809312d54ef6\",\"name\":\"Charlotte Pringuey-Cessac\",\"image\":{\"@type\":\"ImageObject\",\"inLanguage\":\"fr-FR\",\"@id\":\"http:\/\/www.pringueycessac-charlotte.com\/site\/#\/schema\/person\/image\/\",\"url\":\"http:\/\/0.gravatar.com\/avatar\/f9425e6f5e44c33da515b06f92bf6ac3?s=96&d=mm&r=g\",\"contentUrl\":\"http:\/\/0.gravatar.com\/avatar\/f9425e6f5e44c33da515b06f92bf6ac3?s=96&d=mm&r=g\",\"caption\":\"Charlotte Pringuey-Cessac\"},\"logo\":{\"@id\":\"http:\/\/www.pringueycessac-charlotte.com\/site\/#\/schema\/person\/image\/\"}},{\"@type\":\"WebSite\",\"@id\":\"http:\/\/www.pringueycessac-charlotte.com\/site\/#website\",\"url\":\"http:\/\/www.pringueycessac-charlotte.com\/site\/\",\"name\":\"Charlotte PRINGUEY-CESSAC\",\"description\":\"\",\"publisher\":{\"@id\":\"http:\/\/www.pringueycessac-charlotte.com\/site\/#\/schema\/person\/80712bc6db2643df3376809312d54ef6\"},\"potentialAction\":[{\"@type\":\"SearchAction\",\"target\":{\"@type\":\"EntryPoint\",\"urlTemplate\":\"http:\/\/www.pringueycessac-charlotte.com\/site\/?s={search_term_string}\"},\"query-input\":\"required name=search_term_string\"}],\"inLanguage\":\"fr-FR\"},{\"@type\":\"WebPage\",\"@id\":\"http:\/\/www.pringueycessac-charlotte.com\/site\/dessin\/2024-essuies-etendards\/#webpage\",\"url\":\"http:\/\/www.pringueycessac-charlotte.com\/site\/dessin\/2024-essuies-etendards\/\",\"name\":\"2024 Essuies-\u00e9tendards - Charlotte PRINGUEY CESSAC\",\"isPartOf\":{\"@id\":\"http:\/\/www.pringueycessac-charlotte.com\/site\/#website\"},\"datePublished\":\"2025-03-13T18:09:09+00:00\",\"dateModified\":\"2025-04-23T17:46:55+00:00\",\"breadcrumb\":{\"@id\":\"http:\/\/www.pringueycessac-charlotte.com\/site\/dessin\/2024-essuies-etendards\/#breadcrumb\"},\"inLanguage\":\"fr-FR\",\"potentialAction\":[{\"@type\":\"ReadAction\",\"target\":[\"http:\/\/www.pringueycessac-charlotte.com\/site\/dessin\/2024-essuies-etendards\/\"]}]},{\"@type\":\"BreadcrumbList\",\"@id\":\"http:\/\/www.pringueycessac-charlotte.com\/site\/dessin\/2024-essuies-etendards\/#breadcrumb\",\"itemListElement\":[{\"@type\":\"ListItem\",\"position\":1,\"name\":\"Accueil\",\"item\":\"http:\/\/www.pringueycessac-charlotte.com\/site\/\"},{\"@type\":\"ListItem\",\"position\":2,\"name\":\"Dessin\",\"item\":\"http:\/\/www.pringueycessac-charlotte.com\/site\/dessin\/\"},{\"@type\":\"ListItem\",\"position\":3,\"name\":\"2024 Essuies-\u00e9tendards\"}]}]}<\/script>\n<!-- \/ Yoast SEO plugin. -->","yoast_head_json":{"title":"2024 Essuies-\u00e9tendards - Charlotte PRINGUEY CESSAC","robots":{"index":"index","follow":"follow","max-snippet":"max-snippet:-1","max-image-preview":"max-image-preview:large","max-video-preview":"max-video-preview:-1"},"canonical":"http:\/\/www.pringueycessac-charlotte.com\/site\/dessin\/2024-essuies-etendards\/","og_locale":"fr_FR","og_type":"article","og_title":"2024 Essuies-\u00e9tendards - Charlotte PRINGUEY CESSAC","og_description":"Retour 2024 Essuies-\u00e9tendards Essuies-\u00e9tendards2024Papier Arches, pigments et mica, empreinte de...","og_url":"http:\/\/www.pringueycessac-charlotte.com\/site\/dessin\/2024-essuies-etendards\/","og_site_name":"Charlotte PRINGUEY CESSAC","article_modified_time":"2025-04-23T17:46:55+00:00","twitter_card":"summary_large_image","twitter_misc":{"Dur\u00e9e de lecture estim\u00e9e":"1 minute"},"schema":{"@context":"https:\/\/schema.org","@graph":[{"@type":["Person","Organization"],"@id":"http:\/\/www.pringueycessac-charlotte.com\/site\/#\/schema\/person\/80712bc6db2643df3376809312d54ef6","name":"Charlotte Pringuey-Cessac","image":{"@type":"ImageObject","inLanguage":"fr-FR","@id":"http:\/\/www.pringueycessac-charlotte.com\/site\/#\/schema\/person\/image\/","url":"http:\/\/0.gravatar.com\/avatar\/f9425e6f5e44c33da515b06f92bf6ac3?s=96&d=mm&r=g","contentUrl":"http:\/\/0.gravatar.com\/avatar\/f9425e6f5e44c33da515b06f92bf6ac3?s=96&d=mm&r=g","caption":"Charlotte Pringuey-Cessac"},"logo":{"@id":"http:\/\/www.pringueycessac-charlotte.com\/site\/#\/schema\/person\/image\/"}},{"@type":"WebSite","@id":"http:\/\/www.pringueycessac-charlotte.com\/site\/#website","url":"http:\/\/www.pringueycessac-charlotte.com\/site\/","name":"Charlotte PRINGUEY-CESSAC","description":"","publisher":{"@id":"http:\/\/www.pringueycessac-charlotte.com\/site\/#\/schema\/person\/80712bc6db2643df3376809312d54ef6"},"potentialAction":[{"@type":"SearchAction","target":{"@type":"EntryPoint","urlTemplate":"http:\/\/www.pringueycessac-charlotte.com\/site\/?s={search_term_string}"},"query-input":"required name=search_term_string"}],"inLanguage":"fr-FR"},{"@type":"WebPage","@id":"http:\/\/www.pringueycessac-charlotte.com\/site\/dessin\/2024-essuies-etendards\/#webpage","url":"http:\/\/www.pringueycessac-charlotte.com\/site\/dessin\/2024-essuies-etendards\/","name":"2024 Essuies-\u00e9tendards - Charlotte PRINGUEY CESSAC","isPartOf":{"@id":"http:\/\/www.pringueycessac-charlotte.com\/site\/#website"},"datePublished":"2025-03-13T18:09:09+00:00","dateModified":"2025-04-23T17:46:55+00:00","breadcrumb":{"@id":"http:\/\/www.pringueycessac-charlotte.com\/site\/dessin\/2024-essuies-etendards\/#breadcrumb"},"inLanguage":"fr-FR","potentialAction":[{"@type":"ReadAction","target":["http:\/\/www.pringueycessac-charlotte.com\/site\/dessin\/2024-essuies-etendards\/"]}]},{"@type":"BreadcrumbList","@id":"http:\/\/www.pringueycessac-charlotte.com\/site\/dessin\/2024-essuies-etendards\/#breadcrumb","itemListElement":[{"@type":"ListItem","position":1,"name":"Accueil","item":"http:\/\/www.pringueycessac-charlotte.com\/site\/"},{"@type":"ListItem","position":2,"name":"Dessin","item":"http:\/\/www.pringueycessac-charlotte.com\/site\/dessin\/"},{"@type":"ListItem","position":3,"name":"2024 Essuies-\u00e9tendards"}]}]}},"_links":{"self":[{"href":"http:\/\/www.pringueycessac-charlotte.com\/site\/wp-json\/wp\/v2\/pages\/2927"}],"collection":[{"href":"http:\/\/www.pringueycessac-charlotte.com\/site\/wp-json\/wp\/v2\/pages"}],"about":[{"href":"http:\/\/www.pringueycessac-charlotte.com\/site\/wp-json\/wp\/v2\/types\/page"}],"author":[{"embeddable":true,"href":"http:\/\/www.pringueycessac-charlotte.com\/site\/wp-json\/wp\/v2\/users\/1"}],"replies":[{"embeddable":true,"href":"http:\/\/www.pringueycessac-charlotte.com\/site\/wp-json\/wp\/v2\/comments?post=2927"}],"version-history":[{"count":6,"href":"http:\/\/www.pringueycessac-charlotte.com\/site\/wp-json\/wp\/v2\/pages\/2927\/revisions"}],"predecessor-version":[{"id":3012,"href":"http:\/\/www.pringueycessac-charlotte.com\/site\/wp-json\/wp\/v2\/pages\/2927\/revisions\/3012"}],"up":[{"embeddable":true,"href":"http:\/\/www.pringueycessac-charlotte.com\/site\/wp-json\/wp\/v2\/pages\/2920"}],"wp:attachment":[{"href":"http:\/\/www.pringueycessac-charlotte.com\/site\/wp-json\/wp\/v2\/media?parent=2927"}],"curies":[{"name":"wp","href":"https:\/\/api.w.org\/{rel}","templated":true}]}}