{"id":2982,"date":"2025-03-14T21:43:09","date_gmt":"2025-03-14T20:43:09","guid":{"rendered":"http:\/\/www.pringueycessac-charlotte.com\/site\/?page_id=2982"},"modified":"2025-03-14T22:00:42","modified_gmt":"2025-03-14T21:00:42","slug":"2025-cascadeta","status":"publish","type":"page","link":"http:\/\/www.pringueycessac-charlotte.com\/site\/dessin-mural\/2025-cascadeta\/","title":{"rendered":"2025 CASCADETA"},"content":{"rendered":"\n<p class=\"has-text-align-right\"><strong><strong><a href=\"http:\/\/www.pringueycessac-charlotte.com\/site\/dessin-mural\/\">Retour<\/a><\/strong><\/strong><\/p>\n\n\n\n<h2>2025 CASCADETA<\/h2>\n\n\n\n\n\n<div class=\"ngg-galleryoverview ngg-slideshow\"\n\t id=\"ngg-slideshow-4e88c957192bed2f2afb3e4ea562478f-17376243920\"\n     data-gallery-id=\"4e88c957192bed2f2afb3e4ea562478f\"\n     style=\"max-width: 750px; max-height: 500px;\">\n\n \t<div id=\"ngg-image-0\" class=\"ngg-gallery-slideshow-image\" style=\"height:500px\">\n\n        <a href=\"http:\/\/www.pringueycessac-charlotte.com\/site\/wp-content\/gallery\/cascadeta\/CASCADETA-2025-CIAC-CARROS-SOUS-NOS-PAS-LES-RIVIERES-0.jpg\"\n           title=\"\"\n           data-src=\"http:\/\/www.pringueycessac-charlotte.com\/site\/wp-content\/gallery\/cascadeta\/CASCADETA-2025-CIAC-CARROS-SOUS-NOS-PAS-LES-RIVIERES-0.jpg\"\n           data-thumbnail=\"http:\/\/www.pringueycessac-charlotte.com\/site\/wp-content\/gallery\/cascadeta\/thumbs\/thumbs_CASCADETA-2025-CIAC-CARROS-SOUS-NOS-PAS-LES-RIVIERES-0.jpg\"\n           data-image-id=\"202\"\n           data-title=\"CASCADETA-2025-CIAC-CARROS-SOUS-NOS-PAS-LES-RIVIERES-0\"\n           data-description=\"\"\n           class=\"ngg-simplelightbox\" rel=\"4e88c957192bed2f2afb3e4ea562478f\">\n\n            <img data-image-id='202'\n                 title=\"\"\n                 alt=\"CASCADETA-2025-CIAC-CARROS-SOUS-NOS-PAS-LES-RIVIERES-0\"\n                 src=\"http:\/\/www.pringueycessac-charlotte.com\/site\/wp-content\/gallery\/cascadeta\/CASCADETA-2025-CIAC-CARROS-SOUS-NOS-PAS-LES-RIVIERES-0.jpg\"\n                 style=\"max-height: 480px;\"\/>\n        <\/a>\n\n        <\/div> \n<div id=\"ngg-image-1\" class=\"ngg-gallery-slideshow-image\" style=\"height:500px\">\n\n        <a href=\"http:\/\/www.pringueycessac-charlotte.com\/site\/wp-content\/gallery\/cascadeta\/CASCADETA-2025-CIAC-CARROS-SOUS-NOS-PAS-LES-RIVIERES-02.jpg\"\n           title=\"\"\n           data-src=\"http:\/\/www.pringueycessac-charlotte.com\/site\/wp-content\/gallery\/cascadeta\/CASCADETA-2025-CIAC-CARROS-SOUS-NOS-PAS-LES-RIVIERES-02.jpg\"\n           data-thumbnail=\"http:\/\/www.pringueycessac-charlotte.com\/site\/wp-content\/gallery\/cascadeta\/thumbs\/thumbs_CASCADETA-2025-CIAC-CARROS-SOUS-NOS-PAS-LES-RIVIERES-02.jpg\"\n           data-image-id=\"203\"\n           data-title=\"CASCADETA-2025-CIAC-CARROS-SOUS-NOS-PAS-LES-RIVIERES-02\"\n           data-description=\"\"\n           class=\"ngg-simplelightbox\" rel=\"4e88c957192bed2f2afb3e4ea562478f\">\n\n            <img data-image-id='203'\n                 title=\"\"\n                 alt=\"CASCADETA-2025-CIAC-CARROS-SOUS-NOS-PAS-LES-RIVIERES-02\"\n                 src=\"http:\/\/www.pringueycessac-charlotte.com\/site\/wp-content\/gallery\/cascadeta\/CASCADETA-2025-CIAC-CARROS-SOUS-NOS-PAS-LES-RIVIERES-02.jpg\"\n                 style=\"max-height: 480px;\"\/>\n        <\/a>\n\n        <\/div> \n<div id=\"ngg-image-2\" class=\"ngg-gallery-slideshow-image\" style=\"height:500px\">\n\n        <a href=\"http:\/\/www.pringueycessac-charlotte.com\/site\/wp-content\/gallery\/cascadeta\/CASCADETA-2025-CIAC-CARROS-SOUS-NOS-PAS-LES-RIVIERES-011.jpg\"\n           title=\"\"\n           data-src=\"http:\/\/www.pringueycessac-charlotte.com\/site\/wp-content\/gallery\/cascadeta\/CASCADETA-2025-CIAC-CARROS-SOUS-NOS-PAS-LES-RIVIERES-011.jpg\"\n           data-thumbnail=\"http:\/\/www.pringueycessac-charlotte.com\/site\/wp-content\/gallery\/cascadeta\/thumbs\/thumbs_CASCADETA-2025-CIAC-CARROS-SOUS-NOS-PAS-LES-RIVIERES-011.jpg\"\n           data-image-id=\"204\"\n           data-title=\"CASCADETA-2025-CIAC-CARROS-SOUS-NOS-PAS-LES-RIVIERES-011\"\n           data-description=\"\"\n           class=\"ngg-simplelightbox\" rel=\"4e88c957192bed2f2afb3e4ea562478f\">\n\n            <img data-image-id='204'\n                 title=\"\"\n                 alt=\"CASCADETA-2025-CIAC-CARROS-SOUS-NOS-PAS-LES-RIVIERES-011\"\n                 src=\"http:\/\/www.pringueycessac-charlotte.com\/site\/wp-content\/gallery\/cascadeta\/CASCADETA-2025-CIAC-CARROS-SOUS-NOS-PAS-LES-RIVIERES-011.jpg\"\n                 style=\"max-height: 480px;\"\/>\n        <\/a>\n\n        <\/div> \n<div id=\"ngg-image-3\" class=\"ngg-gallery-slideshow-image\" style=\"height:500px\">\n\n        <a href=\"http:\/\/www.pringueycessac-charlotte.com\/site\/wp-content\/gallery\/cascadeta\/CASCADETA-2025-CIAC-CARROS-SOUS-NOS-PAS-LES-RIVIERES-04.jpg\"\n           title=\"\"\n           data-src=\"http:\/\/www.pringueycessac-charlotte.com\/site\/wp-content\/gallery\/cascadeta\/CASCADETA-2025-CIAC-CARROS-SOUS-NOS-PAS-LES-RIVIERES-04.jpg\"\n           data-thumbnail=\"http:\/\/www.pringueycessac-charlotte.com\/site\/wp-content\/gallery\/cascadeta\/thumbs\/thumbs_CASCADETA-2025-CIAC-CARROS-SOUS-NOS-PAS-LES-RIVIERES-04.jpg\"\n           data-image-id=\"205\"\n           data-title=\"CASCADETA-2025-CIAC-CARROS-SOUS-NOS-PAS-LES-RIVIERES-04\"\n           data-description=\"\"\n           class=\"ngg-simplelightbox\" rel=\"4e88c957192bed2f2afb3e4ea562478f\">\n\n            <img data-image-id='205'\n                 title=\"\"\n                 alt=\"CASCADETA-2025-CIAC-CARROS-SOUS-NOS-PAS-LES-RIVIERES-04\"\n                 src=\"http:\/\/www.pringueycessac-charlotte.com\/site\/wp-content\/gallery\/cascadeta\/CASCADETA-2025-CIAC-CARROS-SOUS-NOS-PAS-LES-RIVIERES-04.jpg\"\n                 style=\"max-height: 480px;\"\/>\n        <\/a>\n\n        <\/div> \n<div id=\"ngg-image-4\" class=\"ngg-gallery-slideshow-image\" style=\"height:500px\">\n\n        <a href=\"http:\/\/www.pringueycessac-charlotte.com\/site\/wp-content\/gallery\/cascadeta\/CASCADETA-2025-CIAC-CARROS-SOUS-NOS-PAS-LES-RIVIERES-05.jpg\"\n           title=\"\"\n           data-src=\"http:\/\/www.pringueycessac-charlotte.com\/site\/wp-content\/gallery\/cascadeta\/CASCADETA-2025-CIAC-CARROS-SOUS-NOS-PAS-LES-RIVIERES-05.jpg\"\n           data-thumbnail=\"http:\/\/www.pringueycessac-charlotte.com\/site\/wp-content\/gallery\/cascadeta\/thumbs\/thumbs_CASCADETA-2025-CIAC-CARROS-SOUS-NOS-PAS-LES-RIVIERES-05.jpg\"\n           data-image-id=\"206\"\n           data-title=\"CASCADETA-2025-CIAC-CARROS-SOUS-NOS-PAS-LES-RIVIERES-05\"\n           data-description=\"\"\n           class=\"ngg-simplelightbox\" rel=\"4e88c957192bed2f2afb3e4ea562478f\">\n\n            <img data-image-id='206'\n                 title=\"\"\n                 alt=\"CASCADETA-2025-CIAC-CARROS-SOUS-NOS-PAS-LES-RIVIERES-05\"\n                 src=\"http:\/\/www.pringueycessac-charlotte.com\/site\/wp-content\/gallery\/cascadeta\/CASCADETA-2025-CIAC-CARROS-SOUS-NOS-PAS-LES-RIVIERES-05.jpg\"\n                 style=\"max-height: 480px;\"\/>\n        <\/a>\n\n        <\/div> \n<\/div>\n\n\n\n\n\n\n\n<p>CASCADETA<br>2025<br>Dessin mural au charbon de bois, installation de mouchoirs en porcelaine \u00e9maill\u00e9e et techniques mixtes<br>350 x 600 cm<br>Exposition collective <em>Sous nos pas les rivi\u00e8res <\/em>au Ciac, Carros<br>Co-commissariat Eva Vautier, galeriste et Christine Enet, directrice du Ciac<\/p>\n\n\n\n<p>\u00ab\u00a0La mati\u00e8re est tel un corps que je fa\u00e7onne, une peau que je caresse et que j\u2019\u00e9prouve dans mes installations in situ. Ses caract\u00e9ristiques tant plastiques, esth\u00e9tiques que symboliques entrent en r\u00e9sonance avec l\u2019intention de rendre un r\u00e9cit m\u00e9moriel palpable, fragile, sensuel\u00a0: acte de r\u00e9sistance.\u00a0<br>L\u2019arr\u00eat sur image que donne \u00e0 voir un dessin, une sculpture, une installation, le fait de figer une image, un volume est de l\u2019ordre du fantasme de pr\u00e9server un souvenir comme un memento mori. Pour ne pas oublier.<br>Ma pratique, r\u00e9solument prot\u00e9iforme, se d\u00e9veloppe au fur et \u00e0 mesure de projets dont le sujet de la m\u00e9moire est au centre. En fonction de ces projets, collaboratifs ou non, je me dirige vers une ou plusieurs mati\u00e8res pour que fusionnent sujet et moyen.<br>Pour l\u2019exposition <em>Sous nos pas, les rivi\u00e8res<\/em>, je propose Cascadeta, une installation o\u00f9 drap\u00e9 et liquide sont ici r\u00e9unis par le feu. En porcelaine \u00e9maill\u00e9e, l\u2019installation \u00e9voque les paysages souterrains des grottes alentours de Saint C\u00e9saire au Lazaret.\u00a0\u00bb<\/p>\n\n\n\n<p>Charlotte Pringuey Cessac<\/p>\n","protected":false},"excerpt":{"rendered":"<p>Retour 2025 CASCADETA CASCADETA2025Dessin mural au charbon de bois, installation&#8230;<\/p>\n","protected":false},"author":1,"featured_media":0,"parent":837,"menu_order":0,"comment_status":"closed","ping_status":"closed","template":"","meta":{"ngg_post_thumbnail":0},"yoast_head":"<!-- This site is optimized with the Yoast SEO plugin v18.8 - https:\/\/yoast.com\/wordpress\/plugins\/seo\/ -->\n<title>2025 CASCADETA - Charlotte PRINGUEY CESSAC<\/title>\n<meta name=\"robots\" content=\"index, follow, max-snippet:-1, max-image-preview:large, max-video-preview:-1\" \/>\n<link rel=\"canonical\" href=\"http:\/\/www.pringueycessac-charlotte.com\/site\/dessin-mural\/2025-cascadeta\/\" \/>\n<meta property=\"og:locale\" content=\"fr_FR\" \/>\n<meta property=\"og:type\" content=\"article\" \/>\n<meta property=\"og:title\" content=\"2025 CASCADETA - Charlotte PRINGUEY CESSAC\" \/>\n<meta property=\"og:description\" content=\"Retour 2025 CASCADETA CASCADETA2025Dessin mural au charbon de bois, installation...\" \/>\n<meta property=\"og:url\" content=\"http:\/\/www.pringueycessac-charlotte.com\/site\/dessin-mural\/2025-cascadeta\/\" \/>\n<meta property=\"og:site_name\" content=\"Charlotte PRINGUEY CESSAC\" \/>\n<meta property=\"article:modified_time\" content=\"2025-03-14T21:00:42+00:00\" \/>\n<meta name=\"twitter:card\" content=\"summary_large_image\" \/>\n<meta name=\"twitter:label1\" content=\"Dur\u00e9e de lecture estim\u00e9e\" \/>\n\t<meta name=\"twitter:data1\" content=\"2 minutes\" \/>\n<script type=\"application\/ld+json\" class=\"yoast-schema-graph\">{\"@context\":\"https:\/\/schema.org\",\"@graph\":[{\"@type\":[\"Person\",\"Organization\"],\"@id\":\"http:\/\/www.pringueycessac-charlotte.com\/site\/#\/schema\/person\/80712bc6db2643df3376809312d54ef6\",\"name\":\"Charlotte Pringuey-Cessac\",\"image\":{\"@type\":\"ImageObject\",\"inLanguage\":\"fr-FR\",\"@id\":\"http:\/\/www.pringueycessac-charlotte.com\/site\/#\/schema\/person\/image\/\",\"url\":\"http:\/\/0.gravatar.com\/avatar\/f9425e6f5e44c33da515b06f92bf6ac3?s=96&d=mm&r=g\",\"contentUrl\":\"http:\/\/0.gravatar.com\/avatar\/f9425e6f5e44c33da515b06f92bf6ac3?s=96&d=mm&r=g\",\"caption\":\"Charlotte Pringuey-Cessac\"},\"logo\":{\"@id\":\"http:\/\/www.pringueycessac-charlotte.com\/site\/#\/schema\/person\/image\/\"}},{\"@type\":\"WebSite\",\"@id\":\"http:\/\/www.pringueycessac-charlotte.com\/site\/#website\",\"url\":\"http:\/\/www.pringueycessac-charlotte.com\/site\/\",\"name\":\"Charlotte PRINGUEY-CESSAC\",\"description\":\"\",\"publisher\":{\"@id\":\"http:\/\/www.pringueycessac-charlotte.com\/site\/#\/schema\/person\/80712bc6db2643df3376809312d54ef6\"},\"potentialAction\":[{\"@type\":\"SearchAction\",\"target\":{\"@type\":\"EntryPoint\",\"urlTemplate\":\"http:\/\/www.pringueycessac-charlotte.com\/site\/?s={search_term_string}\"},\"query-input\":\"required name=search_term_string\"}],\"inLanguage\":\"fr-FR\"},{\"@type\":\"WebPage\",\"@id\":\"http:\/\/www.pringueycessac-charlotte.com\/site\/dessin-mural\/2025-cascadeta\/#webpage\",\"url\":\"http:\/\/www.pringueycessac-charlotte.com\/site\/dessin-mural\/2025-cascadeta\/\",\"name\":\"2025 CASCADETA - Charlotte PRINGUEY CESSAC\",\"isPartOf\":{\"@id\":\"http:\/\/www.pringueycessac-charlotte.com\/site\/#website\"},\"datePublished\":\"2025-03-14T20:43:09+00:00\",\"dateModified\":\"2025-03-14T21:00:42+00:00\",\"breadcrumb\":{\"@id\":\"http:\/\/www.pringueycessac-charlotte.com\/site\/dessin-mural\/2025-cascadeta\/#breadcrumb\"},\"inLanguage\":\"fr-FR\",\"potentialAction\":[{\"@type\":\"ReadAction\",\"target\":[\"http:\/\/www.pringueycessac-charlotte.com\/site\/dessin-mural\/2025-cascadeta\/\"]}]},{\"@type\":\"BreadcrumbList\",\"@id\":\"http:\/\/www.pringueycessac-charlotte.com\/site\/dessin-mural\/2025-cascadeta\/#breadcrumb\",\"itemListElement\":[{\"@type\":\"ListItem\",\"position\":1,\"name\":\"Accueil\",\"item\":\"http:\/\/www.pringueycessac-charlotte.com\/site\/\"},{\"@type\":\"ListItem\",\"position\":2,\"name\":\"Dessin mural\",\"item\":\"http:\/\/www.pringueycessac-charlotte.com\/site\/dessin-mural\/\"},{\"@type\":\"ListItem\",\"position\":3,\"name\":\"2025 CASCADETA\"}]}]}<\/script>\n<!-- \/ Yoast SEO plugin. -->","yoast_head_json":{"title":"2025 CASCADETA - Charlotte PRINGUEY CESSAC","robots":{"index":"index","follow":"follow","max-snippet":"max-snippet:-1","max-image-preview":"max-image-preview:large","max-video-preview":"max-video-preview:-1"},"canonical":"http:\/\/www.pringueycessac-charlotte.com\/site\/dessin-mural\/2025-cascadeta\/","og_locale":"fr_FR","og_type":"article","og_title":"2025 CASCADETA - Charlotte PRINGUEY CESSAC","og_description":"Retour 2025 CASCADETA CASCADETA2025Dessin mural au charbon de bois, installation...","og_url":"http:\/\/www.pringueycessac-charlotte.com\/site\/dessin-mural\/2025-cascadeta\/","og_site_name":"Charlotte PRINGUEY CESSAC","article_modified_time":"2025-03-14T21:00:42+00:00","twitter_card":"summary_large_image","twitter_misc":{"Dur\u00e9e de lecture estim\u00e9e":"2 minutes"},"schema":{"@context":"https:\/\/schema.org","@graph":[{"@type":["Person","Organization"],"@id":"http:\/\/www.pringueycessac-charlotte.com\/site\/#\/schema\/person\/80712bc6db2643df3376809312d54ef6","name":"Charlotte Pringuey-Cessac","image":{"@type":"ImageObject","inLanguage":"fr-FR","@id":"http:\/\/www.pringueycessac-charlotte.com\/site\/#\/schema\/person\/image\/","url":"http:\/\/0.gravatar.com\/avatar\/f9425e6f5e44c33da515b06f92bf6ac3?s=96&d=mm&r=g","contentUrl":"http:\/\/0.gravatar.com\/avatar\/f9425e6f5e44c33da515b06f92bf6ac3?s=96&d=mm&r=g","caption":"Charlotte Pringuey-Cessac"},"logo":{"@id":"http:\/\/www.pringueycessac-charlotte.com\/site\/#\/schema\/person\/image\/"}},{"@type":"WebSite","@id":"http:\/\/www.pringueycessac-charlotte.com\/site\/#website","url":"http:\/\/www.pringueycessac-charlotte.com\/site\/","name":"Charlotte PRINGUEY-CESSAC","description":"","publisher":{"@id":"http:\/\/www.pringueycessac-charlotte.com\/site\/#\/schema\/person\/80712bc6db2643df3376809312d54ef6"},"potentialAction":[{"@type":"SearchAction","target":{"@type":"EntryPoint","urlTemplate":"http:\/\/www.pringueycessac-charlotte.com\/site\/?s={search_term_string}"},"query-input":"required name=search_term_string"}],"inLanguage":"fr-FR"},{"@type":"WebPage","@id":"http:\/\/www.pringueycessac-charlotte.com\/site\/dessin-mural\/2025-cascadeta\/#webpage","url":"http:\/\/www.pringueycessac-charlotte.com\/site\/dessin-mural\/2025-cascadeta\/","name":"2025 CASCADETA - Charlotte PRINGUEY CESSAC","isPartOf":{"@id":"http:\/\/www.pringueycessac-charlotte.com\/site\/#website"},"datePublished":"2025-03-14T20:43:09+00:00","dateModified":"2025-03-14T21:00:42+00:00","breadcrumb":{"@id":"http:\/\/www.pringueycessac-charlotte.com\/site\/dessin-mural\/2025-cascadeta\/#breadcrumb"},"inLanguage":"fr-FR","potentialAction":[{"@type":"ReadAction","target":["http:\/\/www.pringueycessac-charlotte.com\/site\/dessin-mural\/2025-cascadeta\/"]}]},{"@type":"BreadcrumbList","@id":"http:\/\/www.pringueycessac-charlotte.com\/site\/dessin-mural\/2025-cascadeta\/#breadcrumb","itemListElement":[{"@type":"ListItem","position":1,"name":"Accueil","item":"http:\/\/www.pringueycessac-charlotte.com\/site\/"},{"@type":"ListItem","position":2,"name":"Dessin mural","item":"http:\/\/www.pringueycessac-charlotte.com\/site\/dessin-mural\/"},{"@type":"ListItem","position":3,"name":"2025 CASCADETA"}]}]}},"_links":{"self":[{"href":"http:\/\/www.pringueycessac-charlotte.com\/site\/wp-json\/wp\/v2\/pages\/2982"}],"collection":[{"href":"http:\/\/www.pringueycessac-charlotte.com\/site\/wp-json\/wp\/v2\/pages"}],"about":[{"href":"http:\/\/www.pringueycessac-charlotte.com\/site\/wp-json\/wp\/v2\/types\/page"}],"author":[{"embeddable":true,"href":"http:\/\/www.pringueycessac-charlotte.com\/site\/wp-json\/wp\/v2\/users\/1"}],"replies":[{"embeddable":true,"href":"http:\/\/www.pringueycessac-charlotte.com\/site\/wp-json\/wp\/v2\/comments?post=2982"}],"version-history":[{"count":2,"href":"http:\/\/www.pringueycessac-charlotte.com\/site\/wp-json\/wp\/v2\/pages\/2982\/revisions"}],"predecessor-version":[{"id":2989,"href":"http:\/\/www.pringueycessac-charlotte.com\/site\/wp-json\/wp\/v2\/pages\/2982\/revisions\/2989"}],"up":[{"embeddable":true,"href":"http:\/\/www.pringueycessac-charlotte.com\/site\/wp-json\/wp\/v2\/pages\/837"}],"wp:attachment":[{"href":"http:\/\/www.pringueycessac-charlotte.com\/site\/wp-json\/wp\/v2\/media?parent=2982"}],"curies":[{"name":"wp","href":"https:\/\/api.w.org\/{rel}","templated":true}]}}